{"id":98,"date":"2015-09-23T14:18:29","date_gmt":"2015-09-23T12:18:29","guid":{"rendered":"http:\/\/129.143.231.234\/wp\/?page_id=98"},"modified":"2023-09-13T08:06:52","modified_gmt":"2023-09-13T06:06:52","slug":"schliessfaecher","status":"publish","type":"page","link":"https:\/\/aagy.de\/?page_id=98","title":{"rendered":"Schlie\u00dff\u00e4cher"},"content":{"rendered":"<div style=\"text-align:justify\">Um ein Schlie\u00dffach im Schulhaus zu mieten, muss die Firma AstraDirect direkt kontaktiert werden; ein Vertrag l\u00e4sst sich online abschlie\u00dfen unter: <a href=\"https:\/\/www.astradirect.de\">www.astradirect.de<\/a><\/div>\n","protected":false},"excerpt":{"rendered":"<p>Um ein Schlie\u00dffach im Schulhaus zu mieten, muss die Firma AstraDirect direkt kontaktiert werden; ein Vertrag l\u00e4sst sich online abschlie\u00dfen unter: www.astradirect.de<\/p>\n","protected":false},"author":1,"featured_media":0,"parent":0,"menu_order":0,"comment_status":"closed","ping_status":"closed","template":"","meta":{"_uag_custom_page_level_css":"","_EventAllDay":false,"_EventTimezone":"","_EventStartDate":"","_EventEndDate":"","_EventStartDateUTC":"","_EventEndDateUTC":"","_EventShowMap":false,"_EventShowMapLink":false,"_EventURL":"","_EventCost":"","_EventCostDescription":"","_EventCurrencySymbol":"","_EventCurrencyCode":"","_EventCurrencyPosition":"","_EventDateTimeSeparator":"","_EventTimeRangeSeparator":"","_EventOrganizerID":[],"_EventVenueID":[],"_OrganizerEmail":"","_OrganizerPhone":"","_OrganizerWebsite":"","_VenueAddress":"","_VenueCity":"","_VenueCountry":"","_VenueProvince":"","_VenueState":"","_VenueZip":"","_VenuePhone":"","_VenueURL":"","_VenueStateProvince":"","_VenueLat":"","_VenueLng":"","_VenueShowMap":false,"_VenueShowMapLink":false,"footnotes":""},"class_list":["post-98","page","type-page","status-publish","hentry"],"blocksy_meta":{"styles_descriptor":{"styles":{"desktop":"","tablet":"","mobile":""},"google_fonts":[],"version":6}},"uagb_featured_image_src":{"full":false,"thumbnail":false,"medium":false,"medium_large":false,"large":false,"1536x1536":false,"2048x2048":false},"uagb_author_info":{"display_name":"admin","author_link":"https:\/\/aagy.de\/?author=1"},"uagb_comment_info":0,"uagb_excerpt":"Um ein Schlie\u00dffach im Schulhaus zu mieten, muss die Firma AstraDirect direkt kontaktiert werden; ein Vertrag l\u00e4sst sich online abschlie\u00dfen unter: www.astradirect.de","jetpack_sharing_enabled":true,"_links":{"self":[{"href":"https:\/\/aagy.de\/index.php?rest_route=\/wp\/v2\/pages\/98","targetHints":{"allow":["GET"]}}],"collection":[{"href":"https:\/\/aagy.de\/index.php?rest_route=\/wp\/v2\/pages"}],"about":[{"href":"https:\/\/aagy.de\/index.php?rest_route=\/wp\/v2\/types\/page"}],"author":[{"embeddable":true,"href":"https:\/\/aagy.de\/index.php?rest_route=\/wp\/v2\/users\/1"}],"replies":[{"embeddable":true,"href":"https:\/\/aagy.de\/index.php?rest_route=%2Fwp%2Fv2%2Fcomments&post=98"}],"version-history":[{"count":4,"href":"https:\/\/aagy.de\/index.php?rest_route=\/wp\/v2\/pages\/98\/revisions"}],"predecessor-version":[{"id":7544,"href":"https:\/\/aagy.de\/index.php?rest_route=\/wp\/v2\/pages\/98\/revisions\/7544"}],"wp:attachment":[{"href":"https:\/\/aagy.de\/index.php?rest_route=%2Fwp%2Fv2%2Fmedia&parent=98"}],"curies":[{"name":"wp","href":"https:\/\/api.w.org\/{rel}","templated":true}]}}