{"id":9761,"date":"2026-04-10T14:57:30","date_gmt":"2026-04-10T12:57:30","guid":{"rendered":"https:\/\/aagy.de\/?page_id=9761"},"modified":"2026-04-10T14:57:32","modified_gmt":"2026-04-10T12:57:32","slug":"sportwoche","status":"publish","type":"page","link":"https:\/\/aagy.de\/?page_id=9761","title":{"rendered":"Sportwoche"},"content":{"rendered":"<p><center><a href=\"https:\/\/aagy.de\/wp-content\/uploads\/2026\/04\/20260305_094005_gekuerzt-scaled.jpg\"><img decoding=\"async\" src=\"https:\/\/aagy.de\/wp-content\/uploads\/2026\/04\/20260305_094005_gekuerzt-scaled.jpg\"><\/a><\/center><\/p>\n<div style=\"text-align:justify\">Unsere F\u00fcnftkl\u00e4ssler starten jedes Schuljahr mit einer besonderen gemeinsamen Erfahrung: der Sportwoche. Von Montag bis Freitag verbringen die Sch\u00fclerinnen und Sch\u00fcler eine abwechslungsreiche Zeit in der Sportschule in Albstadt. Ziel dieser Woche ist es vor allem, sich gegenseitig kennenzulernen, Vertrauen aufzubauen und die Klassengemeinschaft zu st\u00e4rken.<br \/>\nIm Mittelpunkt stehen vielf\u00e4ltige erlebnisp\u00e4dagogische Angebote, die Teamgeist und Selbstvertrauen f\u00f6rdern. Neben sportlichen Aktivit\u00e4ten in den Hallen geh\u00f6ren normalerweise auch Schwimmen, eine kurze Wanderung sowie ein gemeinsamer Ausflug zum Bouldern zum Programm. Die Sportwoche bietet damit einen gelungenen Einstieg in die weiterf\u00fchrende Schulzeit und schafft eine wichtige Grundlage f\u00fcr ein gutes Miteinander in der Klasse.\n<\/div>\n","protected":false},"excerpt":{"rendered":"<p>Unsere F\u00fcnftkl\u00e4ssler starten jedes Schuljahr mit einer besonderen gemeinsamen Erfahrung: der Sportwoche. Von Montag bis Freitag verbringen die Sch\u00fclerinnen und Sch\u00fcler eine abwechslungsreiche Zeit in der Sportschule in Albstadt. Ziel [&hellip;]<\/p>\n","protected":false},"author":468,"featured_media":0,"parent":0,"menu_order":0,"comment_status":"closed","ping_status":"closed","template":"","meta":{"_uag_custom_page_level_css":"","_EventAllDay":false,"_EventTimezone":"","_EventStartDate":"","_EventEndDate":"","_EventStartDateUTC":"","_EventEndDateUTC":"","_EventShowMap":false,"_EventShowMapLink":false,"_EventURL":"","_EventCost":"","_EventCostDescription":"","_EventCurrencySymbol":"","_EventCurrencyCode":"","_EventCurrencyPosition":"","_EventDateTimeSeparator":"","_EventTimeRangeSeparator":"","_EventOrganizerID":[],"_EventVenueID":[],"_OrganizerEmail":"","_OrganizerPhone":"","_OrganizerWebsite":"","_VenueAddress":"","_VenueCity":"","_VenueCountry":"","_VenueProvince":"","_VenueState":"","_VenueZip":"","_VenuePhone":"","_VenueURL":"","_VenueStateProvince":"","_VenueLat":"","_VenueLng":"","_VenueShowMap":false,"_VenueShowMapLink":false,"footnotes":""},"class_list":["post-9761","page","type-page","status-publish","hentry"],"blocksy_meta":[],"uagb_featured_image_src":{"full":false,"thumbnail":false,"medium":false,"medium_large":false,"large":false,"1536x1536":false,"2048x2048":false},"uagb_author_info":{"display_name":"Daniel Lengwenat","author_link":"https:\/\/aagy.de\/?author=468"},"uagb_comment_info":0,"uagb_excerpt":"Unsere F\u00fcnftkl\u00e4ssler starten jedes Schuljahr mit einer besonderen gemeinsamen Erfahrung: der Sportwoche. Von Montag bis Freitag verbringen die Sch\u00fclerinnen und Sch\u00fcler eine abwechslungsreiche Zeit in der Sportschule in Albstadt. Ziel [&hellip;]","jetpack_sharing_enabled":true,"_links":{"self":[{"href":"https:\/\/aagy.de\/index.php?rest_route=\/wp\/v2\/pages\/9761","targetHints":{"allow":["GET"]}}],"collection":[{"href":"https:\/\/aagy.de\/index.php?rest_route=\/wp\/v2\/pages"}],"about":[{"href":"https:\/\/aagy.de\/index.php?rest_route=\/wp\/v2\/types\/page"}],"author":[{"embeddable":true,"href":"https:\/\/aagy.de\/index.php?rest_route=\/wp\/v2\/users\/468"}],"replies":[{"embeddable":true,"href":"https:\/\/aagy.de\/index.php?rest_route=%2Fwp%2Fv2%2Fcomments&post=9761"}],"version-history":[{"count":2,"href":"https:\/\/aagy.de\/index.php?rest_route=\/wp\/v2\/pages\/9761\/revisions"}],"predecessor-version":[{"id":9763,"href":"https:\/\/aagy.de\/index.php?rest_route=\/wp\/v2\/pages\/9761\/revisions\/9763"}],"wp:attachment":[{"href":"https:\/\/aagy.de\/index.php?rest_route=%2Fwp%2Fv2%2Fmedia&parent=9761"}],"curies":[{"name":"wp","href":"https:\/\/api.w.org\/{rel}","templated":true}]}}