{"id":9480,"date":"2025-12-18T11:38:15","date_gmt":"2025-12-18T10:38:15","guid":{"rendered":"https:\/\/aagy.de\/?page_id=9480"},"modified":"2025-12-18T11:38:17","modified_gmt":"2025-12-18T10:38:17","slug":"vorlesewettbewerb","status":"publish","type":"page","link":"https:\/\/aagy.de\/?page_id=9480","title":{"rendered":"Vorlesewettbewerb"},"content":{"rendered":"<div style=\"text-align\">Jedes Schuljahr aufs Neue beweisen die Sechstkl\u00e4sslerinnen und Sechstkl\u00e4ssler ihre Lesekompetenz beim zun\u00e4chst schulinternen <em>Vorlesewettbewerb<\/em>. Unter den aufmerksamen Augen, oder besser Ohren, der Lehrkr\u00e4fte-Jury pr\u00e4sentieren die Sch\u00fclerinnen und Sch\u00fcler ihr K\u00f6nnen erst anhand einer Textstelle aus einem selbstgew\u00e4hlten Roman. Sp\u00e4ter gilt es dann, ein Fremdwerk m\u00f6glichst fehlerfrei vorzulesen. Wer sich im Klassenentscheid durchsetzt, kann es \u00fcber den Schulentscheid zum Vorlesewettbewerb auf Kreis-, sp\u00e4ter Landes- oder sogar Bundesebene schaffen!<br \/>\nDer Vorlesewettbewerb, der seit 1959 stattfindet und unter der Schirmherrschaft des Bundespr\u00e4sidenten steht, erreicht j\u00e4hrlich rund 600.000 Kinder der sechsten Klassen deutschlandweit. Schulen, Buchhandlungen und Bibliotheken arbeiten eng zusammen, um die Lesekultur zu f\u00f6rdern.\n<\/div>\n","protected":false},"excerpt":{"rendered":"<p>Jedes Schuljahr aufs Neue beweisen die Sechstkl\u00e4sslerinnen und Sechstkl\u00e4ssler ihre Lesekompetenz beim zun\u00e4chst schulinternen Vorlesewettbewerb. Unter den aufmerksamen Augen, oder besser Ohren, der Lehrkr\u00e4fte-Jury pr\u00e4sentieren die Sch\u00fclerinnen und Sch\u00fcler ihr [&hellip;]<\/p>\n","protected":false},"author":468,"featured_media":0,"parent":0,"menu_order":0,"comment_status":"closed","ping_status":"closed","template":"","meta":{"_uag_custom_page_level_css":"","_EventAllDay":false,"_EventTimezone":"","_EventStartDate":"","_EventEndDate":"","_EventStartDateUTC":"","_EventEndDateUTC":"","_EventShowMap":false,"_EventShowMapLink":false,"_EventURL":"","_EventCost":"","_EventCostDescription":"","_EventCurrencySymbol":"","_EventCurrencyCode":"","_EventCurrencyPosition":"","_EventDateTimeSeparator":"","_EventTimeRangeSeparator":"","_EventOrganizerID":[],"_EventVenueID":[],"_OrganizerEmail":"","_OrganizerPhone":"","_OrganizerWebsite":"","_VenueAddress":"","_VenueCity":"","_VenueCountry":"","_VenueProvince":"","_VenueState":"","_VenueZip":"","_VenuePhone":"","_VenueURL":"","_VenueStateProvince":"","_VenueLat":"","_VenueLng":"","_VenueShowMap":false,"_VenueShowMapLink":false,"footnotes":""},"class_list":["post-9480","page","type-page","status-publish","hentry"],"blocksy_meta":[],"uagb_featured_image_src":{"full":false,"thumbnail":false,"medium":false,"medium_large":false,"large":false,"1536x1536":false,"2048x2048":false},"uagb_author_info":{"display_name":"Daniel Lengwenat","author_link":"https:\/\/aagy.de\/?author=468"},"uagb_comment_info":0,"uagb_excerpt":"Jedes Schuljahr aufs Neue beweisen die Sechstkl\u00e4sslerinnen und Sechstkl\u00e4ssler ihre Lesekompetenz beim zun\u00e4chst schulinternen Vorlesewettbewerb. Unter den aufmerksamen Augen, oder besser Ohren, der Lehrkr\u00e4fte-Jury pr\u00e4sentieren die Sch\u00fclerinnen und Sch\u00fcler ihr [&hellip;]","jetpack_sharing_enabled":true,"_links":{"self":[{"href":"https:\/\/aagy.de\/index.php?rest_route=\/wp\/v2\/pages\/9480","targetHints":{"allow":["GET"]}}],"collection":[{"href":"https:\/\/aagy.de\/index.php?rest_route=\/wp\/v2\/pages"}],"about":[{"href":"https:\/\/aagy.de\/index.php?rest_route=\/wp\/v2\/types\/page"}],"author":[{"embeddable":true,"href":"https:\/\/aagy.de\/index.php?rest_route=\/wp\/v2\/users\/468"}],"replies":[{"embeddable":true,"href":"https:\/\/aagy.de\/index.php?rest_route=%2Fwp%2Fv2%2Fcomments&post=9480"}],"version-history":[{"count":1,"href":"https:\/\/aagy.de\/index.php?rest_route=\/wp\/v2\/pages\/9480\/revisions"}],"predecessor-version":[{"id":9482,"href":"https:\/\/aagy.de\/index.php?rest_route=\/wp\/v2\/pages\/9480\/revisions\/9482"}],"wp:attachment":[{"href":"https:\/\/aagy.de\/index.php?rest_route=%2Fwp%2Fv2%2Fmedia&parent=9480"}],"curies":[{"name":"wp","href":"https:\/\/api.w.org\/{rel}","templated":true}]}}