{"id":9469,"date":"2025-12-18T10:13:37","date_gmt":"2025-12-18T09:13:37","guid":{"rendered":"https:\/\/aagy.de\/?page_id=9469"},"modified":"2025-12-18T11:23:33","modified_gmt":"2025-12-18T10:23:33","slug":"geschichtsexkursionen","status":"publish","type":"page","link":"https:\/\/aagy.de\/?page_id=9469","title":{"rendered":"Geschichtsexkursionen"},"content":{"rendered":"<div style=\"text-align\"><em>Raus aus dem Klassenzimmer, hin zum historischen Lernort!<\/em> Getreu diesem Motto bietet die Fachschaft Geschichte \u00fcber viele Jahrgangsstufen hinweg Exkursionen zu verschiedenen historisch wertvollen und lehrreichen Orten an:<\/p>\n<li>Klasse 6: Keltenmuseum Hochdorf\n<li>Klasse 7: Kloster Maulbronn\n<li>Klasse 8: Haus der Geschichte in Suttgart \/ Technikmuseum Sinsheim\n<li>Klasse 9: KZ-Gedenkst\u00e4tte Dachau<br \/>\n&nbsp;<br \/>\nDas Exkursionskonzept wird laufend \u00fcberarbeitet und daraufhin \u00fcberpr\u00fcft, wie den Sch\u00fclerinnen und Sch\u00fclern die Inhalte des Schulbuches m\u00f6glichst lebendig und eindrucksvoll erlebbar gemacht werden k\u00f6nnen.<\/div>\n<p>Hier einige Eindr\u00fccke aus den letzten Jahren:<br \/>\n<center><a href=\"https:\/\/www.aagy.de\/wp-content\/uploads\/2022\/11\/Hochdorf.jpg\"><img decoding=\"async\" src=\"https:\/\/www.aagy.de\/wp-content\/uploads\/2022\/11\/Hochdorf.jpg\" style=\"width:40%\"><\/a><br \/>\n&nbsp;<br \/>\n<a href=\"https:\/\/www.aagy.de\/wp-content\/uploads\/2022\/11\/Maulbronn2.jpg\"><img decoding=\"async\" src=\"https:\/\/www.aagy.de\/wp-content\/uploads\/2022\/11\/Maulbronn2.jpg\" style=\"width:40%\"><\/a><br \/>\n&nbsp;<br \/>\n<a href=\"https:\/\/aagy.de\/wp-content\/uploads\/2025\/01\/20250130_124848.jpg\"><img decoding=\"async\" src=\"https:\/\/aagy.de\/wp-content\/uploads\/2025\/01\/20250130_124848.jpg\" style=\"width:40%\"><\/a><\/center><\/p>\n","protected":false},"excerpt":{"rendered":"<p>Raus aus dem Klassenzimmer, hin zum historischen Lernort! Getreu diesem Motto bietet die Fachschaft Geschichte \u00fcber viele Jahrgangsstufen hinweg Exkursionen zu verschiedenen historisch wertvollen und lehrreichen Orten an: Klasse 6: [&hellip;]<\/p>\n","protected":false},"author":468,"featured_media":0,"parent":0,"menu_order":0,"comment_status":"closed","ping_status":"closed","template":"","meta":{"_uag_custom_page_level_css":"","_EventAllDay":false,"_EventTimezone":"","_EventStartDate":"","_EventEndDate":"","_EventStartDateUTC":"","_EventEndDateUTC":"","_EventShowMap":false,"_EventShowMapLink":false,"_EventURL":"","_EventCost":"","_EventCostDescription":"","_EventCurrencySymbol":"","_EventCurrencyCode":"","_EventCurrencyPosition":"","_EventDateTimeSeparator":"","_EventTimeRangeSeparator":"","_EventOrganizerID":[],"_EventVenueID":[],"_OrganizerEmail":"","_OrganizerPhone":"","_OrganizerWebsite":"","_VenueAddress":"","_VenueCity":"","_VenueCountry":"","_VenueProvince":"","_VenueState":"","_VenueZip":"","_VenuePhone":"","_VenueURL":"","_VenueStateProvince":"","_VenueLat":"","_VenueLng":"","_VenueShowMap":false,"_VenueShowMapLink":false,"footnotes":""},"class_list":["post-9469","page","type-page","status-publish","hentry"],"blocksy_meta":[],"uagb_featured_image_src":{"full":false,"thumbnail":false,"medium":false,"medium_large":false,"large":false,"1536x1536":false,"2048x2048":false},"uagb_author_info":{"display_name":"Daniel Lengwenat","author_link":"https:\/\/aagy.de\/?author=468"},"uagb_comment_info":0,"uagb_excerpt":"Raus aus dem Klassenzimmer, hin zum historischen Lernort! Getreu diesem Motto bietet die Fachschaft Geschichte \u00fcber viele Jahrgangsstufen hinweg Exkursionen zu verschiedenen historisch wertvollen und lehrreichen Orten an: Klasse 6: [&hellip;]","jetpack_sharing_enabled":true,"_links":{"self":[{"href":"https:\/\/aagy.de\/index.php?rest_route=\/wp\/v2\/pages\/9469","targetHints":{"allow":["GET"]}}],"collection":[{"href":"https:\/\/aagy.de\/index.php?rest_route=\/wp\/v2\/pages"}],"about":[{"href":"https:\/\/aagy.de\/index.php?rest_route=\/wp\/v2\/types\/page"}],"author":[{"embeddable":true,"href":"https:\/\/aagy.de\/index.php?rest_route=\/wp\/v2\/users\/468"}],"replies":[{"embeddable":true,"href":"https:\/\/aagy.de\/index.php?rest_route=%2Fwp%2Fv2%2Fcomments&post=9469"}],"version-history":[{"count":5,"href":"https:\/\/aagy.de\/index.php?rest_route=\/wp\/v2\/pages\/9469\/revisions"}],"predecessor-version":[{"id":9479,"href":"https:\/\/aagy.de\/index.php?rest_route=\/wp\/v2\/pages\/9469\/revisions\/9479"}],"wp:attachment":[{"href":"https:\/\/aagy.de\/index.php?rest_route=%2Fwp%2Fv2%2Fmedia&parent=9469"}],"curies":[{"name":"wp","href":"https:\/\/api.w.org\/{rel}","templated":true}]}}