{"id":9464,"date":"2025-12-18T10:02:44","date_gmt":"2025-12-18T09:02:44","guid":{"rendered":"https:\/\/aagy.de\/?page_id=9464"},"modified":"2025-12-18T11:41:12","modified_gmt":"2025-12-18T10:41:12","slug":"experimenta","status":"publish","type":"page","link":"https:\/\/aagy.de\/?page_id=9464","title":{"rendered":"Exkursionen in die Experimenta"},"content":{"rendered":"<div style=\"text-align:justify\">Die Experimenta Heilbronn ist seit Jahren ein bew\u00e4hrter Bildungspartner des AAG. Zum einen sind die Ausstellungen immer eine tolle Gelegenheit, den Sch\u00fclerinnen und Sch\u00fclern ein Blick \u00fcber den schulischen Tellerrand hinaus zu erm\u00f6glichen. Dar\u00fcber hinaus k\u00f6nnen die Inhalte und Arbeitsweisen der Naturwissenschaften in sogenannten Laborkursen vertieft beziehungsweise einge\u00fcbt werden:<br \/>\nWie kann eine Infektionskette nachgewiesen werden (Immunbiologie)?<br \/>\nWie vielf\u00e4ltig sind eigentlich Salze (Chemie &#8211; Stoffe &#038; Produkte)?<br \/>\nWie programmiert und baut man einen Roboter (NwT)?<br \/>\nWie schirmt man am besten ein Raumschiff gegen die kosmische Strahlung ab oder was unterscheidet die Quantenphysik von der klassischen Physik (Physik)?<br \/>\nJe nach Jahrgangsstufe und Bildungsplaninhalten bieten sich also immer wieder tolle Exkursionen in den F\u00e4chern der Naturwissenschaften an. <\/div>\n","protected":false},"excerpt":{"rendered":"<p>Die Experimenta Heilbronn ist seit Jahren ein bew\u00e4hrter Bildungspartner des AAG. Zum einen sind die Ausstellungen immer eine tolle Gelegenheit, den Sch\u00fclerinnen und Sch\u00fclern ein Blick \u00fcber den schulischen Tellerrand [&hellip;]<\/p>\n","protected":false},"author":468,"featured_media":0,"parent":0,"menu_order":0,"comment_status":"closed","ping_status":"closed","template":"","meta":{"_uag_custom_page_level_css":"","_EventAllDay":false,"_EventTimezone":"","_EventStartDate":"","_EventEndDate":"","_EventStartDateUTC":"","_EventEndDateUTC":"","_EventShowMap":false,"_EventShowMapLink":false,"_EventURL":"","_EventCost":"","_EventCostDescription":"","_EventCurrencySymbol":"","_EventCurrencyCode":"","_EventCurrencyPosition":"","_EventDateTimeSeparator":"","_EventTimeRangeSeparator":"","_EventOrganizerID":[],"_EventVenueID":[],"_OrganizerEmail":"","_OrganizerPhone":"","_OrganizerWebsite":"","_VenueAddress":"","_VenueCity":"","_VenueCountry":"","_VenueProvince":"","_VenueState":"","_VenueZip":"","_VenuePhone":"","_VenueURL":"","_VenueStateProvince":"","_VenueLat":"","_VenueLng":"","_VenueShowMap":false,"_VenueShowMapLink":false,"footnotes":""},"class_list":["post-9464","page","type-page","status-publish","hentry"],"blocksy_meta":[],"uagb_featured_image_src":{"full":false,"thumbnail":false,"medium":false,"medium_large":false,"large":false,"1536x1536":false,"2048x2048":false},"uagb_author_info":{"display_name":"Daniel Lengwenat","author_link":"https:\/\/aagy.de\/?author=468"},"uagb_comment_info":0,"uagb_excerpt":"Die Experimenta Heilbronn ist seit Jahren ein bew\u00e4hrter Bildungspartner des AAG. Zum einen sind die Ausstellungen immer eine tolle Gelegenheit, den Sch\u00fclerinnen und Sch\u00fclern ein Blick \u00fcber den schulischen Tellerrand [&hellip;]","jetpack_sharing_enabled":true,"_links":{"self":[{"href":"https:\/\/aagy.de\/index.php?rest_route=\/wp\/v2\/pages\/9464","targetHints":{"allow":["GET"]}}],"collection":[{"href":"https:\/\/aagy.de\/index.php?rest_route=\/wp\/v2\/pages"}],"about":[{"href":"https:\/\/aagy.de\/index.php?rest_route=\/wp\/v2\/types\/page"}],"author":[{"embeddable":true,"href":"https:\/\/aagy.de\/index.php?rest_route=\/wp\/v2\/users\/468"}],"replies":[{"embeddable":true,"href":"https:\/\/aagy.de\/index.php?rest_route=%2Fwp%2Fv2%2Fcomments&post=9464"}],"version-history":[{"count":3,"href":"https:\/\/aagy.de\/index.php?rest_route=\/wp\/v2\/pages\/9464\/revisions"}],"predecessor-version":[{"id":9485,"href":"https:\/\/aagy.de\/index.php?rest_route=\/wp\/v2\/pages\/9464\/revisions\/9485"}],"wp:attachment":[{"href":"https:\/\/aagy.de\/index.php?rest_route=%2Fwp%2Fv2%2Fmedia&parent=9464"}],"curies":[{"name":"wp","href":"https:\/\/api.w.org\/{rel}","templated":true}]}}