{"id":9458,"date":"2025-12-18T09:45:33","date_gmt":"2025-12-18T08:45:33","guid":{"rendered":"https:\/\/aagy.de\/?page_id=9458"},"modified":"2026-01-12T10:15:55","modified_gmt":"2026-01-12T09:15:55","slug":"hoehlenexkursion-kl-6","status":"publish","type":"page","link":"https:\/\/aagy.de\/?page_id=9458","title":{"rendered":"H\u00f6hlenexkursion (Kl. 6)"},"content":{"rendered":"<div style=\"text-align:justify\">Dass es in der Schule auch um mehr als die Fachinhalte des Bildungsplan gehen kann, zeigt die H\u00f6hlenexkursion, auf die sich jedes Jahr alle sechsten Klassen des AAG begeben.<br \/>\nMit Reisebussen geht es nach Grabenstetten und nach einer kurzen Sicherheitseinweisung zum schmalen Eingang der Gustav-Jakob-H\u00f6hle. Hier gilt es, all seinen Mut zusammenzunehmen und sich ins k\u00fchle Dunkle der H\u00f6hle hineinzuwagen. Manche Passagen k\u00f6nnen nur auf allen Vieren &#8222;durchkrabbelt&#8220; werden, an anderer Stelle steht man pl\u00f6tzlich in einem hohen H\u00f6hlenraum. <\/p>\n<p>Jedes Jahr k\u00f6nnen die Begleitlehrkr\u00e4fte dabei beobachten, wie Sch\u00fclerinnen und Sch\u00fcler \u00fcber sich hinauswachsen, den eigenen Mut und ganz neue St\u00e4rken entdecken. Zudem st\u00e4rkt dieses Abenteuer die Klassengemeinschaft. Denn ohne eine funktionierende Kommunikation in der H\u00f6hle und gegenseitige Unterst\u00fctzung ist die H\u00f6hlendurchquerung kaum zu schaffen.<\/p>\n<p>Hier einige Impressionen:<br \/>\n<center><a href=\"https:\/\/aagy.de\/wp-content\/uploads\/2025\/09\/Wald1.jpg\"><img decoding=\"async\" src=\"https:\/\/aagy.de\/wp-content\/uploads\/2025\/09\/Wald1.jpg\"; style=\"width: 32%; margin: 5px 3px 3px 3px\"><\/a><a href=\"https:\/\/aagy.de\/wp-content\/uploads\/2025\/09\/Einstieg1.jpg\"><img decoding=\"async\" src=\"https:\/\/aagy.de\/wp-content\/uploads\/2025\/09\/Einstieg1.jpg\"; style=\"width: 32%; margin: 5px 3px 3px 3px\"><\/a><a href=\"https:\/\/aagy.de\/wp-content\/uploads\/2025\/09\/Hoehle1.jpg\"><img decoding=\"async\" src=\"https:\/\/aagy.de\/wp-content\/uploads\/2025\/09\/Hoehle1.jpg\"; style=\"width: 32%; margin: 5px 3px 3px 3px\"><\/a><a href=\"https:\/\/aagy.de\/wp-content\/uploads\/2025\/09\/Sammeln11.jpg\"><img decoding=\"async\" src=\"https:\/\/aagy.de\/wp-content\/uploads\/2025\/09\/Sammeln11.jpg\"; style=\"width: 32%; margin: 5px 3px 3px 0px\"><\/a><a href=\"https:\/\/aagy.de\/wp-content\/uploads\/2025\/09\/Hoehle-3.jpg\"><img decoding=\"async\" src=\"https:\/\/aagy.de\/wp-content\/uploads\/2025\/09\/Hoehle-3.jpg\"; style=\"width: 32%; margin: 5px 3px 3px 3px\"><\/a><a href=\"https:\/\/aagy.de\/wp-content\/uploads\/2025\/09\/Hoehle2.jpg\"><img decoding=\"async\" src=\"https:\/\/aagy.de\/wp-content\/uploads\/2025\/09\/Hoehle2.jpg\"; style=\"width: 32%; margin: 5px 0px 3px 3px\"><\/a><\/center><\/div>\n","protected":false},"excerpt":{"rendered":"<p>Dass es in der Schule auch um mehr als die Fachinhalte des Bildungsplan gehen kann, zeigt die H\u00f6hlenexkursion, auf die sich jedes Jahr alle sechsten Klassen des AAG begeben. Mit [&hellip;]<\/p>\n","protected":false},"author":468,"featured_media":0,"parent":0,"menu_order":0,"comment_status":"closed","ping_status":"closed","template":"","meta":{"_uag_custom_page_level_css":"","_EventAllDay":false,"_EventTimezone":"","_EventStartDate":"","_EventEndDate":"","_EventStartDateUTC":"","_EventEndDateUTC":"","_EventShowMap":false,"_EventShowMapLink":false,"_EventURL":"","_EventCost":"","_EventCostDescription":"","_EventCurrencySymbol":"","_EventCurrencyCode":"","_EventCurrencyPosition":"","_EventDateTimeSeparator":"","_EventTimeRangeSeparator":"","_EventOrganizerID":[],"_EventVenueID":[],"_OrganizerEmail":"","_OrganizerPhone":"","_OrganizerWebsite":"","_VenueAddress":"","_VenueCity":"","_VenueCountry":"","_VenueProvince":"","_VenueState":"","_VenueZip":"","_VenuePhone":"","_VenueURL":"","_VenueStateProvince":"","_VenueLat":"","_VenueLng":"","_VenueShowMap":false,"_VenueShowMapLink":false,"footnotes":""},"class_list":["post-9458","page","type-page","status-publish","hentry"],"blocksy_meta":[],"uagb_featured_image_src":{"full":false,"thumbnail":false,"medium":false,"medium_large":false,"large":false,"1536x1536":false,"2048x2048":false},"uagb_author_info":{"display_name":"Daniel Lengwenat","author_link":"https:\/\/aagy.de\/?author=468"},"uagb_comment_info":0,"uagb_excerpt":"Dass es in der Schule auch um mehr als die Fachinhalte des Bildungsplan gehen kann, zeigt die H\u00f6hlenexkursion, auf die sich jedes Jahr alle sechsten Klassen des AAG begeben. Mit [&hellip;]","jetpack_sharing_enabled":true,"_links":{"self":[{"href":"https:\/\/aagy.de\/index.php?rest_route=\/wp\/v2\/pages\/9458","targetHints":{"allow":["GET"]}}],"collection":[{"href":"https:\/\/aagy.de\/index.php?rest_route=\/wp\/v2\/pages"}],"about":[{"href":"https:\/\/aagy.de\/index.php?rest_route=\/wp\/v2\/types\/page"}],"author":[{"embeddable":true,"href":"https:\/\/aagy.de\/index.php?rest_route=\/wp\/v2\/users\/468"}],"replies":[{"embeddable":true,"href":"https:\/\/aagy.de\/index.php?rest_route=%2Fwp%2Fv2%2Fcomments&post=9458"}],"version-history":[{"count":4,"href":"https:\/\/aagy.de\/index.php?rest_route=\/wp\/v2\/pages\/9458\/revisions"}],"predecessor-version":[{"id":9534,"href":"https:\/\/aagy.de\/index.php?rest_route=\/wp\/v2\/pages\/9458\/revisions\/9534"}],"wp:attachment":[{"href":"https:\/\/aagy.de\/index.php?rest_route=%2Fwp%2Fv2%2Fmedia&parent=9458"}],"curies":[{"name":"wp","href":"https:\/\/api.w.org\/{rel}","templated":true}]}}