{"id":9453,"date":"2025-12-18T09:23:00","date_gmt":"2025-12-18T08:23:00","guid":{"rendered":"https:\/\/aagy.de\/?page_id=9453"},"modified":"2025-12-18T09:23:02","modified_gmt":"2025-12-18T08:23:02","slug":"exkursion-in-die-hohensteiner-institute-kl-9","status":"publish","type":"page","link":"https:\/\/aagy.de\/?page_id=9453","title":{"rendered":"Exkursion in die Hohensteiner Institute (Kl. 9)"},"content":{"rendered":"<div style=\"text-align:justify\">Seit einigen Jahren bietet die Physikfachschaft jedes Schuljahr eine Exkursion f\u00fcr interessierte Sch\u00fclerinnen und Sch\u00fcler in die Labore der Hohensteiner Institute an. Aufgeteilt in Kleingruppen werden sie dabei von den Laborleitern durch die verschiedenen Labore gef\u00fchrt und erleben dabei hautnah die Anwendung der Naturwissenschaften, wie sie in der Schule unterrichtet werden.<br \/>\nNeben den spannenden Einblicken in die Wissenschaft erm\u00f6glicht die Exkursion es den Sch\u00fclerinnen und Sch\u00fclern auch, die Hohensteiner Institute als Praktikumsstelle (BOGY) oder sogar sp\u00e4teren Ausbildungsbetrieb kennenzulernen und bietet damit einen wichtigen Beitrag zur Berufsorientierung.<\/p>\n<p>Hier einige Eindr\u00fccke:<br \/>\n<center><a href=\"https:\/\/aagy.de\/wp-content\/uploads\/2025\/03\/20250320_140531.jpg\"><img decoding=\"async\" src=\"https:\/\/aagy.de\/wp-content\/uploads\/2025\/03\/20250320_140531.jpg\" style=\"width:32%; margin:5px 2px 5px 0px\"><\/a><a href=\"https:\/\/aagy.de\/wp-content\/uploads\/2025\/03\/20250320_155538.jpg\"><img decoding=\"async\" src=\"https:\/\/aagy.de\/wp-content\/uploads\/2025\/03\/20250320_155538.jpg\" style=\"width:32%; margin:5px 2px 5px 2px\"><\/a><a href=\"https:\/\/aagy.de\/wp-content\/uploads\/2025\/03\/20250320_154637.jpg\"><img decoding=\"async\" src=\"https:\/\/aagy.de\/wp-content\/uploads\/2025\/03\/20250320_154637.jpg\" style=\"width:32%; margin:5px 0px 5px 2px\"><\/a><br \/>\n<a href=\"https:\/\/aagy.de\/wp-content\/uploads\/2025\/03\/20250320_150624.jpg\"><img decoding=\"async\" src=\"https:\/\/aagy.de\/wp-content\/uploads\/2025\/03\/20250320_150624.jpg\" style=\"width:32%; margin:5px 2px 5px 0px\"><\/a><a href=\"https:\/\/aagy.de\/wp-content\/uploads\/2025\/03\/20250320_151925.jpg\"><img decoding=\"async\" src=\"https:\/\/aagy.de\/wp-content\/uploads\/2025\/03\/20250320_151925.jpg\" style=\"width:32%; margin:5px 0px 5px 2px\"><\/a><br \/>\n<\/center>\n<\/div>\n","protected":false},"excerpt":{"rendered":"<p>Seit einigen Jahren bietet die Physikfachschaft jedes Schuljahr eine Exkursion f\u00fcr interessierte Sch\u00fclerinnen und Sch\u00fcler in die Labore der Hohensteiner Institute an. Aufgeteilt in Kleingruppen werden sie dabei von den [&hellip;]<\/p>\n","protected":false},"author":468,"featured_media":0,"parent":0,"menu_order":0,"comment_status":"closed","ping_status":"closed","template":"","meta":{"_uag_custom_page_level_css":"","_EventAllDay":false,"_EventTimezone":"","_EventStartDate":"","_EventEndDate":"","_EventStartDateUTC":"","_EventEndDateUTC":"","_EventShowMap":false,"_EventShowMapLink":false,"_EventURL":"","_EventCost":"","_EventCostDescription":"","_EventCurrencySymbol":"","_EventCurrencyCode":"","_EventCurrencyPosition":"","_EventDateTimeSeparator":"","_EventTimeRangeSeparator":"","_EventOrganizerID":[],"_EventVenueID":[],"_OrganizerEmail":"","_OrganizerPhone":"","_OrganizerWebsite":"","_VenueAddress":"","_VenueCity":"","_VenueCountry":"","_VenueProvince":"","_VenueState":"","_VenueZip":"","_VenuePhone":"","_VenueURL":"","_VenueStateProvince":"","_VenueLat":"","_VenueLng":"","_VenueShowMap":false,"_VenueShowMapLink":false,"footnotes":""},"class_list":["post-9453","page","type-page","status-publish","hentry"],"blocksy_meta":[],"uagb_featured_image_src":{"full":false,"thumbnail":false,"medium":false,"medium_large":false,"large":false,"1536x1536":false,"2048x2048":false},"uagb_author_info":{"display_name":"Daniel Lengwenat","author_link":"https:\/\/aagy.de\/?author=468"},"uagb_comment_info":0,"uagb_excerpt":"Seit einigen Jahren bietet die Physikfachschaft jedes Schuljahr eine Exkursion f\u00fcr interessierte Sch\u00fclerinnen und Sch\u00fcler in die Labore der Hohensteiner Institute an. Aufgeteilt in Kleingruppen werden sie dabei von den [&hellip;]","jetpack_sharing_enabled":true,"_links":{"self":[{"href":"https:\/\/aagy.de\/index.php?rest_route=\/wp\/v2\/pages\/9453","targetHints":{"allow":["GET"]}}],"collection":[{"href":"https:\/\/aagy.de\/index.php?rest_route=\/wp\/v2\/pages"}],"about":[{"href":"https:\/\/aagy.de\/index.php?rest_route=\/wp\/v2\/types\/page"}],"author":[{"embeddable":true,"href":"https:\/\/aagy.de\/index.php?rest_route=\/wp\/v2\/users\/468"}],"replies":[{"embeddable":true,"href":"https:\/\/aagy.de\/index.php?rest_route=%2Fwp%2Fv2%2Fcomments&post=9453"}],"version-history":[{"count":2,"href":"https:\/\/aagy.de\/index.php?rest_route=\/wp\/v2\/pages\/9453\/revisions"}],"predecessor-version":[{"id":9455,"href":"https:\/\/aagy.de\/index.php?rest_route=\/wp\/v2\/pages\/9453\/revisions\/9455"}],"wp:attachment":[{"href":"https:\/\/aagy.de\/index.php?rest_route=%2Fwp%2Fv2%2Fmedia&parent=9453"}],"curies":[{"name":"wp","href":"https:\/\/api.w.org\/{rel}","templated":true}]}}