{"id":9291,"date":"2025-10-21T14:41:43","date_gmt":"2025-10-21T12:41:43","guid":{"rendered":"https:\/\/aagy.de\/?page_id=9291"},"modified":"2025-10-21T15:08:20","modified_gmt":"2025-10-21T13:08:20","slug":"pkc-freudental","status":"publish","type":"page","link":"https:\/\/aagy.de\/?page_id=9291","title":{"rendered":"PKC Freudental"},"content":{"rendered":"<div style=\"text-align:justify\"><strong>Zusammenarbeit mit dem PKC (P\u00e4dagogisch kulturelles Zentrum ehemalige Synagoge Freudental) \u2013 11. Februar 2025<\/strong><br \/>\n&nbsp;<br \/>\nAm 11. Februar 2025 unterzeichneten der Leiter des PKC Michael Volz und der Schulleiter des AAG Achim Salomon die Partnerschaftsurkunde zwischen dem PKC und dem Alfred-Amann Gymnasium.<br \/>\nDort hei\u00dft es \u201eUnsere Gedenkst\u00e4tte bietet den Lehrkr\u00e4ften Angebote rund um die Themenbereiche  \u201eLernen aus der Geschichte\u201c, \u201eBildung gegen Antisemitismus\u201c sowie \u201ej\u00fcdisches Leben gestern und heute\u201c, die am authentischen Ort in Freudental vermittelt werden. So lernen die Sch\u00fclerinnen und Sch\u00fcler, dass der NS-Terror nicht nur weit entfernt, sondern auch in ihrer unmittelbaren Nachbarschaft stattfand. Exkursionen ins PKC und Lerntage, Seminarkurse oder individuelle Hausarbeiten f\u00f6rdern das Verst\u00e4ndnis f\u00fcr die besondere Geschichte der Region. Das Ziel unserer Kooperation ist die kontinuierliche Vernetzung, auch durch Besuche mit den Israel-Austauschgruppen oder durch Projekte mit interessanten Gestaltungsaufgaben, um die ehemalige Synagoge mit Leben zu f\u00fcllen und junge Leute nachhaltig f\u00fcr Geschichte und Kultur zu interessieren.\u201c<br \/>\n&nbsp;<br \/>\n<center><a href=\"https:\/\/aagy.de\/wp-content\/uploads\/2025\/10\/IMG_20250211_160837165-scaled.jpg\"><img decoding=\"async\" src=\"https:\/\/aagy.de\/wp-content\/uploads\/2025\/10\/IMG_20250211_160837165-scaled.jpg\" style=\"width:33%; margin: 5px 0px 5px 0px\"><\/a><\/center><br \/>\nIn seiner Rede hob Achim Salomon die bedeutungsvolle Bildungspartnerschaft mit dem PKC hervor. \u201eDiese Partnerschaft ist weit mehr als eine formale Zusammenarbeit \u2013 sie ist eine lebendige Br\u00fccke zwischen Vergangenheit und Zukunft, zwischen Lernen und Erleben. Die ehemalige Synagoge in Freudental steht als symboltr\u00e4chtiger Ort f\u00fcr Erinnerung und Mahnung. Sie erinnert uns an die Geschichte unserer Region und die Verantwortung, die wir tragen, um Toleranz, Respekt und Verst\u00e4ndnis zu f\u00f6rdern.<br \/>\nDurch die Kooperation mit dem P\u00e4dagogischen Zentrum haben unsere Sch\u00fclerinnen und Sch\u00fcler die einzigartige M\u00f6glichkeit, Bildung in einem interdisziplin\u00e4ren Kontext zu erfahren. Sie lernen nicht nur historische Fakten, sondern entwickeln ein tiefes Verst\u00e4ndnis f\u00fcr die kulturellen und gesellschaftlichen Zusammenh\u00e4nge, die unsere Gegenwart pr\u00e4gen. Solche Erfahrungen sind von unsch\u00e4tzbarem Wert und tragen ma\u00dfgeblich zur Pers\u00f6nlichkeitsentwicklung unserer jungen Menschen bei.\u201c\n<\/div>\n","protected":false},"excerpt":{"rendered":"<p>Zusammenarbeit mit dem PKC (P\u00e4dagogisch kulturelles Zentrum ehemalige Synagoge Freudental) \u2013 11. Februar 2025 &nbsp; Am 11. Februar 2025 unterzeichneten der Leiter des PKC Michael Volz und der Schulleiter des [&hellip;]<\/p>\n","protected":false},"author":468,"featured_media":0,"parent":0,"menu_order":0,"comment_status":"closed","ping_status":"closed","template":"","meta":{"_uag_custom_page_level_css":"","_EventAllDay":false,"_EventTimezone":"","_EventStartDate":"","_EventEndDate":"","_EventStartDateUTC":"","_EventEndDateUTC":"","_EventShowMap":false,"_EventShowMapLink":false,"_EventURL":"","_EventCost":"","_EventCostDescription":"","_EventCurrencySymbol":"","_EventCurrencyCode":"","_EventCurrencyPosition":"","_EventDateTimeSeparator":"","_EventTimeRangeSeparator":"","_EventOrganizerID":[],"_EventVenueID":[],"_OrganizerEmail":"","_OrganizerPhone":"","_OrganizerWebsite":"","_VenueAddress":"","_VenueCity":"","_VenueCountry":"","_VenueProvince":"","_VenueState":"","_VenueZip":"","_VenuePhone":"","_VenueURL":"","_VenueStateProvince":"","_VenueLat":"","_VenueLng":"","_VenueShowMap":false,"_VenueShowMapLink":false,"footnotes":""},"class_list":["post-9291","page","type-page","status-publish","hentry"],"blocksy_meta":[],"uagb_featured_image_src":{"full":false,"thumbnail":false,"medium":false,"medium_large":false,"large":false,"1536x1536":false,"2048x2048":false},"uagb_author_info":{"display_name":"Daniel Lengwenat","author_link":"https:\/\/aagy.de\/?author=468"},"uagb_comment_info":0,"uagb_excerpt":"Zusammenarbeit mit dem PKC (P\u00e4dagogisch kulturelles Zentrum ehemalige Synagoge Freudental) \u2013 11. Februar 2025 &nbsp; Am 11. Februar 2025 unterzeichneten der Leiter des PKC Michael Volz und der Schulleiter des [&hellip;]","jetpack_sharing_enabled":true,"_links":{"self":[{"href":"https:\/\/aagy.de\/index.php?rest_route=\/wp\/v2\/pages\/9291","targetHints":{"allow":["GET"]}}],"collection":[{"href":"https:\/\/aagy.de\/index.php?rest_route=\/wp\/v2\/pages"}],"about":[{"href":"https:\/\/aagy.de\/index.php?rest_route=\/wp\/v2\/types\/page"}],"author":[{"embeddable":true,"href":"https:\/\/aagy.de\/index.php?rest_route=\/wp\/v2\/users\/468"}],"replies":[{"embeddable":true,"href":"https:\/\/aagy.de\/index.php?rest_route=%2Fwp%2Fv2%2Fcomments&post=9291"}],"version-history":[{"count":4,"href":"https:\/\/aagy.de\/index.php?rest_route=\/wp\/v2\/pages\/9291\/revisions"}],"predecessor-version":[{"id":9299,"href":"https:\/\/aagy.de\/index.php?rest_route=\/wp\/v2\/pages\/9291\/revisions\/9299"}],"wp:attachment":[{"href":"https:\/\/aagy.de\/index.php?rest_route=%2Fwp%2Fv2%2Fmedia&parent=9291"}],"curies":[{"name":"wp","href":"https:\/\/api.w.org\/{rel}","templated":true}]}}