{"id":9229,"date":"2025-10-15T10:23:13","date_gmt":"2025-10-15T08:23:13","guid":{"rendered":"https:\/\/aagy.de\/?page_id=9229"},"modified":"2025-11-03T15:45:34","modified_gmt":"2025-11-03T14:45:34","slug":"lernen-lernen","status":"publish","type":"page","link":"https:\/\/aagy.de\/?page_id=9229","title":{"rendered":"Lernen Lernen"},"content":{"rendered":"<div style=\"text-align: justify;\">Liebe Eltern,<\/div>\n<div style=\"text-align: justify;\">diese Tipps k\u00f6nnen eine kleine Anregung f\u00fcr Sie sein, was Sie gemeinsam mit Ihrem Kind zu Hause f\u00fcr den Lernerfolg Ihres Kindes tun k\u00f6nnen:<\/div>\n<div><center>\n<table style=\"border-collapse: collapse; width: 53.7217%; height: 222px;\">\n<tbody>\n<tr style=\"height: 24px;\">\n<td style=\"width: 53.7217%; height: 24px; text-align: left;\" colspan=\"2\"><strong>Was Eltern zu Hause tun k\u00f6nnen:<\/strong><\/td>\n<\/tr>\n<tr style=\"height: 198px;\">\n<td style=\"width: 26.6343%; height: 198px; text-align: left;\">\n<ul>\n<li>dem Kind mehr zutrauen<\/li>\n<li>Mut zum Probieren machen<\/li>\n<li>klare &#8222;Regeln&#8220; vereinbaren<\/li>\n<li>guten Arbeitsplatz bieten<\/li>\n<li>realistische Ziele formulieren<\/li>\n<li>Vorbild sein<\/li>\n<\/ul>\n<\/td>\n<td style=\"width: 27.0874%; height: 198px; text-align: left;\">\n<ul>\n<li>zum Erz\u00e4hlen einladen<\/li>\n<li>anregende B\u00fccher kaufen<\/li>\n<li>\u00fcber das Lernen reden<\/li>\n<li>positiv \u00fcber Schule reden \ud83d\ude42<\/li>\n<li>loben und best\u00e4rken<\/li>\n<\/ul>\n<\/td>\n<\/tr>\n<\/tbody>\n<\/table><\/center>\n<\/div>\n<div style=\"text-align: justify;\">\n<p><strong>Au\u00dferdem:<\/strong><\/p>\n<ol>\n<li style=\"list-style-type: none;\">\n<ol>\n<li>Den Schulranzen auf Vollst\u00e4ndigkeit kontrollieren \u2013 eine durchg\u00e4ngig selbst\u00e4ndige Organisation ist in der 5. Klasse h\u00e4ufig noch schwierig!<\/li>\n<li>Einen festen Arbeitsplatz zum Lernen vereinbaren.<\/li>\n<li>Ein Ordnungssystem f\u00fcr Hefte \/ B\u00fccher etc. am Arbeitsplatz installieren (z. B. Ablagef\u00e4cher \/ Sortieren nach Farben \/ Schulplaner mit Heft- und Buchanzahl\u2026.).<\/li>\n<li>Das Hausaufgaben-Heft und die Hausaufgaben regelm\u00e4\u00dfig \u201ekontrollieren\u201c.<\/li>\n<li>Immer wieder einen Blick in die Hefte (Heftf\u00fchrung, Schriftbild) wagen.<\/li>\n<li>Konzentration f\u00f6rdern \u2013 feste Lernzeiten (Hausaufgaben und Lernen!) zur Gewohnheit machen (jeden Tag) (ohne Handy oder andere Ablenkung!).<\/li>\n<li>Hilfe bei den Hausaufgaben, ohne sie selbst zu erledigen. Selbst\u00e4ndiges Arbeiten fordern, sich ggf. noch einmal erkl\u00e4ren lassen, was ihr Kind vom Arbeitsauftrag bereits verstanden, was es noch nicht verstanden hat.<\/li>\n<li>Lesen \u00fcben und \u00fcber die gelesenen Texte (Themen, Figuren, Fragen\u2026) ins Gespr\u00e4ch kommen.\n<ul style=\"list-style-type: square;\">\n<li>Methode 1: 10 Minuten liest Ihr Kind, bei Fehlern z\u00e4hlen sie f\u00fcnf Sekunden zur Fehlerkorrektur leise mit, wenn der Fehler bis dahin vom Kind nicht erkannt wurde, korrigieren Sie und Ihr Kind muss 1 Minuten mehr lesen, anschlie\u00dfend lesen Sie f\u00fcr eine bestimmte Zeit \u201eals Belohnung\u201c vor.<\/li>\n<li>Methode 2: Lassen Sie Ihr Kind einen Text mehrmals (mit Pausen) laut lesen. Das verschafft Sicherheit und bringt \u00dcbung in bereits gelesene Worte. (Achtung: Auswendiges Lesen vermeiden!)<\/li>\n<li>Suchen Sie Texte \/ B\u00fccher \/ Hefte, die Ihr Kind interessieren\u2026<\/li>\n<\/ul>\n<\/li>\n<li>Schreiben \u00fcben:\n<ul style=\"list-style-type: square;\">\n<li>Diktieren Sie Ihrem Kind immer wieder einen kurzen Text aus einem Kinderbuch o. \u00e4. Anschlie\u00dfend m\u00fcssen die Fehler vom Kind verbessert werden (z. B. Regeln f\u00fcr das jew. Wort recherchieren).<\/li>\n<li>Lassen Sie Ihr Kind ein \u201eLerntagebuch\u201c f\u00fchren, in welchem es ca. zwei bis drei Mal die Woche in einem kurzen Eintrag \u00fcber die heutigen Unterrichtsstunden bzw. \u2013Themen nachdenkt. Lassen Sie auch diesen Text verbessern.<\/li>\n<\/ul>\n<\/li>\n<li>Vokabeln abfragen \/ W\u00f6rter lernen \/ Inhalte abfragen insg.<\/li>\n<\/ol>\n<\/li>\n<\/ol>\n<\/div>\n<hr \/>\n<p>Zur Orientierung finden Sie unten zus\u00e4tzlich einige konkrete Lernstrategien und weiterf\u00fchrende Informationen, mit denen das Lernen strukturiert und m\u00f6glichst erfolgreich gelingen kann:<\/p>\n<div style=\"text-align: justify;\">\n<ul>\n<li><span style=\"color: #333399;\"><a style=\"color: #333399;\" href=\"https:\/\/aagy.de\/wp-content\/uploads\/2025\/10\/Sechs-Strategien-fuer-effektives-Lernen_Ueberblick.pdf\">Lerne Lernen mit: Sechs Strategien f\u00fcr effektives Lernen<\/a><\/span><\/li>\n<li><span style=\"color: #333399;\"><a style=\"color: #333399;\" href=\"https:\/\/aagy.de\/wp-content\/uploads\/2025\/10\/Sechs-Strategien-fuer-effektives-Lernen_Ueberblick.pdf\">Lerne Lernen mit: <\/a><a style=\"color: #333399;\" href=\"https:\/\/aagy.de\/wp-content\/uploads\/2025\/10\/1-Verteiltes-Lernen.pdf\">Verteiltes Lernen<\/a><\/span><\/li>\n<li><span style=\"color: #333399;\"><a style=\"color: #333399;\" href=\"https:\/\/aagy.de\/wp-content\/uploads\/2025\/10\/Sechs-Strategien-fuer-effektives-Lernen_Ueberblick.pdf\">Lerne Lernen mit: <\/a><a style=\"color: #333399;\" href=\"https:\/\/aagy.de\/wp-content\/uploads\/2025\/10\/2-Lerntests.pdf\">Lerntests<\/a><\/span><\/li>\n<li><span style=\"color: #333399;\"><a style=\"color: #333399;\" href=\"https:\/\/aagy.de\/wp-content\/uploads\/2025\/10\/Sechs-Strategien-fuer-effektives-Lernen_Ueberblick.pdf\">Lerne Lernen mit: <\/a><a style=\"color: #333399;\" href=\"https:\/\/aagy.de\/wp-content\/uploads\/2025\/10\/3-Vertiefung.pdf\">Vertiefung<\/a><\/span><\/li>\n<li><span style=\"color: #333399;\"><a style=\"color: #333399;\" href=\"https:\/\/aagy.de\/wp-content\/uploads\/2025\/10\/Sechs-Strategien-fuer-effektives-Lernen_Ueberblick.pdf\">Lerne Lernen mit: <\/a><a style=\"color: #333399;\" href=\"https:\/\/aagy.de\/wp-content\/uploads\/2025\/10\/4-Verschachteltes-Lernen.pdf\">Verschachteltes Lernen<\/a><\/span><\/li>\n<li><span style=\"color: #333399;\"><a style=\"color: #333399;\" href=\"https:\/\/aagy.de\/wp-content\/uploads\/2025\/10\/Sechs-Strategien-fuer-effektives-Lernen_Ueberblick.pdf\">Lerne Lernen mit: <\/a><a style=\"color: #333399;\" href=\"https:\/\/aagy.de\/wp-content\/uploads\/2025\/10\/5-Konkrete-Beispiele.pdf\">Konkreten Beispiele<\/a><\/span><\/li>\n<li><span style=\"color: #333399;\"><a style=\"color: #333399;\" href=\"https:\/\/aagy.de\/wp-content\/uploads\/2025\/10\/Sechs-Strategien-fuer-effektives-Lernen_Ueberblick.pdf\">Lerne Lernen mit: <\/a><a style=\"color: #333399;\" href=\"https:\/\/aagy.de\/wp-content\/uploads\/2025\/10\/6-Duale-Codierung.pdf\">Duale Codierung<\/a><\/span><\/li>\n<\/ul>\n<ul>\n<li><span style=\"color: #333399;\"><a style=\"color: #333399;\" href=\"https:\/\/aagy.de\/wp-content\/uploads\/2025\/10\/Lernen-sichtbar-machen_Zusammenfassung.pdf\" target=\"_blank\" rel=\"noopener\">Pr\u00e4sentation: Lernen sichtbar machen\u00a0<\/a><\/span><\/li>\n<li><span style=\"color: #333399;\"><a style=\"color: #333399;\" href=\"https:\/\/aagy.de\/wp-content\/uploads\/2025\/10\/Was-koennen-Sie-zu-Hause-noch-tun.pdf\" target=\"_blank\" rel=\"noopener\">Was Sie zu Hause noch tun k\u00f6nnen<\/a><\/span><\/li>\n<\/ul>\n<\/div>\n\n\n\n","protected":false},"excerpt":{"rendered":"<p>Liebe Eltern, diese Tipps k\u00f6nnen eine kleine Anregung f\u00fcr Sie sein, was Sie gemeinsam mit Ihrem Kind zu Hause f\u00fcr den Lernerfolg Ihres Kindes tun k\u00f6nnen: Was Eltern zu Hause [&hellip;]<\/p>\n","protected":false},"author":4,"featured_media":0,"parent":0,"menu_order":0,"comment_status":"closed","ping_status":"closed","template":"","meta":{"_uag_custom_page_level_css":"","_EventAllDay":false,"_EventTimezone":"","_EventStartDate":"","_EventEndDate":"","_EventStartDateUTC":"","_EventEndDateUTC":"","_EventShowMap":false,"_EventShowMapLink":false,"_EventURL":"","_EventCost":"","_EventCostDescription":"","_EventCurrencySymbol":"","_EventCurrencyCode":"","_EventCurrencyPosition":"","_EventDateTimeSeparator":"","_EventTimeRangeSeparator":"","_EventOrganizerID":[],"_EventVenueID":[],"_OrganizerEmail":"","_OrganizerPhone":"","_OrganizerWebsite":"","_VenueAddress":"","_VenueCity":"","_VenueCountry":"","_VenueProvince":"","_VenueState":"","_VenueZip":"","_VenuePhone":"","_VenueURL":"","_VenueStateProvince":"","_VenueLat":"","_VenueLng":"","_VenueShowMap":false,"_VenueShowMapLink":false,"footnotes":""},"class_list":["post-9229","page","type-page","status-publish","hentry"],"blocksy_meta":[],"uagb_featured_image_src":{"full":false,"thumbnail":false,"medium":false,"medium_large":false,"large":false,"1536x1536":false,"2048x2048":false},"uagb_author_info":{"display_name":"Ko","author_link":"https:\/\/aagy.de\/?author=4"},"uagb_comment_info":0,"uagb_excerpt":"Liebe Eltern, diese Tipps k\u00f6nnen eine kleine Anregung f\u00fcr Sie sein, was Sie gemeinsam mit Ihrem Kind zu Hause f\u00fcr den Lernerfolg Ihres Kindes tun k\u00f6nnen: Was Eltern zu Hause [&hellip;]","jetpack_sharing_enabled":true,"_links":{"self":[{"href":"https:\/\/aagy.de\/index.php?rest_route=\/wp\/v2\/pages\/9229","targetHints":{"allow":["GET"]}}],"collection":[{"href":"https:\/\/aagy.de\/index.php?rest_route=\/wp\/v2\/pages"}],"about":[{"href":"https:\/\/aagy.de\/index.php?rest_route=\/wp\/v2\/types\/page"}],"author":[{"embeddable":true,"href":"https:\/\/aagy.de\/index.php?rest_route=\/wp\/v2\/users\/4"}],"replies":[{"embeddable":true,"href":"https:\/\/aagy.de\/index.php?rest_route=%2Fwp%2Fv2%2Fcomments&post=9229"}],"version-history":[{"count":15,"href":"https:\/\/aagy.de\/index.php?rest_route=\/wp\/v2\/pages\/9229\/revisions"}],"predecessor-version":[{"id":9396,"href":"https:\/\/aagy.de\/index.php?rest_route=\/wp\/v2\/pages\/9229\/revisions\/9396"}],"wp:attachment":[{"href":"https:\/\/aagy.de\/index.php?rest_route=%2Fwp%2Fv2%2Fmedia&parent=9229"}],"curies":[{"name":"wp","href":"https:\/\/api.w.org\/{rel}","templated":true}]}}