{"id":8355,"date":"2024-11-21T10:43:26","date_gmt":"2024-11-21T09:43:26","guid":{"rendered":"https:\/\/www.aagy.de\/?page_id=8355"},"modified":"2024-11-21T11:02:22","modified_gmt":"2024-11-21T10:02:22","slug":"hausaufgabenbetreuung","status":"publish","type":"page","link":"https:\/\/aagy.de\/?page_id=8355","title":{"rendered":"Hausaufgabenbetreuung"},"content":{"rendered":"<div style=\"text-align:justify\">\nSehr geehrte Eltern, liebe Sch\u00fclerinnen und Sch\u00fcler,<br \/>\n&nbsp;<br \/>\nim Rahmen des Projekts \u201eSch\u00fcler helfen Sch\u00fclern\u201c findet ab sofort eine Hausaufgabenbetreuung am AAG statt. Unsere Mentorinnen und Mentoren beaufsichtigen und unterst\u00fctzen <b>montags, dienstags und mittwochs in der 7. Stunde (12:55-13:40 Uhr) in Raum 415<\/b> Sch\u00fclerinnen und Sch\u00fcler bei der Erledigung der Hausaufgaben.<\/p>\n<p>Die <b>Anmeldung<\/b> f\u00fcr die Hausaufgabenbetreuung findet sich auf <b>Teams<\/b> im Team Schulgemeinschaft. Hier k\u00f6nnen sich Sch\u00fclerinnen und Sch\u00fcler f\u00fcr den jeweiligen Termin anmelden. Bitte pr\u00fcfen Sie ggf., ob der Kanal Hausaufgabenbetreuung eingeblendet wird. Die Anmeldung sollte dabei idealerweise eine Woche im Voraus und regelm\u00e4\u00dfig stattfinden, kann aber auch bis 18 Uhr am Vortag vorgenommen werden. Die Teilnahme an der Hausaufgabenbetreuung ist kostenfrei.<\/p>\n<p>Die Hausaufgabenbetreuung stellt dabei <b>keinesfalls eine Nachhilfe<\/b> dar. Sollten Sie Interesse an individueller Nachhilfe haben oder Fragen zum <a href=\"https:\/\/www.aagy.de\/?page_id=5420\">Projekt \u201eSch\u00fcler helfen Sch\u00fclern\u201c<\/a> haben, k\u00f6nnen Sie sich gerne bei Jan Kugel (<a href=\"mailto:jan.kugel@aagy.de\">Jan.Kugel@aagy.de<\/a>) oder bei unserem Organisationsteam (<a href=\"mailto:shs@aagy.de\">shs@aagy.de<\/a>) melden.\n<\/div>\n<p>&nbsp;<\/p>\n<div style=\"text-align:right\">Ku<\/div>\n","protected":false},"excerpt":{"rendered":"<p>Sehr geehrte Eltern, liebe Sch\u00fclerinnen und Sch\u00fcler, &nbsp; im Rahmen des Projekts \u201eSch\u00fcler helfen Sch\u00fclern\u201c findet ab sofort eine Hausaufgabenbetreuung am AAG statt. Unsere Mentorinnen und Mentoren beaufsichtigen und unterst\u00fctzen [&hellip;]<\/p>\n","protected":false},"author":468,"featured_media":0,"parent":0,"menu_order":0,"comment_status":"closed","ping_status":"closed","template":"","meta":{"_uag_custom_page_level_css":"","_EventAllDay":false,"_EventTimezone":"","_EventStartDate":"","_EventEndDate":"","_EventStartDateUTC":"","_EventEndDateUTC":"","_EventShowMap":false,"_EventShowMapLink":false,"_EventURL":"","_EventCost":"","_EventCostDescription":"","_EventCurrencySymbol":"","_EventCurrencyCode":"","_EventCurrencyPosition":"","_EventDateTimeSeparator":"","_EventTimeRangeSeparator":"","_EventOrganizerID":[],"_EventVenueID":[],"_OrganizerEmail":"","_OrganizerPhone":"","_OrganizerWebsite":"","_VenueAddress":"","_VenueCity":"","_VenueCountry":"","_VenueProvince":"","_VenueState":"","_VenueZip":"","_VenuePhone":"","_VenueURL":"","_VenueStateProvince":"","_VenueLat":"","_VenueLng":"","_VenueShowMap":false,"_VenueShowMapLink":false,"footnotes":""},"class_list":["post-8355","page","type-page","status-publish","hentry"],"blocksy_meta":[],"uagb_featured_image_src":{"full":false,"thumbnail":false,"medium":false,"medium_large":false,"large":false,"1536x1536":false,"2048x2048":false},"uagb_author_info":{"display_name":"Daniel Lengwenat","author_link":"https:\/\/aagy.de\/?author=468"},"uagb_comment_info":0,"uagb_excerpt":"Sehr geehrte Eltern, liebe Sch\u00fclerinnen und Sch\u00fcler, &nbsp; im Rahmen des Projekts \u201eSch\u00fcler helfen Sch\u00fclern\u201c findet ab sofort eine Hausaufgabenbetreuung am AAG statt. Unsere Mentorinnen und Mentoren beaufsichtigen und unterst\u00fctzen [&hellip;]","jetpack_sharing_enabled":true,"_links":{"self":[{"href":"https:\/\/aagy.de\/index.php?rest_route=\/wp\/v2\/pages\/8355","targetHints":{"allow":["GET"]}}],"collection":[{"href":"https:\/\/aagy.de\/index.php?rest_route=\/wp\/v2\/pages"}],"about":[{"href":"https:\/\/aagy.de\/index.php?rest_route=\/wp\/v2\/types\/page"}],"author":[{"embeddable":true,"href":"https:\/\/aagy.de\/index.php?rest_route=\/wp\/v2\/users\/468"}],"replies":[{"embeddable":true,"href":"https:\/\/aagy.de\/index.php?rest_route=%2Fwp%2Fv2%2Fcomments&post=8355"}],"version-history":[{"count":4,"href":"https:\/\/aagy.de\/index.php?rest_route=\/wp\/v2\/pages\/8355\/revisions"}],"predecessor-version":[{"id":8363,"href":"https:\/\/aagy.de\/index.php?rest_route=\/wp\/v2\/pages\/8355\/revisions\/8363"}],"wp:attachment":[{"href":"https:\/\/aagy.de\/index.php?rest_route=%2Fwp%2Fv2%2Fmedia&parent=8355"}],"curies":[{"name":"wp","href":"https:\/\/api.w.org\/{rel}","templated":true}]}}