{"id":8156,"date":"2024-09-05T15:32:21","date_gmt":"2024-09-05T13:32:21","guid":{"rendered":"https:\/\/www.aagy.de\/?page_id=8156"},"modified":"2025-09-26T11:45:31","modified_gmt":"2025-09-26T09:45:31","slug":"digitaler-schuelerausweis","status":"publish","type":"page","link":"https:\/\/aagy.de\/?page_id=8156","title":{"rendered":"Digitaler Sch\u00fclerausweis"},"content":{"rendered":"<div style=\"text-align:justify\">Liebe Sch\u00fclerinnen und Sch\u00fcler, liebe Eltern,<br \/>\n&nbsp;<br \/>\nwir m\u00f6chten in unserer Schule den Schritt in die digitale Zukunft wagen und den traditionellen Sch\u00fclerausweis durch den digitalen Sch\u00fclerausweis von Geevoo ersetzen. Wir sind stolz, Ihnen mitteilen zu k\u00f6nnen: <b>Unser digitaler Sch\u00fclerausweis von Geevoo ist echt, sicher und rechtsg\u00fcltig!<\/b> Er wurde eingef\u00fchrt, um unseren Schulalltag zu modernisieren und Ihnen, liebe Sch\u00fclerinnen und Sch\u00fcler, eine zeitgem\u00e4\u00dfe und praktische Alternative zu bieten.<br \/>\n&nbsp;<br \/>\n<b>Warum der digitale Sch\u00fclerausweis?<\/b><br \/>\nDer digitale Sch\u00fclerausweis von Geevoo ist stets griffbereit auf dem Smartphone und enth\u00e4lt diverse Sicherheitsmerkmale, die seine Echtheit best\u00e4tigen. Dieses moderne Format stellt sicher, dass alle relevanten Informationen \u00fcbersichtlich und schnell verf\u00fcgbar sind.<br \/>\n&nbsp;<br \/>\n<b>Sicherheit und Echtheit<\/b><br \/>\nUm Ihnen und uns die Sicherheit zu gew\u00e4hrleisten, hat Geevoo verschiedene Sicherheitsfeatures in den Ausweis integriert. Hierzu z\u00e4hlen spezielle Verschl\u00fcsselungen, Wasserzeichen und QR-Codes. Diese Merkmale machen es nahezu unm\u00f6glich, den Ausweis zu f\u00e4lschen, und garantieren die eindeutige Identifikation jedes Sch\u00fclers.<br \/>\n&nbsp;<br \/>\n<b>Unser Weg in die Zukunft<\/b><br \/>\nDie Einf\u00fchrung des digitalen Sch\u00fclerausweises ist ein weiterer Schritt unserer Schule in Richtung Modernisierung und Digitalisierung. Wir sind \u00fcberzeugt von den Vorteilen und der Sicherheit, die uns Geevoo bietet, und freuen uns, diesen Fortschritt mit Ihnen zu teilen.<br \/>\nF\u00fcr mehr Informationen besuchen Sie gerne die <a href=\"https:\/\/www.geevoo.de\/\">Geevoo Webseite<\/a>. M\u00f6chten Sie die <a href=\"https:\/\/geevoo.de\/download\/app\">App direkt herunterladen<\/a>, scannen Sie einfach den untenstehenden QR-Code!<\/p>\n<p><b>Melde Dich per Mail bei Frau Wei\u00df (<a href=\"mailto:kristina.weiss@aagy.de\">kristina.weiss@aagy.de<\/a>) f\u00fcr den digitalen Sch\u00fclerausweis an. Anschlie\u00dfend bekommst Du von dem App-Anbieter (GEEVOO) eine Mail auf Deine Schul-Emailadresse (vorname.nachname@student.aagy.de). Hier folgst Du den Anweisungen die in der Mail stehen. Fertig.<\/b><\/p>\n<p><b> Wichtig: Der Sch\u00fclerausweis ist ein Ausweisdokument!<\/b> Aus diesem Grund muss ein entsprechendes Profilbild = Passfoto (kein Strandfoto oder Foto mit Sonnenbrille oder Kappe etc.) hochgeladen werden, auf dem man klar und eindeutig zu erkennen ist. Dies kann auch ein selbstgemachtes Foto nach diesem Muster sein.<br \/>\n<center><a href=\"https:\/\/www.aagy.de\/wp-content\/uploads\/2024\/12\/avatar-1577909_1920.png\"><img decoding=\"async\" src=\"https:\/\/www.aagy.de\/wp-content\/uploads\/2024\/12\/avatar-1577909_1920.png\" style=\"width:20%\"><\/a><\/center><br \/>\nBei <b>Fragen zur Registrierung<\/b> wenden Sie sich bitte per Mail an: <a href=\"mailto:kristina.weiss@aagy.de\">kristina.weiss@aagy.de<\/a>.<\/div>\n","protected":false},"excerpt":{"rendered":"<p>Liebe Sch\u00fclerinnen und Sch\u00fcler, liebe Eltern, &nbsp; wir m\u00f6chten in unserer Schule den Schritt in die digitale Zukunft wagen und den traditionellen Sch\u00fclerausweis durch den digitalen Sch\u00fclerausweis von Geevoo ersetzen. [&hellip;]<\/p>\n","protected":false},"author":468,"featured_media":0,"parent":0,"menu_order":0,"comment_status":"closed","ping_status":"closed","template":"","meta":{"_uag_custom_page_level_css":"","_EventAllDay":false,"_EventTimezone":"","_EventStartDate":"","_EventEndDate":"","_EventStartDateUTC":"","_EventEndDateUTC":"","_EventShowMap":false,"_EventShowMapLink":false,"_EventURL":"","_EventCost":"","_EventCostDescription":"","_EventCurrencySymbol":"","_EventCurrencyCode":"","_EventCurrencyPosition":"","_EventDateTimeSeparator":"","_EventTimeRangeSeparator":"","_EventOrganizerID":[],"_EventVenueID":[],"_OrganizerEmail":"","_OrganizerPhone":"","_OrganizerWebsite":"","_VenueAddress":"","_VenueCity":"","_VenueCountry":"","_VenueProvince":"","_VenueState":"","_VenueZip":"","_VenuePhone":"","_VenueURL":"","_VenueStateProvince":"","_VenueLat":"","_VenueLng":"","_VenueShowMap":false,"_VenueShowMapLink":false,"footnotes":""},"class_list":["post-8156","page","type-page","status-publish","hentry"],"blocksy_meta":[],"uagb_featured_image_src":{"full":false,"thumbnail":false,"medium":false,"medium_large":false,"large":false,"1536x1536":false,"2048x2048":false},"uagb_author_info":{"display_name":"Daniel Lengwenat","author_link":"https:\/\/aagy.de\/?author=468"},"uagb_comment_info":0,"uagb_excerpt":"Liebe Sch\u00fclerinnen und Sch\u00fcler, liebe Eltern, &nbsp; wir m\u00f6chten in unserer Schule den Schritt in die digitale Zukunft wagen und den traditionellen Sch\u00fclerausweis durch den digitalen Sch\u00fclerausweis von Geevoo ersetzen. [&hellip;]","jetpack_sharing_enabled":true,"_links":{"self":[{"href":"https:\/\/aagy.de\/index.php?rest_route=\/wp\/v2\/pages\/8156","targetHints":{"allow":["GET"]}}],"collection":[{"href":"https:\/\/aagy.de\/index.php?rest_route=\/wp\/v2\/pages"}],"about":[{"href":"https:\/\/aagy.de\/index.php?rest_route=\/wp\/v2\/types\/page"}],"author":[{"embeddable":true,"href":"https:\/\/aagy.de\/index.php?rest_route=\/wp\/v2\/users\/468"}],"replies":[{"embeddable":true,"href":"https:\/\/aagy.de\/index.php?rest_route=%2Fwp%2Fv2%2Fcomments&post=8156"}],"version-history":[{"count":7,"href":"https:\/\/aagy.de\/index.php?rest_route=\/wp\/v2\/pages\/8156\/revisions"}],"predecessor-version":[{"id":9177,"href":"https:\/\/aagy.de\/index.php?rest_route=\/wp\/v2\/pages\/8156\/revisions\/9177"}],"wp:attachment":[{"href":"https:\/\/aagy.de\/index.php?rest_route=%2Fwp%2Fv2%2Fmedia&parent=8156"}],"curies":[{"name":"wp","href":"https:\/\/api.w.org\/{rel}","templated":true}]}}