{"id":8,"date":"2015-09-23T13:24:45","date_gmt":"2015-09-23T11:24:45","guid":{"rendered":"http:\/\/129.143.231.234\/wp\/?page_id=8"},"modified":"2025-02-20T08:24:34","modified_gmt":"2025-02-20T07:24:34","slug":"leitbild","status":"publish","type":"page","link":"https:\/\/aagy.de\/?page_id=8","title":{"rendered":"Leitbild"},"content":{"rendered":"<p style=\"text-align: center;\">Unsere Schule ist ein Lebensraum, in dem Sch\u00fclerinnen, Sch\u00fcler, Lehrerinnen und Lehrer und Eltern <b>miteinander leben<\/b> und <b>voneinander lernen<\/b>.<\/p>\n<p style=\"text-align: center;\">Wir unterst\u00fctzen unsere Sch\u00fclerinnen und Sch\u00fcler in ihrer Entwicklung zu <b>selbstst\u00e4ndigen, verantwortungsbewussten Menschen<\/b>.<\/p>\n<p style=\"text-align: center;\"><b>Gemeinschaft, Sport und Bewegung<\/b> sind dabei tragende S\u00e4ulen und leisten einen wichtigen Beitrag zur <b>k\u00f6rperlichen, sozialen und emotionalen Entwicklung<\/b>.<\/p>\n<p style=\"text-align: center;\">Dieser gemeinsame Weg soll gepr\u00e4gt sein von einem <b>respektvollen Umgang<\/b> miteinander, von <b>solidarischem Einsatz<\/b> f\u00fcreinander und von der <b>Lernbereitschaft<\/b> aller am Schulleben Beteiligten.<\/p>\n","protected":false},"excerpt":{"rendered":"<p>Unsere Schule ist ein Lebensraum, in dem Sch\u00fclerinnen, Sch\u00fcler, Lehrerinnen und Lehrer und Eltern miteinander leben und voneinander lernen. Wir unterst\u00fctzen unsere Sch\u00fclerinnen und Sch\u00fcler in ihrer Entwicklung zu selbstst\u00e4ndigen, [&hellip;]<\/p>\n","protected":false},"author":1,"featured_media":0,"parent":0,"menu_order":0,"comment_status":"closed","ping_status":"closed","template":"","meta":{"_uag_custom_page_level_css":"","_EventAllDay":false,"_EventTimezone":"","_EventStartDate":"","_EventEndDate":"","_EventStartDateUTC":"","_EventEndDateUTC":"","_EventShowMap":false,"_EventShowMapLink":false,"_EventURL":"","_EventCost":"","_EventCostDescription":"","_EventCurrencySymbol":"","_EventCurrencyCode":"","_EventCurrencyPosition":"","_EventDateTimeSeparator":"","_EventTimeRangeSeparator":"","_EventOrganizerID":[],"_EventVenueID":[],"_OrganizerEmail":"","_OrganizerPhone":"","_OrganizerWebsite":"","_VenueAddress":"","_VenueCity":"","_VenueCountry":"","_VenueProvince":"","_VenueState":"","_VenueZip":"","_VenuePhone":"","_VenueURL":"","_VenueStateProvince":"","_VenueLat":"","_VenueLng":"","_VenueShowMap":false,"_VenueShowMapLink":false,"footnotes":""},"class_list":["post-8","page","type-page","status-publish","hentry"],"blocksy_meta":{"styles_descriptor":{"styles":{"desktop":"","tablet":"","mobile":""},"google_fonts":[],"version":6}},"uagb_featured_image_src":{"full":false,"thumbnail":false,"medium":false,"medium_large":false,"large":false,"1536x1536":false,"2048x2048":false},"uagb_author_info":{"display_name":"admin","author_link":"https:\/\/aagy.de\/?author=1"},"uagb_comment_info":0,"uagb_excerpt":"Unsere Schule ist ein Lebensraum, in dem Sch\u00fclerinnen, Sch\u00fcler, Lehrerinnen und Lehrer und Eltern miteinander leben und voneinander lernen. Wir unterst\u00fctzen unsere Sch\u00fclerinnen und Sch\u00fcler in ihrer Entwicklung zu selbstst\u00e4ndigen, [&hellip;]","jetpack_sharing_enabled":true,"_links":{"self":[{"href":"https:\/\/aagy.de\/index.php?rest_route=\/wp\/v2\/pages\/8","targetHints":{"allow":["GET"]}}],"collection":[{"href":"https:\/\/aagy.de\/index.php?rest_route=\/wp\/v2\/pages"}],"about":[{"href":"https:\/\/aagy.de\/index.php?rest_route=\/wp\/v2\/types\/page"}],"author":[{"embeddable":true,"href":"https:\/\/aagy.de\/index.php?rest_route=\/wp\/v2\/users\/1"}],"replies":[{"embeddable":true,"href":"https:\/\/aagy.de\/index.php?rest_route=%2Fwp%2Fv2%2Fcomments&post=8"}],"version-history":[{"count":7,"href":"https:\/\/aagy.de\/index.php?rest_route=\/wp\/v2\/pages\/8\/revisions"}],"predecessor-version":[{"id":8647,"href":"https:\/\/aagy.de\/index.php?rest_route=\/wp\/v2\/pages\/8\/revisions\/8647"}],"wp:attachment":[{"href":"https:\/\/aagy.de\/index.php?rest_route=%2Fwp%2Fv2%2Fmedia&parent=8"}],"curies":[{"name":"wp","href":"https:\/\/api.w.org\/{rel}","templated":true}]}}