{"id":798,"date":"2015-12-12T17:15:31","date_gmt":"2015-12-12T16:15:31","guid":{"rendered":"http:\/\/www.aagy.de\/wp\/?page_id=798"},"modified":"2023-05-15T07:43:40","modified_gmt":"2023-05-15T05:43:40","slug":"unterstufenteam","status":"publish","type":"page","link":"https:\/\/aagy.de\/?page_id=798","title":{"rendered":"UST (Unterstufenteam)"},"content":{"rendered":"<div style=\"text-align:justify\">\n<b>UST<\/b> (<b>U<\/b>nter<b>S<\/b>tufen<b>T<\/b>eam)<\/p>\n<p>Die SMV plant Events, die die ganze Schule zusammenbringt. Damit aber dem SST der Nachwuchs nicht ausbleibt, werden im Unterstufenteam, kurz UST, Sch\u00fcler der 5.-7. Klasse an die SMV-Arbeit herangef\u00fchrt.<br \/>\nIm Team werden unterschiedlichste Veranstaltungen geplant und kreativ vorbereitet. Dabei helfen die Verbindungssch\u00fcler, die die Sitzungen leiten, dem Team, Projekte zu organisieren und durchzuf\u00fchren.<br \/>\nEgal ob Plakate designt, Hallen reserviert und dekoriert werden m\u00fcssen oder ob eine Wasserschlacht f\u00fcr die gesamte Unterstufe zu planen ist, das UST bietet Platz f\u00fcr kreative Entfaltung, lehrt dabei Teamf\u00e4higkeit und Verantwortung. Bei uns haben selbst die J\u00fcngeren die M\u00f6glichkeit, den eigenen Schulalltag zu gestalten.<br \/>\nEine USTlerin sagte einmal<em>: \u201eWenn man in der SMV ist, st\u00e4rkt das das Selbstbewusstsein, jeder f\u00fchlt sich wohl wie in einer gro\u00dfen Familie. Im UST gibt es sogar fast immer S\u00fc\u00dfigkeiten. Da arbeitet jeder gerne mit.&#8220;<\/em><\/p>\n<p>Wenn du in der 5. \u2013 7. Klasse bist und Lust hast, ein Teil der SMV zu sein, kannst du gerne montags in der Mittagspause zum Unterstufenteam dazusto\u00dfen. Wir freuen uns auf dich.<\/p>\n<p>Das UST k\u00f6nnt ihr unter folgender Mailadresse erreichen:<br \/>\n<b>unterstufenteam@smv.aagy.de<\/b><\/p>\n<hr>\n<h4 style=\"text-align:center\">\u00dcberblick der Aktivit\u00e4ten<\/h4>\n<p><em>Weihnachten im Schuhkarton<\/em><br \/>\nWeihnachten im Schuhkarton ist die erste Aktion des Jahres, die das UST eigenst\u00e4ndig plant. Unserem Team ist die Teilnahme an diesem bundesweiten Projekt sehr wichtig, da sie das Motto der SMV <b>&#8222;gemeinsam f\u00fcreinander&#8220;<\/b> st\u00fctzt. Wir sind jedes Jahr gl\u00fccklich \u00fcber die dankbare R\u00fcckmeldung der Klassen, ein St\u00fcck weit Weihnachten mit anderen geteilt haben zu k\u00f6nnen.<br \/>\nGenaueres zur Aktion 2017 findet Ihr <a href=\"https:\/\/www.aagy.de\/?p=2496\">hier.<\/a><\/p>\n<p><em>Bunter Abend<\/em><br \/>\n\u2026 ist ein Spieleabend nur f\u00fcr die sechsten Klassen, der sorgf\u00e4ltig vom UST organisiert wird \u2013 bereits im Oktober f\u00e4ngt das Unterstufenteam mit der Planung dieses Abends an: Ein Film mit Motto wird ausgesucht, passende Spiele entworfen und Dekorationsideen gesammelt. Anschlie\u00dfend werden Rahmenbedingungen wie R\u00e4umlichkeit, Zeitfenster, Datum und Aufsichten gekl\u00e4rt, Material und Schichten eingeteilt. Am Tag der Veranstaltung helfen alle zusammen, so dass schnell auf- und abgebaut ist. In diesem Jahr mussten die Sch\u00fcler:innen der 6. Klassen in kleinen Gruppen bei \u201eWerw\u00f6lfe\u201c ihre Kombinationsgabe demonstrieren, bei \u201eReise nach Jerusalem\u201c und \u201eAlle die\u2026\u201c ihre Reaktionszeit unter Beweis stellen und viele weitere Herausforderungen gemeinsam bew\u00e4ltigen. F\u00fcr Verpflegung war den ganzen Abend \u00fcber gesorgt. An dieser Stelle gilt ein besonderer Dank den unterst\u00fctzenden Eltern. Der Abend wurde mit dem Film \u201ePets 2\u201c abgerundet, w\u00e4hrend sich die Sch\u00fcler an leckeren Naschereien erfreuen konnten.<br \/>\nEin rundum gelungener Abend, f\u00fcr den wir uns bei allen Helfer:innen, Lehrerkr\u00e4ften, der Technik-AG und dem Hausmeisterteam bedanken m\u00f6chten.<\/p>\n<div style=\"text-align:justify\"><\/div>\n<\/div>\n","protected":false},"excerpt":{"rendered":"<p>UST (UnterStufenTeam) Die SMV plant Events, die die ganze Schule zusammenbringt. Damit aber dem SST der Nachwuchs nicht ausbleibt, werden im Unterstufenteam, kurz UST, Sch\u00fcler der 5.-7. Klasse an die [&hellip;]<\/p>\n","protected":false},"author":1,"featured_media":0,"parent":0,"menu_order":0,"comment_status":"closed","ping_status":"closed","template":"","meta":{"_uag_custom_page_level_css":"","_EventAllDay":false,"_EventTimezone":"","_EventStartDate":"","_EventEndDate":"","_EventStartDateUTC":"","_EventEndDateUTC":"","_EventShowMap":false,"_EventShowMapLink":false,"_EventURL":"","_EventCost":"","_EventCostDescription":"","_EventCurrencySymbol":"","_EventCurrencyCode":"","_EventCurrencyPosition":"","_EventDateTimeSeparator":"","_EventTimeRangeSeparator":"","_EventOrganizerID":[],"_EventVenueID":[],"_OrganizerEmail":"","_OrganizerPhone":"","_OrganizerWebsite":"","_VenueAddress":"","_VenueCity":"","_VenueCountry":"","_VenueProvince":"","_VenueState":"","_VenueZip":"","_VenuePhone":"","_VenueURL":"","_VenueStateProvince":"","_VenueLat":"","_VenueLng":"","_VenueShowMap":false,"_VenueShowMapLink":false,"footnotes":""},"class_list":["post-798","page","type-page","status-publish","hentry"],"blocksy_meta":{"styles_descriptor":{"styles":{"desktop":"","tablet":"","mobile":""},"google_fonts":[],"version":6}},"uagb_featured_image_src":{"full":false,"thumbnail":false,"medium":false,"medium_large":false,"large":false,"1536x1536":false,"2048x2048":false},"uagb_author_info":{"display_name":"admin","author_link":"https:\/\/aagy.de\/?author=1"},"uagb_comment_info":0,"uagb_excerpt":"UST (UnterStufenTeam) Die SMV plant Events, die die ganze Schule zusammenbringt. Damit aber dem SST der Nachwuchs nicht ausbleibt, werden im Unterstufenteam, kurz UST, Sch\u00fcler der 5.-7. Klasse an die [&hellip;]","jetpack_sharing_enabled":true,"_links":{"self":[{"href":"https:\/\/aagy.de\/index.php?rest_route=\/wp\/v2\/pages\/798","targetHints":{"allow":["GET"]}}],"collection":[{"href":"https:\/\/aagy.de\/index.php?rest_route=\/wp\/v2\/pages"}],"about":[{"href":"https:\/\/aagy.de\/index.php?rest_route=\/wp\/v2\/types\/page"}],"author":[{"embeddable":true,"href":"https:\/\/aagy.de\/index.php?rest_route=\/wp\/v2\/users\/1"}],"replies":[{"embeddable":true,"href":"https:\/\/aagy.de\/index.php?rest_route=%2Fwp%2Fv2%2Fcomments&post=798"}],"version-history":[{"count":10,"href":"https:\/\/aagy.de\/index.php?rest_route=\/wp\/v2\/pages\/798\/revisions"}],"predecessor-version":[{"id":7251,"href":"https:\/\/aagy.de\/index.php?rest_route=\/wp\/v2\/pages\/798\/revisions\/7251"}],"wp:attachment":[{"href":"https:\/\/aagy.de\/index.php?rest_route=%2Fwp%2Fv2%2Fmedia&parent=798"}],"curies":[{"name":"wp","href":"https:\/\/api.w.org\/{rel}","templated":true}]}}