{"id":793,"date":"2015-12-12T17:12:55","date_gmt":"2015-12-12T16:12:55","guid":{"rendered":"http:\/\/www.aagy.de\/wp\/?page_id=793"},"modified":"2024-11-05T09:52:36","modified_gmt":"2024-11-05T08:52:36","slug":"mitglieder","status":"publish","type":"page","link":"https:\/\/aagy.de\/?page_id=793","title":{"rendered":"Mitglieder"},"content":{"rendered":"<div style=\"text-align: justify;\">\n<h3><strong>Die SMV stellt sich vor:<\/strong><\/h3>\n<p><center><\/p>\n<figure><a href=\"https:\/\/www.aagy.de\/wp-content\/uploads\/2024\/11\/Schuelersprecher-rotated.jpg\"><img decoding=\"async\" src=\"https:\/\/www.aagy.de\/wp-content\/uploads\/2024\/11\/Schuelersprecher-rotated.jpg\" style=\"width:45%\"><\/a><figcaption>Sch\u00fclersprecherteam: <em>Laura Mih\u00e1lkov\u00e1 (9a), Merit Schelling (J1) und Raahim Khurshid (10c)<\/em><\/figcaption><\/figure>\n<p>&nbsp;<br \/>\n<em><\/em><\/figcaption><\/figure>\n<p>&nbsp;<\/p>\n<figure><a href=\"https:\/\/www.aagy.de\/wp-content\/uploads\/2024\/11\/Verbindungsschueler-rotated.jpg\"><img decoding=\"async\" src=\"https:\/\/www.aagy.de\/wp-content\/uploads\/2024\/11\/Verbindungsschueler-rotated.jpg\" style=\"width:45%\"><\/a><figcaption><em>Verbindungssch\u00fclerinnen und Verbindungssch\u00fcler: Noemi Tummino, Chrysanthi Mitsa, Benjamin Eisfeld, Benjamin Cantarutti<\/em><\/figcaption><\/figure>\n<p><\/center><\/p>\n<\/div>\n","protected":false},"excerpt":{"rendered":"<p>Die SMV stellt sich vor: Sch\u00fclersprecherteam: Laura Mih\u00e1lkov\u00e1 (9a), Merit Schelling (J1) und Raahim Khurshid (10c) &nbsp; &nbsp; Verbindungssch\u00fclerinnen und Verbindungssch\u00fcler: Noemi Tummino, Chrysanthi Mitsa, Benjamin Eisfeld, Benjamin Cantarutti<\/p>\n","protected":false},"author":1,"featured_media":0,"parent":0,"menu_order":0,"comment_status":"closed","ping_status":"closed","template":"","meta":{"_uag_custom_page_level_css":"","_EventAllDay":false,"_EventTimezone":"","_EventStartDate":"","_EventEndDate":"","_EventStartDateUTC":"","_EventEndDateUTC":"","_EventShowMap":false,"_EventShowMapLink":false,"_EventURL":"","_EventCost":"","_EventCostDescription":"","_EventCurrencySymbol":"","_EventCurrencyCode":"","_EventCurrencyPosition":"","_EventDateTimeSeparator":"","_EventTimeRangeSeparator":"","_EventOrganizerID":[],"_EventVenueID":[],"_OrganizerEmail":"","_OrganizerPhone":"","_OrganizerWebsite":"","_VenueAddress":"","_VenueCity":"","_VenueCountry":"","_VenueProvince":"","_VenueState":"","_VenueZip":"","_VenuePhone":"","_VenueURL":"","_VenueStateProvince":"","_VenueLat":"","_VenueLng":"","_VenueShowMap":false,"_VenueShowMapLink":false,"footnotes":""},"class_list":["post-793","page","type-page","status-publish","hentry"],"blocksy_meta":{"styles_descriptor":{"styles":{"desktop":"","tablet":"","mobile":""},"google_fonts":[],"version":6}},"uagb_featured_image_src":{"full":false,"thumbnail":false,"medium":false,"medium_large":false,"large":false,"1536x1536":false,"2048x2048":false},"uagb_author_info":{"display_name":"admin","author_link":"https:\/\/aagy.de\/?author=1"},"uagb_comment_info":0,"uagb_excerpt":"Die SMV stellt sich vor: Sch\u00fclersprecherteam: Laura Mih\u00e1lkov\u00e1 (9a), Merit Schelling (J1) und Raahim Khurshid (10c) &nbsp; &nbsp; Verbindungssch\u00fclerinnen und Verbindungssch\u00fcler: Noemi Tummino, Chrysanthi Mitsa, Benjamin Eisfeld, Benjamin Cantarutti","jetpack_sharing_enabled":true,"_links":{"self":[{"href":"https:\/\/aagy.de\/index.php?rest_route=\/wp\/v2\/pages\/793","targetHints":{"allow":["GET"]}}],"collection":[{"href":"https:\/\/aagy.de\/index.php?rest_route=\/wp\/v2\/pages"}],"about":[{"href":"https:\/\/aagy.de\/index.php?rest_route=\/wp\/v2\/types\/page"}],"author":[{"embeddable":true,"href":"https:\/\/aagy.de\/index.php?rest_route=\/wp\/v2\/users\/1"}],"replies":[{"embeddable":true,"href":"https:\/\/aagy.de\/index.php?rest_route=%2Fwp%2Fv2%2Fcomments&post=793"}],"version-history":[{"count":24,"href":"https:\/\/aagy.de\/index.php?rest_route=\/wp\/v2\/pages\/793\/revisions"}],"predecessor-version":[{"id":8310,"href":"https:\/\/aagy.de\/index.php?rest_route=\/wp\/v2\/pages\/793\/revisions\/8310"}],"wp:attachment":[{"href":"https:\/\/aagy.de\/index.php?rest_route=%2Fwp%2Fv2%2Fmedia&parent=793"}],"curies":[{"name":"wp","href":"https:\/\/api.w.org\/{rel}","templated":true}]}}