{"id":7618,"date":"2023-11-13T17:52:46","date_gmt":"2023-11-13T16:52:46","guid":{"rendered":"https:\/\/www.aagy.de\/?page_id=7618"},"modified":"2024-12-12T11:08:05","modified_gmt":"2024-12-12T10:08:05","slug":"krafttraining-ag-neu-ab-10-klasse","status":"publish","type":"page","link":"https:\/\/aagy.de\/?page_id=7618","title":{"rendered":"Krafttraining AG (ab 10. Klasse)"},"content":{"rendered":"<div style=\"text-align: justify;\">Du interessierst Dich f\u00fcr das Thema Krafttraining? Dann bist Du bei mir genau richtig!<br \/>\nIch bin ausgebildete Fitnesstrainerin (C-Lizenz und B-Lizenz) mit dem Spezialgebiet Krafttraining\/Muskelaufbau.<br \/>\nGerne m\u00f6chte ich Dir eine erste Einf\u00fchrung in die Grund\u00fcbungen geben, sowie die Grundlagen und eine exakte Ausf\u00fchrung der \u00dcbungen in einem Kurs vermitteln.<\/p>\n<p>Die geschlossenen Kurse finden freitags von 13:45 Uhr \u2013 14:30 Uhr im Kraftraum der Sporthalle statt.<br \/>\nAnmeldungen und Fragen nehme ich gerne unter kristina.weiss@aagy.de entgegen.<\/p>\n<\/div>\n","protected":false},"excerpt":{"rendered":"<p>Du interessierst Dich f\u00fcr das Thema Krafttraining? Dann bist Du bei mir genau richtig! Ich bin ausgebildete Fitnesstrainerin (C-Lizenz und B-Lizenz) mit dem Spezialgebiet Krafttraining\/Muskelaufbau. Gerne m\u00f6chte ich Dir eine [&hellip;]<\/p>\n","protected":false},"author":468,"featured_media":0,"parent":0,"menu_order":0,"comment_status":"closed","ping_status":"closed","template":"","meta":{"_uag_custom_page_level_css":"","_EventAllDay":false,"_EventTimezone":"","_EventStartDate":"","_EventEndDate":"","_EventStartDateUTC":"","_EventEndDateUTC":"","_EventShowMap":false,"_EventShowMapLink":false,"_EventURL":"","_EventCost":"","_EventCostDescription":"","_EventCurrencySymbol":"","_EventCurrencyCode":"","_EventCurrencyPosition":"","_EventDateTimeSeparator":"","_EventTimeRangeSeparator":"","_EventOrganizerID":[],"_EventVenueID":[],"_OrganizerEmail":"","_OrganizerPhone":"","_OrganizerWebsite":"","_VenueAddress":"","_VenueCity":"","_VenueCountry":"","_VenueProvince":"","_VenueState":"","_VenueZip":"","_VenuePhone":"","_VenueURL":"","_VenueStateProvince":"","_VenueLat":"","_VenueLng":"","_VenueShowMap":false,"_VenueShowMapLink":false,"footnotes":""},"class_list":["post-7618","page","type-page","status-publish","hentry"],"blocksy_meta":{"styles_descriptor":{"styles":{"desktop":"","tablet":"","mobile":""},"google_fonts":[],"version":6}},"uagb_featured_image_src":{"full":false,"thumbnail":false,"medium":false,"medium_large":false,"large":false,"1536x1536":false,"2048x2048":false},"uagb_author_info":{"display_name":"Daniel Lengwenat","author_link":"https:\/\/aagy.de\/?author=468"},"uagb_comment_info":0,"uagb_excerpt":"Du interessierst Dich f\u00fcr das Thema Krafttraining? Dann bist Du bei mir genau richtig! Ich bin ausgebildete Fitnesstrainerin (C-Lizenz und B-Lizenz) mit dem Spezialgebiet Krafttraining\/Muskelaufbau. Gerne m\u00f6chte ich Dir eine [&hellip;]","jetpack_sharing_enabled":true,"_links":{"self":[{"href":"https:\/\/aagy.de\/index.php?rest_route=\/wp\/v2\/pages\/7618","targetHints":{"allow":["GET"]}}],"collection":[{"href":"https:\/\/aagy.de\/index.php?rest_route=\/wp\/v2\/pages"}],"about":[{"href":"https:\/\/aagy.de\/index.php?rest_route=\/wp\/v2\/types\/page"}],"author":[{"embeddable":true,"href":"https:\/\/aagy.de\/index.php?rest_route=\/wp\/v2\/users\/468"}],"replies":[{"embeddable":true,"href":"https:\/\/aagy.de\/index.php?rest_route=%2Fwp%2Fv2%2Fcomments&post=7618"}],"version-history":[{"count":4,"href":"https:\/\/aagy.de\/index.php?rest_route=\/wp\/v2\/pages\/7618\/revisions"}],"predecessor-version":[{"id":8454,"href":"https:\/\/aagy.de\/index.php?rest_route=\/wp\/v2\/pages\/7618\/revisions\/8454"}],"wp:attachment":[{"href":"https:\/\/aagy.de\/index.php?rest_route=%2Fwp%2Fv2%2Fmedia&parent=7618"}],"curies":[{"name":"wp","href":"https:\/\/api.w.org\/{rel}","templated":true}]}}