{"id":74,"date":"2015-09-23T14:11:11","date_gmt":"2015-09-23T12:11:11","guid":{"rendered":"http:\/\/129.143.231.234\/wp\/?page_id=74"},"modified":"2021-12-09T16:44:19","modified_gmt":"2021-12-09T15:44:19","slug":"aktivitaeten","status":"publish","type":"page","link":"https:\/\/aagy.de\/?page_id=74","title":{"rendered":"Aktivit\u00e4ten (eint\u00e4gig)"},"content":{"rendered":"<div style=\"text-align:justify\"> In dieser Rubrik finden sich einige Aktivit\u00e4ten wieder, die einmalig durchgef\u00fchrt wurden, aber auch Aktivit\u00e4ten, die zu einem festen Bestandteil unseres Terminplans geworden sind, wie zum Beispiel der <em>Ski- und Snowboardtag<\/em>, der seinen Ursprung in der Teilnahme am &#8222;Schneesportfestival&#8220; nahm, mittlerweile aber eigenst\u00e4ndig in Form einer allj\u00e4hrlichen Ausfahrt nach Oberstdorf (f\u00fcr fortgeschrittene Skifahrer der Klassen 5 bis J1) von uns durchgef\u00fchrt wird.<\/div>\n","protected":false},"excerpt":{"rendered":"<p>In dieser Rubrik finden sich einige Aktivit\u00e4ten wieder, die einmalig durchgef\u00fchrt wurden, aber auch Aktivit\u00e4ten, die zu einem festen Bestandteil unseres Terminplans geworden sind, wie zum Beispiel der Ski- und [&hellip;]<\/p>\n","protected":false},"author":1,"featured_media":0,"parent":0,"menu_order":0,"comment_status":"closed","ping_status":"closed","template":"","meta":{"_uag_custom_page_level_css":"","_EventAllDay":false,"_EventTimezone":"","_EventStartDate":"","_EventEndDate":"","_EventStartDateUTC":"","_EventEndDateUTC":"","_EventShowMap":false,"_EventShowMapLink":false,"_EventURL":"","_EventCost":"","_EventCostDescription":"","_EventCurrencySymbol":"","_EventCurrencyCode":"","_EventCurrencyPosition":"","_EventDateTimeSeparator":"","_EventTimeRangeSeparator":"","_EventOrganizerID":[],"_EventVenueID":[],"_OrganizerEmail":"","_OrganizerPhone":"","_OrganizerWebsite":"","_VenueAddress":"","_VenueCity":"","_VenueCountry":"","_VenueProvince":"","_VenueState":"","_VenueZip":"","_VenuePhone":"","_VenueURL":"","_VenueStateProvince":"","_VenueLat":"","_VenueLng":"","_VenueShowMap":false,"_VenueShowMapLink":false,"footnotes":""},"class_list":["post-74","page","type-page","status-publish","hentry"],"blocksy_meta":{"styles_descriptor":{"styles":{"desktop":"","tablet":"","mobile":""},"google_fonts":[],"version":6}},"uagb_featured_image_src":{"full":false,"thumbnail":false,"medium":false,"medium_large":false,"large":false,"1536x1536":false,"2048x2048":false},"uagb_author_info":{"display_name":"admin","author_link":"https:\/\/aagy.de\/?author=1"},"uagb_comment_info":0,"uagb_excerpt":"In dieser Rubrik finden sich einige Aktivit\u00e4ten wieder, die einmalig durchgef\u00fchrt wurden, aber auch Aktivit\u00e4ten, die zu einem festen Bestandteil unseres Terminplans geworden sind, wie zum Beispiel der Ski- und [&hellip;]","jetpack_sharing_enabled":true,"_links":{"self":[{"href":"https:\/\/aagy.de\/index.php?rest_route=\/wp\/v2\/pages\/74","targetHints":{"allow":["GET"]}}],"collection":[{"href":"https:\/\/aagy.de\/index.php?rest_route=\/wp\/v2\/pages"}],"about":[{"href":"https:\/\/aagy.de\/index.php?rest_route=\/wp\/v2\/types\/page"}],"author":[{"embeddable":true,"href":"https:\/\/aagy.de\/index.php?rest_route=\/wp\/v2\/users\/1"}],"replies":[{"embeddable":true,"href":"https:\/\/aagy.de\/index.php?rest_route=%2Fwp%2Fv2%2Fcomments&post=74"}],"version-history":[{"count":5,"href":"https:\/\/aagy.de\/index.php?rest_route=\/wp\/v2\/pages\/74\/revisions"}],"predecessor-version":[{"id":5558,"href":"https:\/\/aagy.de\/index.php?rest_route=\/wp\/v2\/pages\/74\/revisions\/5558"}],"wp:attachment":[{"href":"https:\/\/aagy.de\/index.php?rest_route=%2Fwp%2Fv2%2Fmedia&parent=74"}],"curies":[{"name":"wp","href":"https:\/\/api.w.org\/{rel}","templated":true}]}}