{"id":70,"date":"2015-09-23T14:10:27","date_gmt":"2015-09-23T12:10:27","guid":{"rendered":"http:\/\/129.143.231.234\/wp\/?page_id=70"},"modified":"2024-11-03T10:40:19","modified_gmt":"2024-11-03T09:40:19","slug":"big-band","status":"publish","type":"page","link":"https:\/\/aagy.de\/?page_id=70","title":{"rendered":"Big Band"},"content":{"rendered":"<div style=\"text-align:center\"><img decoding=\"async\" src=\"https:\/\/www.aagy.de\/wp-content\/uploads\/2024\/11\/BigBand.jpg\" ;=\"\" style=\"width:50%\"><\/div>\n<p>&nbsp;<\/p>\n<div style=\"text-align: justify\"> Die Band wurde am 2. Oktober 2006 als Schul-AG gegr\u00fcndet, ist mittlerweile auf Bigband-Gr\u00f6\u00dfe angewachsen und z\u00e4hlt 20 Musiker von Klasse 8 &#8211; J2. Das Repertoire der Band reicht von souligen Hardbop-St\u00fccken, Count Basie-Swing-Arrangements bis zu Metallicas <em>Enter Sandman<\/em>. Aktuell sucht die Band S\u00e4ngerInnen.<\/p>\n<p>Die AAG-Bigband verf\u00fcgt inzwischen \u00fcber einige Konzerterfahrung und kann neben mehreren Auftritten im schulischen Rahmen (Tag der Offenen T\u00fcr, Jahresabschlusskonzerte, Umrahmung offizieller Festivit\u00e4ten, Kulturwoche) auch auf einen gewinnbringenden Workshop mit dem Altsaxophonisten Prof. Klaus Graf, ein Konzert mit der Bosch-Bigband (siehe unterer Artikel) und eine erfolgreiche Reise in die Partnerstadt Orange zur\u00fcckblicken. Schulextern trat die Band zudem in M\u00fcnchen, im B\u00f6nnigheimer Burgplatzkeller und im evangelischen Gemeidezentrum auf.<\/p>\n<p>An dieser Stelle ein herzliches Dankesch\u00f6n \u00fcber die finanzielle Unterst\u00fctzung durch den F\u00f6rderverein!<\/p>\n<figure id=\"attachment_296\" aria-describedby=\"caption-attachment-296\" style=\"width: 200px\" class=\"wp-caption alignnone\"><a href=\"https:\/\/www.aagy.de\/wp-content\/uploads\/2015\/09\/Giegling-e1443704772628.jpg\"><img loading=\"lazy\" decoding=\"async\" class=\"size-full wp-image-296\" src=\"https:\/\/www.aagy.de\/wp-content\/uploads\/2015\/09\/Giegling-e1443704772628.jpg\" alt=\"Leitung: Robert Giegling\" width=\"200\" height=\"122\"><\/a><figcaption id=\"caption-attachment-296\" class=\"wp-caption-text\">Leitung: Robert Giegling<\/figcaption><\/figure>\n<hr>\n<p><strong>KONZERTBERICHT: Bosch meets AAG am 11.05.2016<\/strong><\/p>\n<p>Am 11. Mai besuchte uns zum diesj\u00e4hrigen Ensemble-Konzert die Bosch-Bigband aus Stuttgart unter der Leitung von Josef Herzog, einem Mitglied der Erstbesetzung des Bujazzos (Bundesjazzorchester).<br \/>\nVorausgegangen war diesem Konzert ein Besuch unserer Bigband bei Bosch mit gemeinsamer Probe am 27. April. <a href=\"https:\/\/www.aagy.de\/wp-content\/uploads\/2016\/06\/Sepp-und-RG-Bosch-AAGBigband-e1466862108670.jpg\"><img decoding=\"async\" style=\"float:right; margin: 5px 0px 0px 20px; width:30%\" src=\"https:\/\/www.aagy.de\/wp-content\/uploads\/2016\/06\/Sepp-und-RG-Bosch-AAGBigband-e1466862108670.jpg\" alt=\"Sepp und RG Bosch AAGBigband\"><\/a> Nach einer informativen F\u00fchrung durch das Unternehmen in Fellbach und Informationen \u00fcber die&nbsp;dortigen Ausbildungsm\u00f6glichkeiten probte die AAG-Bigband gemeinsam mit der Bosch-Bigband das St\u00fcck <em>Pick up the Pieces<\/em>, das im Konzert einen \u00fcberaus abwechslungsreichen Abend kr\u00f6nen sollte.<br \/>\nHerzlichen Dank an Alexander Springer und die Bosch-Mitarbeitern, die uns pers\u00f6nlich einen Einblick in das Unternehmen gaben. Die Stimmung w\u00e4hrend der Probe war von einer sch\u00f6nen, entspannten Atmosph\u00e4re gepr\u00e4gt, problemlos und unaufgeregt harmonierten die beiden Bigbands.<\/p>\n<p>Zwei Wochen sp\u00e4ter ging es dann wirklich zur Sache: Das Konzert am 11. Mai begann mit der AAG-Bigband und unserem Showstopper <em>Watermelon Man<\/em>, der die beiden Gitarristen Maurice Hoffmann und Andreas Barnowsky mit energiegeladenen, virtuosen Soli featurete und den Jan-Phillip Pfeifer mit rockigen Beats unterlegte. Danach folgte der Klassiker <em>Ain\u2019t No Sunshine<\/em>, bei dem Tunc Kesking\u00f6z mit viel Soul in der Stimme hinzutrat. Als Solisten traten zudem routiniert Etienne Springer, Thorben Schwarz und Robert Giegling in den Vordergrund. Nach dem energiegeladenen Swingtune <em>Groovin\u2018 Hard<\/em> von Don Menza, das die Saxophonsection in den Mittelpunkt r\u00fcckte, folgte eine absolute Premiere: In einem HipHop-Medley spielte die AAG-Bigband Songs von Jay Z, Tupac \u00fcber Sido bis zu Jimi Hendrix, bei dem Triple G und Tunc ihre Rap-Skills zeigten. Ihr Set beschloss die Band mit dem Song <em>Valerie<\/em> von Amy Winehouse, bei dem die Sechstkl\u00e4sslerin Jasmin Kleinert gro\u00dfes stimmliches Talent zeigte. Nach diesem rockigen, funkigen Auftakt schuf der Chor mehrstimmig mit Songs wie <em>Can You Feel The Love Tonight<\/em> und <em>Royals<\/em> eine intimere Atmosph\u00e4re. Nach dem St\u00fcck <em>Hanging Tree<\/em> blickten die S\u00e4ngerinnen und S\u00e4nger mit dem Evergreen <em>Let The Sunshine<\/em>, der den Vietnamkrieg thematisiert, in eine optimistische Zukunft.<br \/>\nNach der Pause war es dann so weit: Die Bosch-Bigband vermittelte mit strahlenden Bl\u00e4sers\u00e4tzen und ihrer charmanten S\u00e4ngerin Anna Witzke die positiven Vibes der goldenen Bigband-\u00c4ra Count Basies und seines genialen Arrangeurs Sammy Nestico. Immer wieder trat der Bandleader Josef Herzog, dessen Trompetenspiel an die Kraft des gro\u00dfen Louis Armstrong erinnert, als Solist in Erscheinung. Auch Leadtrompeter Alexander Springer pr\u00e4sentierte sich sowohl als begeisternder Solist wie als S\u00e4nger. Neben St\u00fccken von Count Basie und George Gershwin zeigte die Bosch-Bigband mit <em>Street Life<\/em> auch eine funkigere Seite. Nach gro\u00dfem Applaus spielten Bosch- und AAG-Bigband den Average-White-Band-Hit <em>Pick Up The Pieces<\/em>, bei dem Johann Schwarzkopf mit virtuosen Grooves ein bemerkenswertes Deb\u00fct als Drummer hinlegte. Ein begeistertes Publikum, ein berauschender Abend mit der Bosch-Bigband, der sicherlich, auch nach Aussage der Boschler, eine Neuauflage erh\u00e4lt.<\/p>\n<\/div>\n","protected":false},"excerpt":{"rendered":"<p>&nbsp; Die Band wurde am 2. Oktober 2006 als Schul-AG gegr\u00fcndet, ist mittlerweile auf Bigband-Gr\u00f6\u00dfe angewachsen und z\u00e4hlt 20 Musiker von Klasse 8 &#8211; J2. Das Repertoire der Band reicht [&hellip;]<\/p>\n","protected":false},"author":1,"featured_media":0,"parent":0,"menu_order":0,"comment_status":"closed","ping_status":"closed","template":"","meta":{"_uag_custom_page_level_css":"","_EventAllDay":false,"_EventTimezone":"","_EventStartDate":"","_EventEndDate":"","_EventStartDateUTC":"","_EventEndDateUTC":"","_EventShowMap":false,"_EventShowMapLink":false,"_EventURL":"","_EventCost":"","_EventCostDescription":"","_EventCurrencySymbol":"","_EventCurrencyCode":"","_EventCurrencyPosition":"","_EventDateTimeSeparator":"","_EventTimeRangeSeparator":"","_EventOrganizerID":[],"_EventVenueID":[],"_OrganizerEmail":"","_OrganizerPhone":"","_OrganizerWebsite":"","_VenueAddress":"","_VenueCity":"","_VenueCountry":"","_VenueProvince":"","_VenueState":"","_VenueZip":"","_VenuePhone":"","_VenueURL":"","_VenueStateProvince":"","_VenueLat":"","_VenueLng":"","_VenueShowMap":false,"_VenueShowMapLink":false,"footnotes":""},"class_list":["post-70","page","type-page","status-publish","hentry"],"blocksy_meta":{"styles_descriptor":{"styles":{"desktop":"","tablet":"","mobile":""},"google_fonts":[],"version":6}},"uagb_featured_image_src":{"full":false,"thumbnail":false,"medium":false,"medium_large":false,"large":false,"1536x1536":false,"2048x2048":false},"uagb_author_info":{"display_name":"admin","author_link":"https:\/\/aagy.de\/?author=1"},"uagb_comment_info":0,"uagb_excerpt":"&nbsp; Die Band wurde am 2. Oktober 2006 als Schul-AG gegr\u00fcndet, ist mittlerweile auf Bigband-Gr\u00f6\u00dfe angewachsen und z\u00e4hlt 20 Musiker von Klasse 8 &#8211; J2. Das Repertoire der Band reicht [&hellip;]","jetpack_sharing_enabled":true,"_links":{"self":[{"href":"https:\/\/aagy.de\/index.php?rest_route=\/wp\/v2\/pages\/70","targetHints":{"allow":["GET"]}}],"collection":[{"href":"https:\/\/aagy.de\/index.php?rest_route=\/wp\/v2\/pages"}],"about":[{"href":"https:\/\/aagy.de\/index.php?rest_route=\/wp\/v2\/types\/page"}],"author":[{"embeddable":true,"href":"https:\/\/aagy.de\/index.php?rest_route=\/wp\/v2\/users\/1"}],"replies":[{"embeddable":true,"href":"https:\/\/aagy.de\/index.php?rest_route=%2Fwp%2Fv2%2Fcomments&post=70"}],"version-history":[{"count":19,"href":"https:\/\/aagy.de\/index.php?rest_route=\/wp\/v2\/pages\/70\/revisions"}],"predecessor-version":[{"id":8305,"href":"https:\/\/aagy.de\/index.php?rest_route=\/wp\/v2\/pages\/70\/revisions\/8305"}],"wp:attachment":[{"href":"https:\/\/aagy.de\/index.php?rest_route=%2Fwp%2Fv2%2Fmedia&parent=70"}],"curies":[{"name":"wp","href":"https:\/\/api.w.org\/{rel}","templated":true}]}}