{"id":6634,"date":"2022-10-10T11:53:41","date_gmt":"2022-10-10T09:53:41","guid":{"rendered":"https:\/\/www.aagy.de\/?page_id=6634"},"modified":"2024-10-31T10:47:15","modified_gmt":"2024-10-31T09:47:15","slug":"digital-historytelling","status":"publish","type":"page","link":"https:\/\/aagy.de\/?page_id=6634","title":{"rendered":"Digital Historytelling"},"content":{"rendered":"<div style=\"text-align: center;\"><b>Geschichtsnachmittage am AAG: Sei dabei und schreibe Geschichte!<\/b><\/div>\n<div style=\"text-align: justify;\">Was w\u00e4re, wenn die R\u00f6mer mit den Galliern gechattet h\u00e4tten? Was h\u00e4tte Kleopatra gepostet und h\u00e4tte Caesar es gelikt? Welche spannenden Geschichten erz\u00e4hlt ihr selbst digital? Kommt bei den Geschichtsnachmittagen vorbei und findet es heraus! Eingeladen sind alle Sch\u00fcler:innen der Klassen 6-12, die Spa\u00df an Geschichte haben und kreativ erz\u00e4hlen wollen.<br \/><center><a href=\"https:\/\/www.aagy.de\/wp-content\/uploads\/2023\/09\/Image-scaled.jpeg\"><img decoding=\"async\" style=\"width: 33%; margin: 10px 0px 0px 10px;\" src=\"https:\/\/www.aagy.de\/wp-content\/uploads\/2023\/09\/Image-scaled.jpeg\" \/><\/a><br \/><small><em>Eindr\u00fccke aus dem Schuljahr 2022\/23<\/em><\/small><\/center><\/div>\n<p>Die Geschichtsnachmittage pausieren f\u00fcr dieses Schuljahr. Sobald die AG wieder angeboten wird, wirst Du \u00fcber das DSB und die Homepage informiert!<\/p>\n<hr \/>\n<p><b>Mehr Infos auf dem Fyler:<\/b><\/p>\n<center><a href=\"https:\/\/www.aagy.de\/wp-content\/uploads\/2023\/09\/Flyer_DH_SJ-23_24-2023-09-08-14_14_17-scaled.jpg\"><img decoding=\"async\" style=\"width: 60%;\" src=\"https:\/\/www.aagy.de\/wp-content\/uploads\/2023\/09\/Flyer_DH_SJ-23_24-2023-09-08-14_14_17-scaled.jpg\" \/><\/a><\/center><hr \/><center><b>Hier eine kleine Kostprobe der Memes, Posts, Chats und Podcasts, die bisher entstanden sind:<b><\/b><\/b><\/center>\n\n\n<div class=\"wp-block-group is-layout-constrained wp-block-group-is-layout-constrained\">\n<div class=\"wp-block-uagb-container uagb-block-e6dca52c alignfull uagb-is-root-container\"><div class=\"uagb-container-inner-blocks-wrap\">\n<div class=\"wp-block-uagb-container uagb-block-bbc66923\">\n<p style=\"text-align: center;\"><strong>Podcast aus dem Mittelalter &#8211; Folge 1:<\/strong><\/p>\n<audio class=\"wp-audio-shortcode\" id=\"audio-6634-1\" preload=\"none\" style=\"width: 100%;\" controls=\"controls\"><source type=\"audio\/mpeg\" src=\"https:\/\/www.aagy.de\/wp-content\/uploads\/2024\/02\/PodcastMA_Folge-1.m4a?_=1\" \/><a href=\"https:\/\/www.aagy.de\/wp-content\/uploads\/2024\/02\/PodcastMA_Folge-1.m4a\">https:\/\/www.aagy.de\/wp-content\/uploads\/2024\/02\/PodcastMA_Folge-1.m4a<\/a><\/audio>\n<\/div>\n\n\n\n<div class=\"wp-block-uagb-container uagb-block-e16ba37a\">\n<p style=\"text-align: center;\"><strong>Ein Gruppenchat aus der Antike:<\/strong><\/p>\n<p><video controls=\"controls\" width=\"300\" height=\"150\">\n<source src=\"https:\/\/www.aagy.de\/wp-content\/uploads\/2024\/02\/Chat_Tiere-in-der-Arena.mov\" \/><\/video><\/p>\n<\/div>\n\n\n\n<div class=\"wp-block-uagb-container uagb-block-8a4b8fd5\">\n<p><a href=\"https:\/\/www.aagy.de\/wp-content\/uploads\/2024\/02\/Digital-Historytelling-13-2024-02-21-07_56_42.png\"><img loading=\"lazy\" decoding=\"async\" class=\"size-medium wp-image-7828 aligncenter\" src=\"https:\/\/www.aagy.de\/wp-content\/uploads\/2024\/02\/Digital-Historytelling-13-2024-02-21-07_56_42-212x300.png\" alt=\"\" width=\"212\" height=\"300\" srcset=\"https:\/\/aagy.de\/wp-content\/uploads\/2024\/02\/Digital-Historytelling-13-2024-02-21-07_56_42-212x300.png 212w, https:\/\/aagy.de\/wp-content\/uploads\/2024\/02\/Digital-Historytelling-13-2024-02-21-07_56_42-724x1024.png 724w, https:\/\/aagy.de\/wp-content\/uploads\/2024\/02\/Digital-Historytelling-13-2024-02-21-07_56_42-768x1086.png 768w, https:\/\/aagy.de\/wp-content\/uploads\/2024\/02\/Digital-Historytelling-13-2024-02-21-07_56_42-600x849.png 600w, https:\/\/aagy.de\/wp-content\/uploads\/2024\/02\/Digital-Historytelling-13-2024-02-21-07_56_42-1086x1536.png 1086w, https:\/\/aagy.de\/wp-content\/uploads\/2024\/02\/Digital-Historytelling-13-2024-02-21-07_56_42-1448x2048.png 1448w, https:\/\/aagy.de\/wp-content\/uploads\/2024\/02\/Digital-Historytelling-13-2024-02-21-07_56_42-1320x1867.png 1320w, https:\/\/aagy.de\/wp-content\/uploads\/2024\/02\/Digital-Historytelling-13-2024-02-21-07_56_42.png 1587w\" sizes=\"auto, (max-width: 212px) 100vw, 212px\" \/><\/a><\/p>\n<\/div>\n\n\n\n<div class=\"wp-block-uagb-container uagb-block-4ed06162\">\n<p><a href=\"https:\/\/www.aagy.de\/wp-content\/uploads\/2024\/02\/3story.png\"><img loading=\"lazy\" decoding=\"async\" class=\"size-medium wp-image-7829 aligncenter\" src=\"https:\/\/www.aagy.de\/wp-content\/uploads\/2024\/02\/3story-121x300.png\" alt=\"\" width=\"121\" height=\"300\" srcset=\"https:\/\/aagy.de\/wp-content\/uploads\/2024\/02\/3story-121x300.png 121w, https:\/\/aagy.de\/wp-content\/uploads\/2024\/02\/3story-412x1024.png 412w, https:\/\/aagy.de\/wp-content\/uploads\/2024\/02\/3story-600x1492.png 600w, https:\/\/aagy.de\/wp-content\/uploads\/2024\/02\/3story-618x1536.png 618w, https:\/\/aagy.de\/wp-content\/uploads\/2024\/02\/3story.png 620w\" sizes=\"auto, (max-width: 121px) 100vw, 121px\" \/><\/a><\/p>\n<\/div>\n<\/div><\/div>\n<\/div>\n","protected":false},"excerpt":{"rendered":"<p>Geschichtsnachmittage am AAG: Sei dabei und schreibe Geschichte! Was w\u00e4re, wenn die R\u00f6mer mit den Galliern gechattet h\u00e4tten? Was h\u00e4tte Kleopatra gepostet und h\u00e4tte Caesar es gelikt? Welche spannenden Geschichten [&hellip;]<\/p>\n","protected":false},"author":468,"featured_media":0,"parent":0,"menu_order":0,"comment_status":"closed","ping_status":"closed","template":"","meta":{"_uag_custom_page_level_css":"","_EventAllDay":false,"_EventTimezone":"","_EventStartDate":"","_EventEndDate":"","_EventStartDateUTC":"","_EventEndDateUTC":"","_EventShowMap":false,"_EventShowMapLink":false,"_EventURL":"","_EventCost":"","_EventCostDescription":"","_EventCurrencySymbol":"","_EventCurrencyCode":"","_EventCurrencyPosition":"","_EventDateTimeSeparator":"","_EventTimeRangeSeparator":"","_EventOrganizerID":[],"_EventVenueID":[],"_OrganizerEmail":"","_OrganizerPhone":"","_OrganizerWebsite":"","_VenueAddress":"","_VenueCity":"","_VenueCountry":"","_VenueProvince":"","_VenueState":"","_VenueZip":"","_VenuePhone":"","_VenueURL":"","_VenueStateProvince":"","_VenueLat":"","_VenueLng":"","_VenueShowMap":false,"_VenueShowMapLink":false,"footnotes":""},"class_list":["post-6634","page","type-page","status-publish","hentry"],"blocksy_meta":{"styles_descriptor":{"styles":{"desktop":"","tablet":"","mobile":""},"google_fonts":[],"version":6}},"uagb_featured_image_src":{"full":false,"thumbnail":false,"medium":false,"medium_large":false,"large":false,"1536x1536":false,"2048x2048":false},"uagb_author_info":{"display_name":"Daniel Lengwenat","author_link":"https:\/\/aagy.de\/?author=468"},"uagb_comment_info":0,"uagb_excerpt":"Geschichtsnachmittage am AAG: Sei dabei und schreibe Geschichte! Was w\u00e4re, wenn die R\u00f6mer mit den Galliern gechattet h\u00e4tten? Was h\u00e4tte Kleopatra gepostet und h\u00e4tte Caesar es gelikt? Welche spannenden Geschichten [&hellip;]","jetpack_sharing_enabled":true,"_links":{"self":[{"href":"https:\/\/aagy.de\/index.php?rest_route=\/wp\/v2\/pages\/6634","targetHints":{"allow":["GET"]}}],"collection":[{"href":"https:\/\/aagy.de\/index.php?rest_route=\/wp\/v2\/pages"}],"about":[{"href":"https:\/\/aagy.de\/index.php?rest_route=\/wp\/v2\/types\/page"}],"author":[{"embeddable":true,"href":"https:\/\/aagy.de\/index.php?rest_route=\/wp\/v2\/users\/468"}],"replies":[{"embeddable":true,"href":"https:\/\/aagy.de\/index.php?rest_route=%2Fwp%2Fv2%2Fcomments&post=6634"}],"version-history":[{"count":14,"href":"https:\/\/aagy.de\/index.php?rest_route=\/wp\/v2\/pages\/6634\/revisions"}],"predecessor-version":[{"id":8295,"href":"https:\/\/aagy.de\/index.php?rest_route=\/wp\/v2\/pages\/6634\/revisions\/8295"}],"wp:attachment":[{"href":"https:\/\/aagy.de\/index.php?rest_route=%2Fwp%2Fv2%2Fmedia&parent=6634"}],"curies":[{"name":"wp","href":"https:\/\/api.w.org\/{rel}","templated":true}]}}