{"id":6417,"date":"2022-09-15T13:02:01","date_gmt":"2022-09-15T11:02:01","guid":{"rendered":"https:\/\/www.aagy.de\/?page_id=6417"},"modified":"2024-02-25T09:54:22","modified_gmt":"2024-02-25T08:54:22","slug":"auss","status":"publish","type":"page","link":"https:\/\/aagy.de\/?page_id=6417","title":{"rendered":"Grunds\u00e4tze zu au\u00dferunterrichtlichen Veranstaltungen (auV)"},"content":{"rendered":"<p>Sehr geehrte Eltern und Sch\u00fclerinnen und Sch\u00fcler,<\/p>\n<p>wir m\u00f6chten Sie mit diesem <a href=\"https:\/\/www.aagy.de\/wp-content\/uploads\/2024\/02\/AuV-Grundsaetze_V8.pdf\">Schreiben<\/a> \u00fcber unsere Grunds\u00e4tze bez\u00fcglich au\u00dferunterrichtlicher Veranstaltungen (auV) informieren.<\/p>\n","protected":false},"excerpt":{"rendered":"<p>Sehr geehrte Eltern und Sch\u00fclerinnen und Sch\u00fcler, wir m\u00f6chten Sie mit diesem Schreiben \u00fcber unsere Grunds\u00e4tze bez\u00fcglich au\u00dferunterrichtlicher Veranstaltungen (auV) informieren.<\/p>\n","protected":false},"author":468,"featured_media":0,"parent":82,"menu_order":7,"comment_status":"closed","ping_status":"closed","template":"","meta":{"_uag_custom_page_level_css":"","_EventAllDay":false,"_EventTimezone":"","_EventStartDate":"","_EventEndDate":"","_EventStartDateUTC":"","_EventEndDateUTC":"","_EventShowMap":false,"_EventShowMapLink":false,"_EventURL":"","_EventCost":"","_EventCostDescription":"","_EventCurrencySymbol":"","_EventCurrencyCode":"","_EventCurrencyPosition":"","_EventDateTimeSeparator":"","_EventTimeRangeSeparator":"","_EventOrganizerID":[],"_EventVenueID":[],"_OrganizerEmail":"","_OrganizerPhone":"","_OrganizerWebsite":"","_VenueAddress":"","_VenueCity":"","_VenueCountry":"","_VenueProvince":"","_VenueState":"","_VenueZip":"","_VenuePhone":"","_VenueURL":"","_VenueStateProvince":"","_VenueLat":"","_VenueLng":"","_VenueShowMap":false,"_VenueShowMapLink":false,"footnotes":""},"class_list":["post-6417","page","type-page","status-publish","hentry"],"blocksy_meta":{"styles_descriptor":{"styles":{"desktop":"","tablet":"","mobile":""},"google_fonts":[],"version":6}},"uagb_featured_image_src":{"full":false,"thumbnail":false,"medium":false,"medium_large":false,"large":false,"1536x1536":false,"2048x2048":false},"uagb_author_info":{"display_name":"Daniel Lengwenat","author_link":"https:\/\/aagy.de\/?author=468"},"uagb_comment_info":0,"uagb_excerpt":"Sehr geehrte Eltern und Sch\u00fclerinnen und Sch\u00fcler, wir m\u00f6chten Sie mit diesem Schreiben \u00fcber unsere Grunds\u00e4tze bez\u00fcglich au\u00dferunterrichtlicher Veranstaltungen (auV) informieren.","jetpack_sharing_enabled":true,"_links":{"self":[{"href":"https:\/\/aagy.de\/index.php?rest_route=\/wp\/v2\/pages\/6417","targetHints":{"allow":["GET"]}}],"collection":[{"href":"https:\/\/aagy.de\/index.php?rest_route=\/wp\/v2\/pages"}],"about":[{"href":"https:\/\/aagy.de\/index.php?rest_route=\/wp\/v2\/types\/page"}],"author":[{"embeddable":true,"href":"https:\/\/aagy.de\/index.php?rest_route=\/wp\/v2\/users\/468"}],"replies":[{"embeddable":true,"href":"https:\/\/aagy.de\/index.php?rest_route=%2Fwp%2Fv2%2Fcomments&post=6417"}],"version-history":[{"count":4,"href":"https:\/\/aagy.de\/index.php?rest_route=\/wp\/v2\/pages\/6417\/revisions"}],"predecessor-version":[{"id":7813,"href":"https:\/\/aagy.de\/index.php?rest_route=\/wp\/v2\/pages\/6417\/revisions\/7813"}],"up":[{"embeddable":true,"href":"https:\/\/aagy.de\/index.php?rest_route=\/wp\/v2\/pages\/82"}],"wp:attachment":[{"href":"https:\/\/aagy.de\/index.php?rest_route=%2Fwp%2Fv2%2Fmedia&parent=6417"}],"curies":[{"name":"wp","href":"https:\/\/api.w.org\/{rel}","templated":true}]}}