{"id":59,"date":"2015-09-23T14:08:51","date_gmt":"2015-09-23T12:08:51","guid":{"rendered":"http:\/\/129.143.231.234\/wp\/?page_id=59"},"modified":"2023-11-29T09:48:02","modified_gmt":"2023-11-29T08:48:02","slug":"foerdern-und-fordern","status":"publish","type":"page","link":"https:\/\/aagy.de\/?page_id=59","title":{"rendered":"F\u00f6rdern und Fordern"},"content":{"rendered":"<div style=\"text-align:justify\">\n<h5>Schw\u00e4chen \u00fcberwinden \u2013 St\u00e4rken ausbauen<\/h5>\n<p>Sch\u00fclerinnen und Sch\u00fcler haben bekannterma\u00dfen ganz unterschiedliche St\u00e4rken und Schw\u00e4chen. Dieser Vielfalt wird am AAG durch diverse Angebote und Ma\u00dfnahmen Rechnung getragen. Wichtig ist uns dabei, dass die Sch\u00fclerinnen und Sch\u00fcler darin gest\u00e4rkt werden, sowohl Selbstverantwortung f\u00fcr das eigene Lernen zu \u00fcbernehmen als auch Mitverantwortung f\u00fcr das Lernen der Klassenkameraden (z.B. bei kooperativen Lernformen, beim Durchlaufen der Lernspiralen nach Klippert etc., vgl. <a href=\"https:\/\/www.aagy.de\/wp-content\/uploads\/2021\/01\/Leitbild.pdf\">Leitbild<\/a>).<\/p>\n<h5>Unser Angebot<\/h5>\n<ul>\n<li>F\u00f6rderunterricht In Mathematik, Deutsch und Englisch in Klassenstufe 5 und 6<\/li>\n<li>Methoden-Tage in den Klassenstufen 5,6, und 7 und Methoden-Curriculum<\/li>\n<li>Lernbox statt Stundenausfall (Vertretungskonzept in allen Klassenstufen)<\/li>\n<li>Vertiefungsstunden in Mathematik und den Fremdsprachen Kl. 10<\/li>\n<li>gezielt vermittelte Nachhilfe <a href=\"https:\/\/www.aagy.de\/?page_id=5420\">&#8222;Sch\u00fcler helfen Sch\u00fclern&#8220;<\/a><\/li>\n<li>Franz\u00f6sisches Sprachzertifikat &#8222;<a href=\"https:\/\/www.aagy.de\/?page_id=3222\">DELF int\u00e9gr\u00e9<\/a>&#8220; in Klassenstufe 10<\/li>\n<li>&#8222;<a href=\"https:\/\/www.aagy.de\/?page_id=72\">Mathe +<\/a>&#8220; in der Oberstufe<\/li>\n<\/ul>\n<p>Dar\u00fcber hinaus gibt es AGs wie die <em>Big Band<\/em>, die <em>Theater-AG<\/em> oder <em>&#8222;Chemie im Alltag&#8220;<\/em> (ein Bericht \u00fcber eine erfolgreiche Teilnahme am gleichnamigen Wettbewerb finden Sie <a href=\"https:\/\/www.aagy.de\/?p=4278\">hier<\/a>), wo wir uns freuen, wenn Sch\u00fclerinnen und Sch\u00fcler ihre besonderen Begabungen mit einbringen und weiter ausbauen.<\/p>\n<\/div>\n","protected":false},"excerpt":{"rendered":"<p>Schw\u00e4chen \u00fcberwinden \u2013 St\u00e4rken ausbauen Sch\u00fclerinnen und Sch\u00fcler haben bekannterma\u00dfen ganz unterschiedliche St\u00e4rken und Schw\u00e4chen. Dieser Vielfalt wird am AAG durch diverse Angebote und Ma\u00dfnahmen Rechnung getragen. Wichtig ist uns [&hellip;]<\/p>\n","protected":false},"author":1,"featured_media":0,"parent":0,"menu_order":0,"comment_status":"closed","ping_status":"closed","template":"","meta":{"_uag_custom_page_level_css":"","_EventAllDay":false,"_EventTimezone":"","_EventStartDate":"","_EventEndDate":"","_EventStartDateUTC":"","_EventEndDateUTC":"","_EventShowMap":false,"_EventShowMapLink":false,"_EventURL":"","_EventCost":"","_EventCostDescription":"","_EventCurrencySymbol":"","_EventCurrencyCode":"","_EventCurrencyPosition":"","_EventDateTimeSeparator":"","_EventTimeRangeSeparator":"","_EventOrganizerID":[],"_EventVenueID":[],"_OrganizerEmail":"","_OrganizerPhone":"","_OrganizerWebsite":"","_VenueAddress":"","_VenueCity":"","_VenueCountry":"","_VenueProvince":"","_VenueState":"","_VenueZip":"","_VenuePhone":"","_VenueURL":"","_VenueStateProvince":"","_VenueLat":"","_VenueLng":"","_VenueShowMap":false,"_VenueShowMapLink":false,"footnotes":""},"class_list":["post-59","page","type-page","status-publish","hentry"],"blocksy_meta":{"styles_descriptor":{"styles":{"desktop":"","tablet":"","mobile":""},"google_fonts":[],"version":6}},"uagb_featured_image_src":{"full":false,"thumbnail":false,"medium":false,"medium_large":false,"large":false,"1536x1536":false,"2048x2048":false},"uagb_author_info":{"display_name":"admin","author_link":"https:\/\/aagy.de\/?author=1"},"uagb_comment_info":0,"uagb_excerpt":"Schw\u00e4chen \u00fcberwinden \u2013 St\u00e4rken ausbauen Sch\u00fclerinnen und Sch\u00fcler haben bekannterma\u00dfen ganz unterschiedliche St\u00e4rken und Schw\u00e4chen. Dieser Vielfalt wird am AAG durch diverse Angebote und Ma\u00dfnahmen Rechnung getragen. Wichtig ist uns [&hellip;]","jetpack_sharing_enabled":true,"_links":{"self":[{"href":"https:\/\/aagy.de\/index.php?rest_route=\/wp\/v2\/pages\/59","targetHints":{"allow":["GET"]}}],"collection":[{"href":"https:\/\/aagy.de\/index.php?rest_route=\/wp\/v2\/pages"}],"about":[{"href":"https:\/\/aagy.de\/index.php?rest_route=\/wp\/v2\/types\/page"}],"author":[{"embeddable":true,"href":"https:\/\/aagy.de\/index.php?rest_route=\/wp\/v2\/users\/1"}],"replies":[{"embeddable":true,"href":"https:\/\/aagy.de\/index.php?rest_route=%2Fwp%2Fv2%2Fcomments&post=59"}],"version-history":[{"count":14,"href":"https:\/\/aagy.de\/index.php?rest_route=\/wp\/v2\/pages\/59\/revisions"}],"predecessor-version":[{"id":5612,"href":"https:\/\/aagy.de\/index.php?rest_route=\/wp\/v2\/pages\/59\/revisions\/5612"}],"wp:attachment":[{"href":"https:\/\/aagy.de\/index.php?rest_route=%2Fwp%2Fv2%2Fmedia&parent=59"}],"curies":[{"name":"wp","href":"https:\/\/api.w.org\/{rel}","templated":true}]}}