{"id":3857,"date":"2019-11-12T16:55:08","date_gmt":"2019-11-12T15:55:08","guid":{"rendered":"https:\/\/www.aagy.de\/wp\/?page_id=3857"},"modified":"2021-12-13T10:28:32","modified_gmt":"2021-12-13T09:28:32","slug":"delf","status":"publish","type":"page","link":"https:\/\/aagy.de\/?page_id=3857","title":{"rendered":"DELF-AG"},"content":{"rendered":"<div style=\"text-align:justify\"> <b>Was macht man in der Delf-AG?<\/b><br \/>\nWir (das sind Sch\u00fcler\/innen der Klasse 10) treffen uns alle zwei Wochen, um uns auf die m\u00fcndliche Delfpr\u00fcfung im Fr\u00fchjahr vorzubereiten.  Deshalb steht das Sprechen auf Franz\u00f6sisch absolut im Vordergrund: Wir \u00fcben die einzelnen Pr\u00fcfungsteile, indem wir Dialoge untereinander f\u00fchren und uns gegenseitig die Fragen stellen, die evtl. auch die Pr\u00fcferin stellen k\u00f6nnte.<\/p>\n<p>Die Vorbereitung f\u00fcr das DELF-Zertifikat (&#8222;Pr\u00e9paration au DELF&#8220;) findet <b>mittwochs von 12:55-13:40 im Raum 406<\/b> unter der Leitung von <em>Frau Gr\u00fcbel<\/em> und <em>Frau Friese<\/em> statt.<\/p>\n<hr>\n<p><b>F\u00e9licitations: \u00dcberreichung der Delf-Zertifikate an 17 Sch\u00fcler:innen aus der J1<\/b><\/p>\n<p>Am Donnerstag, den 09.12.21, war es so weit: 17 Sch\u00fcler:innen konnten aus den H\u00e4nden von Schulleiter Herrn Salomon ein Zertifikat entgegennehmen, das belegt, dass sie die Delf-Pr\u00fcfungen f\u00fcr das Niveau B1 im Rahmen des europ\u00e4ischen Referenzrahmens bestanden haben. Anwesend waren auch die Franz\u00f6sischlehrerinnen Stephanie Kindermann und Ruth Gr\u00fcbl, welche die Pr\u00fcfungen vorbereitet und durchgef\u00fchrt haben.<\/p>\n<p>Die anspruchsvollen Pr\u00fcfungen in Form einer zentralen Klassenarbeit und einer m\u00fcndlichen Pr\u00fcfung hatten schon in dem zweiten Halbjahr des letzten Schuljahres stattgefunden. Die Klassenarbeit hatten zun\u00e4chst alle Franz\u00f6sischklassen der Jahrgangstufe 10 geschrieben. Die Teilnahme an der m\u00fcndlichen Pr\u00fcfung zum Erwerb des Zertifikats war auf freiwilliger Basis erfolgt. Ein gro\u00dfer Teil der Vorbereitungszeit hatte aufgrund des Lockdowns nur unter Fernunterrichtbedingungen stattfinden k\u00f6nnen. Auch eine Delf-AG mit dem Ziel, das Sprechen in der Fremdsprache zu trainieren und auf m\u00fcndliche Pr\u00fcfung vorzubereiten, hatte meistens nur online stattfinden k\u00f6nnen.<\/p>\n<p>Umso erfreulicher ist der Erfolg der Sch\u00fcler:innen, die nun durch das Delf-Zertifikat belegen k\u00f6nnen, dass sie die Fremdsprache schriftlich wie m\u00fcndlich relativ sicher beherrschen und sich in nahezu jeder Situation auf Franz\u00f6sisch verst\u00e4ndlich machen k\u00f6nnen.<br \/>\nDie Zertifikate kommen frisch aus Paris, weil sie vom franz\u00f6sischen \u00c4quivalent des Kultusministeriums ausgestellt werden. Diese ist der Initiator des Pilotprojekts \u201eDelf int\u00e9gr\u00e9\u201c, bei dem unsere Schule nun schon zum dritten Mal gerne mitgemacht hat. Mit im Boot sitzen die Instituts fran\u00e7ais, die Kulturvertretungen Frankreichs in Deutschland, f\u00fcr uns das Institut fran\u00e7ais in Stuttgart. Um als Korrektorin und Pr\u00fcferin f\u00fcr Delf t\u00e4tig sein zu d\u00fcrfen, lie\u00dfen sich die zust\u00e4ndigen Franz\u00f6sischlehrerinnen dort durch eine Fortbildung mit abschlie\u00dfender Pr\u00fcfung zertifizieren.<\/p>\n<p>Auch die jetzigen zehnten Klassen sind schon dabei, sich auf die Delf-Pr\u00fcfung im n\u00e4chsten Jahr vorzubereiten. Insgesamt treffen sich zur Zeit 28 Sch\u00fcler:innen in ihrer Mittagspause zur Teilnahme an einer der beiden Delf-AGs.<\/p>\n<p>Insgesamt kann man sagen, dass Delf von den Sch\u00fcler:innen sehr gut angenommen wird und die Teilnahme an diesem Pilotprojekt ein Erfolg ist. Wir begl\u00fcckw\u00fcnschen alle DELF-Absolvent:innen zu ihrem Zertifikat und w\u00fcnschen allen Zehntkl\u00e4ssler:innen viel Erfolg bei ihren Pr\u00fcfungen im n\u00e4chsten Fr\u00fchjahr!<\/p>\n<p>Gr<\/p>\n<p><img decoding=\"async\" src=\"https:\/\/www.aagy.de\/wp-content\/uploads\/2021\/12\/Bild-2-Delf-scaled.jpg\"><\/p>\n<\/div>\n","protected":false},"excerpt":{"rendered":"<p>Was macht man in der Delf-AG? Wir (das sind Sch\u00fcler\/innen der Klasse 10) treffen uns alle zwei Wochen, um uns auf die m\u00fcndliche Delfpr\u00fcfung im Fr\u00fchjahr vorzubereiten. Deshalb steht das [&hellip;]<\/p>\n","protected":false},"author":3,"featured_media":0,"parent":0,"menu_order":0,"comment_status":"closed","ping_status":"closed","template":"","meta":{"_uag_custom_page_level_css":"","_EventAllDay":false,"_EventTimezone":"","_EventStartDate":"","_EventEndDate":"","_EventStartDateUTC":"","_EventEndDateUTC":"","_EventShowMap":false,"_EventShowMapLink":false,"_EventURL":"","_EventCost":"","_EventCostDescription":"","_EventCurrencySymbol":"","_EventCurrencyCode":"","_EventCurrencyPosition":"","_EventDateTimeSeparator":"","_EventTimeRangeSeparator":"","_EventOrganizerID":[],"_EventVenueID":[],"_OrganizerEmail":"","_OrganizerPhone":"","_OrganizerWebsite":"","_VenueAddress":"","_VenueCity":"","_VenueCountry":"","_VenueProvince":"","_VenueState":"","_VenueZip":"","_VenuePhone":"","_VenueURL":"","_VenueStateProvince":"","_VenueLat":"","_VenueLng":"","_VenueShowMap":false,"_VenueShowMapLink":false,"footnotes":""},"class_list":["post-3857","page","type-page","status-publish","hentry"],"blocksy_meta":{"styles_descriptor":{"styles":{"desktop":"","tablet":"","mobile":""},"google_fonts":[],"version":6}},"uagb_featured_image_src":{"full":false,"thumbnail":false,"medium":false,"medium_large":false,"large":false,"1536x1536":false,"2048x2048":false},"uagb_author_info":{"display_name":"Hz","author_link":"https:\/\/aagy.de\/?author=3"},"uagb_comment_info":0,"uagb_excerpt":"Was macht man in der Delf-AG? Wir (das sind Sch\u00fcler\/innen der Klasse 10) treffen uns alle zwei Wochen, um uns auf die m\u00fcndliche Delfpr\u00fcfung im Fr\u00fchjahr vorzubereiten. Deshalb steht das [&hellip;]","jetpack_sharing_enabled":true,"_links":{"self":[{"href":"https:\/\/aagy.de\/index.php?rest_route=\/wp\/v2\/pages\/3857","targetHints":{"allow":["GET"]}}],"collection":[{"href":"https:\/\/aagy.de\/index.php?rest_route=\/wp\/v2\/pages"}],"about":[{"href":"https:\/\/aagy.de\/index.php?rest_route=\/wp\/v2\/types\/page"}],"author":[{"embeddable":true,"href":"https:\/\/aagy.de\/index.php?rest_route=\/wp\/v2\/users\/3"}],"replies":[{"embeddable":true,"href":"https:\/\/aagy.de\/index.php?rest_route=%2Fwp%2Fv2%2Fcomments&post=3857"}],"version-history":[{"count":6,"href":"https:\/\/aagy.de\/index.php?rest_route=\/wp\/v2\/pages\/3857\/revisions"}],"predecessor-version":[{"id":5650,"href":"https:\/\/aagy.de\/index.php?rest_route=\/wp\/v2\/pages\/3857\/revisions\/5650"}],"wp:attachment":[{"href":"https:\/\/aagy.de\/index.php?rest_route=%2Fwp%2Fv2%2Fmedia&parent=3857"}],"curies":[{"name":"wp","href":"https:\/\/api.w.org\/{rel}","templated":true}]}}