{"id":3644,"date":"2019-07-19T08:11:21","date_gmt":"2019-07-19T06:11:21","guid":{"rendered":"https:\/\/www.aagy.de\/wp\/?page_id=3644"},"modified":"2025-10-21T16:16:20","modified_gmt":"2025-10-21T14:16:20","slug":"jugend-trainiert","status":"publish","type":"page","link":"https:\/\/aagy.de\/?page_id=3644","title":{"rendered":"Jugend trainiert f\u00fcr Olympia &#038; Paralympics"},"content":{"rendered":"<div style=\"text-align: justify\"><a href=\"https:\/\/www.jugendtrainiert.com\/\"><img decoding=\"async\" src=\"https:\/\/aagy.de\/wp-content\/uploads\/2025\/10\/csm_Jugend_trainiert_Logo_RGB_1596942ad9.png\" style=\"float:right; margin:3px 0xp 12px 7px; width:10%\"><\/a> Der Schulsportwettbewerb JtfO erm\u00f6glicht es seit nunmehr (fast) 50 Jahren, dass Schulen sich in Wettbewerben verschiedener olympischer Sportarten miteinander messen. So finden Begegnungen statt und werden Erfahrungen erm\u00f6glicht, die die TeilnehmerInnen st\u00e4rkt und \u00fcber den Tellerrand der eigenen Schule hinausblicken l\u00e4sst. <\/p>\n<p>\u201eDer Schulsportwettbewerb Jugend trainiert f\u00fcr Olympia &#038; Paralympics ist ein echtes Highlight im schulischen Leben. Er bringt Bewegung in den Alltag, st\u00e4rkt Teamgeist und Fairness und er\u00f6ffnet Kindern und Jugendlichen die Chance, ihre sportlichen Talente zu entdecken und weiterzuentwickeln. Dabei steht nicht allein die Leistung im Vordergrund, sondern auch die Freude am gemeinsamen Sporttreiben \u2013 ob mit oder ohne Handicap. \u201eJugend trainiert\u201c ist weit mehr als ein Wettbewerb: Er stiftet Gemeinschaft, f\u00f6rdert Freundschaften und schafft Erinnerungen, die weit \u00fcber die Schulzeit hinaus wirken. \u201eJugend trainiert f\u00fcr Olympia &#038; Paralympics zeigt eindrucksvoll, wie Sport verbindet, begeistert und \u00fcber sich hinauswachsen l\u00e4sst.\u201c<br \/>\n<small><em>Theresa Schopper, Ministerin f\u00fcr Kultus, Jugend und Sport des Landes Baden-W\u00fcrttemberg<\/em><\/small><\/div>\n<hr>\n<div style=\"text-align:justify\">In den letzten Jahren feierten die AAGlerinnen und AAGler sportliche Erfolge in den Disziplinen <strong>Beach-\/Volleyball<\/strong>, <strong>Fu\u00dfball<\/strong>, <strong>Handball<\/strong>, <strong>Leichtathletik<\/strong> und <strong>Tennis<\/strong>. Die aktuellsten <strong>Berichte<\/strong> werden regelm\u00e4\u00dfig auf der Startseite ver\u00f6ffentlicht, das <strong>Archiv<\/strong> finden Sie <a href=\"https:\/\/aagy.de\/?page_id=9322\">hier<\/a>.<\/div>\n","protected":false},"excerpt":{"rendered":"<p>Der Schulsportwettbewerb JtfO erm\u00f6glicht es seit nunmehr (fast) 50 Jahren, dass Schulen sich in Wettbewerben verschiedener olympischer Sportarten miteinander messen. So finden Begegnungen statt und werden Erfahrungen erm\u00f6glicht, die die [&hellip;]<\/p>\n","protected":false},"author":3,"featured_media":0,"parent":0,"menu_order":0,"comment_status":"closed","ping_status":"closed","template":"","meta":{"_uag_custom_page_level_css":"","_EventAllDay":false,"_EventTimezone":"","_EventStartDate":"","_EventEndDate":"","_EventStartDateUTC":"","_EventEndDateUTC":"","_EventShowMap":false,"_EventShowMapLink":false,"_EventURL":"","_EventCost":"","_EventCostDescription":"","_EventCurrencySymbol":"","_EventCurrencyCode":"","_EventCurrencyPosition":"","_EventDateTimeSeparator":"","_EventTimeRangeSeparator":"","_EventOrganizerID":[],"_EventVenueID":[],"_OrganizerEmail":"","_OrganizerPhone":"","_OrganizerWebsite":"","_VenueAddress":"","_VenueCity":"","_VenueCountry":"","_VenueProvince":"","_VenueState":"","_VenueZip":"","_VenuePhone":"","_VenueURL":"","_VenueStateProvince":"","_VenueLat":"","_VenueLng":"","_VenueShowMap":false,"_VenueShowMapLink":false,"footnotes":""},"class_list":["post-3644","page","type-page","status-publish","hentry"],"blocksy_meta":{"styles_descriptor":{"styles":{"desktop":"","tablet":"","mobile":""},"google_fonts":[],"version":6}},"uagb_featured_image_src":{"full":false,"thumbnail":false,"medium":false,"medium_large":false,"large":false,"1536x1536":false,"2048x2048":false},"uagb_author_info":{"display_name":"Hz","author_link":"https:\/\/aagy.de\/?author=3"},"uagb_comment_info":0,"uagb_excerpt":"Der Schulsportwettbewerb JtfO erm\u00f6glicht es seit nunmehr (fast) 50 Jahren, dass Schulen sich in Wettbewerben verschiedener olympischer Sportarten miteinander messen. So finden Begegnungen statt und werden Erfahrungen erm\u00f6glicht, die die [&hellip;]","jetpack_sharing_enabled":true,"_links":{"self":[{"href":"https:\/\/aagy.de\/index.php?rest_route=\/wp\/v2\/pages\/3644","targetHints":{"allow":["GET"]}}],"collection":[{"href":"https:\/\/aagy.de\/index.php?rest_route=\/wp\/v2\/pages"}],"about":[{"href":"https:\/\/aagy.de\/index.php?rest_route=\/wp\/v2\/types\/page"}],"author":[{"embeddable":true,"href":"https:\/\/aagy.de\/index.php?rest_route=\/wp\/v2\/users\/3"}],"replies":[{"embeddable":true,"href":"https:\/\/aagy.de\/index.php?rest_route=%2Fwp%2Fv2%2Fcomments&post=3644"}],"version-history":[{"count":20,"href":"https:\/\/aagy.de\/index.php?rest_route=\/wp\/v2\/pages\/3644\/revisions"}],"predecessor-version":[{"id":9343,"href":"https:\/\/aagy.de\/index.php?rest_route=\/wp\/v2\/pages\/3644\/revisions\/9343"}],"wp:attachment":[{"href":"https:\/\/aagy.de\/index.php?rest_route=%2Fwp%2Fv2%2Fmedia&parent=3644"}],"curies":[{"name":"wp","href":"https:\/\/api.w.org\/{rel}","templated":true}]}}