{"id":336,"date":"2015-10-03T20:42:55","date_gmt":"2015-10-03T18:42:55","guid":{"rendered":"http:\/\/129.143.231.234\/wp\/?page_id=336"},"modified":"2026-04-10T15:03:15","modified_gmt":"2026-04-10T13:03:15","slug":"fachschaft-sport","status":"publish","type":"page","link":"https:\/\/aagy.de\/?page_id=336","title":{"rendered":"Sportliche Schwerpunkte"},"content":{"rendered":"<div style=\"text-align:justify\">\n<ul style=\"list-style-type: circle;\">\n<li><a href=\"https:\/\/aagy.de\/?page_id=9761\">Sportwoche<\/a><\/li>\n<li>Spieletonne<\/li>\n<li><a href=\"https:\/\/www.aagy.de\/?page_id=737\">Ski-Schullandheim<\/a><\/li>\n<li><a href=\"https:\/\/www.aagy.de\/?page_id=3644\">Jugend trainiert f\u00fcr Olympia<\/a><\/li>\n<\/ul>\n<p>&nbsp;<\/p>\n<p>Auf dem Schulgel\u00e4nde des Alfred-Amann-Gymnasiums B\u00f6nnigheim (AAG) ist im Schulalltag aufgrund des weitl\u00e4ufigen Schulgel\u00e4ndes Bewegung fast automatisch ein fester Programmteil. \u201eNach einigen Wochen haben sich unsere Sch\u00fcler in der Regel sehr gut auf die verschiedenen Wegstrecken zwischen Klassenzimmer und Physiksaal, zwischen Musiksaal und Sporthalle gut eingestellt. So bekommen alle, Sch\u00fcler und Lehrer, immer wieder eine willkommene Bewegungspause mit frischer Luft um die Nase\u201c, sieht Schulleiter Achim Salomon die Verteilung der Unterrichtsr\u00e4ume auf dem Campus durchaus positiv.<\/p>\n<p>ine weitere M\u00f6glichkeit zur Bewegung in Pausen bietet das Konzept der \u201eSpieletonne\u201c, das bei den F\u00fcnfern und Sechsern sehr beliebt ist und jeden Tag ausgekostet wird.<\/p>\n<p>Dar\u00fcber hinaus spielt Sport und Bewegung seit vielen Jahren am B\u00f6nnigheimer Gymnasium eine gro\u00dfe Rolle: Ein Highlight f\u00fcr jeden \u201eF\u00fcnfer\u201c ist die Sportwoche, ein sportp\u00e4dagogisches Bewegungsprogramm, das auch f\u00fcr die F\u00f6rderung der Klassengemeinschaft gerade zu Beginn der Gymnasialkarriere bedeutsam ist. In Klasse sieben werden die Schullandheimaufenthalte mit viel Sport und Bewegung organisiert. Ob beim Ski- oder im Sommerschullandheim mit verschiedenen Bewegungsprogrammpunkten \u2013 stets sind alle in Bewegung.<\/p>\n<p>Traditionell nehmen die AAG-Gymnasiasten am weltweit gr\u00f6\u00dften Schulsportwettbewerb \u201eJugend trainiert f\u00fcr Olympia\u201c teil. In Sportarten wie Leichtathletik, Handball, Tennis und Volleyball treten die B\u00f6nnigheimer in Schulmannschaften an. \u201eStolz sind wir auch, dass wir jedes Jahr einige Sch\u00fclerinnen und Sch\u00fcler zu den Sch\u00fclermentoren-Lehrg\u00e4ngen der Sportfachverb\u00e4nde schicken k\u00f6nnen. Dieses Kooperationsprogramm \u2013 mit im Boot sind hier auch die Schulbeh\u00f6rden \u2013 bietet interessierten Jugendlichen die Chance, ihre Sportf\u00e4higkeiten zu erweitern und dabei die ersten Erfahrungen als Sportlehrkr\u00e4fte zu sammeln\u201c, zeigt sich Christian Efler, Vorsitzender der AAG-Sportfachschaft \u00fcberzeugt, dass dieses Sportf\u00f6rderprogramm auch die Pers\u00f6nlichkeitsentwicklung der Teilnehmerinnen und Teilnehmer f\u00f6rdert. Und als Schiedsrichter- und Organisationshelfer bei den allj\u00e4hrlichen Weihnachtsturnieren sind die jungen Sportmentoren allemal willkommen. \u201eWas uns auch wichtig ist,\u201c so Efler weiter, \u201cist die Zusammenarbeit \u00fcber die AAG-Schulgrenzen hinweg.\u201c Die Zusammenarbeit mit den Sportfachschaften der B\u00f6nnigheimer Sophie La Roche-Realschule und der Ganerbenschule funktioniert, insbesondere wenn es um Anliegen in Sachen Sportst\u00e4tten und gemeinsame Nutzung von Sportger\u00e4ten geht.<\/p>\n<p>\u201eDas AAG ist ein sportliches Gymnasium, in dem gewisserma\u00dfen alle in Bewegung sind oder, wenn die Sch\u00fcler es m\u00f6gen, aus den eigenen Bewegungsf\u00e4higkeiten mehr machen k\u00f6nnen\u201c, weist Achim Salomon auf die seit vielen Jahren bestehende M\u00f6glichkeit, Sport in der Oberstufe neben Mathematik und Deutsch als Leistungsfach w\u00e4hlen und so sogar ein Sportabitur ablegen zu k\u00f6nnen.<\/p>\n<p>Ef<\/p>\n<\/div>\n","protected":false},"excerpt":{"rendered":"<p>Sportwoche Spieletonne Ski-Schullandheim Jugend trainiert f\u00fcr Olympia &nbsp; Auf dem Schulgel\u00e4nde des Alfred-Amann-Gymnasiums B\u00f6nnigheim (AAG) ist im Schulalltag aufgrund des weitl\u00e4ufigen Schulgel\u00e4ndes Bewegung fast automatisch ein fester Programmteil. \u201eNach einigen [&hellip;]<\/p>\n","protected":false},"author":1,"featured_media":0,"parent":0,"menu_order":0,"comment_status":"closed","ping_status":"closed","template":"","meta":{"_uag_custom_page_level_css":"","_EventAllDay":false,"_EventTimezone":"","_EventStartDate":"","_EventEndDate":"","_EventStartDateUTC":"","_EventEndDateUTC":"","_EventShowMap":false,"_EventShowMapLink":false,"_EventURL":"","_EventCost":"","_EventCostDescription":"","_EventCurrencySymbol":"","_EventCurrencyCode":"","_EventCurrencyPosition":"","_EventDateTimeSeparator":"","_EventTimeRangeSeparator":"","_EventOrganizerID":[],"_EventVenueID":[],"_OrganizerEmail":"","_OrganizerPhone":"","_OrganizerWebsite":"","_VenueAddress":"","_VenueCity":"","_VenueCountry":"","_VenueProvince":"","_VenueState":"","_VenueZip":"","_VenuePhone":"","_VenueURL":"","_VenueStateProvince":"","_VenueLat":"","_VenueLng":"","_VenueShowMap":false,"_VenueShowMapLink":false,"footnotes":""},"class_list":["post-336","page","type-page","status-publish","hentry"],"blocksy_meta":{"styles_descriptor":{"styles":{"desktop":"","tablet":"","mobile":""},"google_fonts":[],"version":6}},"uagb_featured_image_src":{"full":false,"thumbnail":false,"medium":false,"medium_large":false,"large":false,"1536x1536":false,"2048x2048":false},"uagb_author_info":{"display_name":"admin","author_link":"https:\/\/aagy.de\/?author=1"},"uagb_comment_info":0,"uagb_excerpt":"Sportwoche Spieletonne Ski-Schullandheim Jugend trainiert f\u00fcr Olympia &nbsp; Auf dem Schulgel\u00e4nde des Alfred-Amann-Gymnasiums B\u00f6nnigheim (AAG) ist im Schulalltag aufgrund des weitl\u00e4ufigen Schulgel\u00e4ndes Bewegung fast automatisch ein fester Programmteil. \u201eNach einigen [&hellip;]","jetpack_sharing_enabled":true,"_links":{"self":[{"href":"https:\/\/aagy.de\/index.php?rest_route=\/wp\/v2\/pages\/336","targetHints":{"allow":["GET"]}}],"collection":[{"href":"https:\/\/aagy.de\/index.php?rest_route=\/wp\/v2\/pages"}],"about":[{"href":"https:\/\/aagy.de\/index.php?rest_route=\/wp\/v2\/types\/page"}],"author":[{"embeddable":true,"href":"https:\/\/aagy.de\/index.php?rest_route=\/wp\/v2\/users\/1"}],"replies":[{"embeddable":true,"href":"https:\/\/aagy.de\/index.php?rest_route=%2Fwp%2Fv2%2Fcomments&post=336"}],"version-history":[{"count":13,"href":"https:\/\/aagy.de\/index.php?rest_route=\/wp\/v2\/pages\/336\/revisions"}],"predecessor-version":[{"id":9770,"href":"https:\/\/aagy.de\/index.php?rest_route=\/wp\/v2\/pages\/336\/revisions\/9770"}],"wp:attachment":[{"href":"https:\/\/aagy.de\/index.php?rest_route=%2Fwp%2Fv2%2Fmedia&parent=336"}],"curies":[{"name":"wp","href":"https:\/\/api.w.org\/{rel}","templated":true}]}}