{"id":330,"date":"2015-10-03T20:29:36","date_gmt":"2015-10-03T18:29:36","guid":{"rendered":"http:\/\/129.143.231.234\/wp\/?page_id=330"},"modified":"2023-02-15T18:14:32","modified_gmt":"2023-02-15T17:14:32","slug":"ueber-uns","status":"publish","type":"page","link":"https:\/\/aagy.de\/?page_id=330","title":{"rendered":"\u00dcber uns"},"content":{"rendered":"<h4 align=\"CENTER\">Wer wir sind und was wir wollen<\/h4>\n<div style=\"text-align: justify\">Uns ist lieber, wenn nichts passiert&#8230; aber wenn, dann sind wir vorbereitet. Wir, das sind die Schulsanit\u00e4ter und -sanit\u00e4terinnen des Gymnasiums und der Realschule.<\/p>\n<p><img decoding=\"async\" style=\"float:right;margin: 5px 0px 10px 30px\" width=\"300\" src=\"https:\/\/www.aagy.de\/wp-content\/uploads\/2015\/10\/sanis-tragen-768x1024.jpg\">Bei mehr als 1000 Sch\u00fclern sind Unf\u00e4lle im Schulalltag keine Seltenheit. Oft sind die ersten Sekunden oder Minuten f\u00fcr den guten Erfolg einer Hilfeleistung entscheidend. Da liegt es nahe, dass Sch\u00fcler die Notfallversorgung &#8211; und damit ein St\u00fcck Verantwortung f\u00fcr das Schulleben &#8211; selbst in die Hand nehmen. Dies geschieht seit 2001 in B\u00f6nnigheim durch den Schulsanit\u00e4tsdienst. Gut ausgebildete Mitsch\u00fcler versorgen im Notfall ihre verletzten oder erkrankten Mitsch\u00fcler.<\/p>\n<p>Neben soliden Kenntnissen in Erster Hilfe setzt die Arbeit im Schulsanit\u00e4tsdienst ein hohes Ma\u00df an Engagement und absolute Zuverl\u00e4ssigkeit voraus. Die Mitglieder des Schulsanit\u00e4tsdienstes haben alle im Rahmen einer Arbeitsgemeinschaft eine Ausbildung in Erster Hilfe erhalten und sind auch weiterhin regelm\u00e4\u00dfig im Training.<\/p>\n<p>Geleitet wird die Sanit\u00e4tsdienst-Gruppe von Julia Braun (SLRR) und Ingrid Schwahn (AAG). Mittlerweile haben sich die Verantwortlichen so weitergebildet, dass auch eine Ausbildung f\u00fcr die Lehrer der Schulen als Ersthelfer angeboten werden kann.<\/p>\n<p>Die Notfalleins\u00e4tze werden in aller Regel von den Sanit\u00e4tern und Sanit\u00e4terinnen in Eigenverantwortung durchgef\u00fchrt. Sie entscheiden vor Ort, ob sie zus\u00e4tzliche Hilfe ben\u00f6tigen.<br \/>\n&nbsp;<\/p>\n<h4 align=\"CENTER\">Die aktuelle Sani-Mannschaft:<\/h4>\n<\/div>\n<p><center><a href=\"https:\/\/www.aagy.de\/wp-content\/uploads\/2023\/02\/Sani2023.jpg\"><img decoding=\"async\" src=\"https:\/\/www.aagy.de\/wp-content\/uploads\/2023\/02\/Sani2023.jpg\" style=\"width:66%\"><\/a><\/center><\/p>\n","protected":false},"excerpt":{"rendered":"<p>Wer wir sind und was wir wollen Uns ist lieber, wenn nichts passiert&#8230; aber wenn, dann sind wir vorbereitet. Wir, das sind die Schulsanit\u00e4ter und -sanit\u00e4terinnen des Gymnasiums und der [&hellip;]<\/p>\n","protected":false},"author":1,"featured_media":629,"parent":0,"menu_order":0,"comment_status":"closed","ping_status":"closed","template":"","meta":{"_uag_custom_page_level_css":"","_EventAllDay":false,"_EventTimezone":"","_EventStartDate":"","_EventEndDate":"","_EventStartDateUTC":"","_EventEndDateUTC":"","_EventShowMap":false,"_EventShowMapLink":false,"_EventURL":"","_EventCost":"","_EventCostDescription":"","_EventCurrencySymbol":"","_EventCurrencyCode":"","_EventCurrencyPosition":"","_EventDateTimeSeparator":"","_EventTimeRangeSeparator":"","_EventOrganizerID":[],"_EventVenueID":[],"_OrganizerEmail":"","_OrganizerPhone":"","_OrganizerWebsite":"","_VenueAddress":"","_VenueCity":"","_VenueCountry":"","_VenueProvince":"","_VenueState":"","_VenueZip":"","_VenuePhone":"","_VenueURL":"","_VenueStateProvince":"","_VenueLat":"","_VenueLng":"","_VenueShowMap":false,"_VenueShowMapLink":false,"footnotes":""},"class_list":["post-330","page","type-page","status-publish","has-post-thumbnail","hentry"],"blocksy_meta":{"styles_descriptor":{"styles":{"desktop":"","tablet":"","mobile":""},"google_fonts":[],"version":6}},"uagb_featured_image_src":{"full":["https:\/\/aagy.de\/wp-content\/uploads\/2015\/10\/sanis-rueck.jpg",2620,1768,false],"thumbnail":["https:\/\/aagy.de\/wp-content\/uploads\/2015\/10\/sanis-rueck-150x150.jpg",150,150,true],"medium":["https:\/\/aagy.de\/wp-content\/uploads\/2015\/10\/sanis-rueck-300x202.jpg",300,202,true],"medium_large":["https:\/\/aagy.de\/wp-content\/uploads\/2015\/10\/sanis-rueck.jpg",768,518,false],"large":["https:\/\/aagy.de\/wp-content\/uploads\/2015\/10\/sanis-rueck-1024x691.jpg",1024,691,true],"1536x1536":["https:\/\/aagy.de\/wp-content\/uploads\/2015\/10\/sanis-rueck.jpg",1536,1037,false],"2048x2048":["https:\/\/aagy.de\/wp-content\/uploads\/2015\/10\/sanis-rueck.jpg",2048,1382,false]},"uagb_author_info":{"display_name":"admin","author_link":"https:\/\/aagy.de\/?author=1"},"uagb_comment_info":0,"uagb_excerpt":"Wer wir sind und was wir wollen Uns ist lieber, wenn nichts passiert&#8230; aber wenn, dann sind wir vorbereitet. Wir, das sind die Schulsanit\u00e4ter und -sanit\u00e4terinnen des Gymnasiums und der [&hellip;]","jetpack_sharing_enabled":true,"_links":{"self":[{"href":"https:\/\/aagy.de\/index.php?rest_route=\/wp\/v2\/pages\/330","targetHints":{"allow":["GET"]}}],"collection":[{"href":"https:\/\/aagy.de\/index.php?rest_route=\/wp\/v2\/pages"}],"about":[{"href":"https:\/\/aagy.de\/index.php?rest_route=\/wp\/v2\/types\/page"}],"author":[{"embeddable":true,"href":"https:\/\/aagy.de\/index.php?rest_route=\/wp\/v2\/users\/1"}],"replies":[{"embeddable":true,"href":"https:\/\/aagy.de\/index.php?rest_route=%2Fwp%2Fv2%2Fcomments&post=330"}],"version-history":[{"count":15,"href":"https:\/\/aagy.de\/index.php?rest_route=\/wp\/v2\/pages\/330\/revisions"}],"predecessor-version":[{"id":7129,"href":"https:\/\/aagy.de\/index.php?rest_route=\/wp\/v2\/pages\/330\/revisions\/7129"}],"wp:featuredmedia":[{"embeddable":true,"href":"https:\/\/aagy.de\/index.php?rest_route=\/wp\/v2\/media\/629"}],"wp:attachment":[{"href":"https:\/\/aagy.de\/index.php?rest_route=%2Fwp%2Fv2%2Fmedia&parent=330"}],"curies":[{"name":"wp","href":"https:\/\/api.w.org\/{rel}","templated":true}]}}