{"id":3222,"date":"2019-02-16T13:01:05","date_gmt":"2019-02-16T12:01:05","guid":{"rendered":"https:\/\/www.aagy.de\/wp\/?page_id=3222"},"modified":"2019-02-16T13:23:48","modified_gmt":"2019-02-16T12:23:48","slug":"delf-integre","status":"publish","type":"page","link":"https:\/\/aagy.de\/?page_id=3222","title":{"rendered":"DELF int\u00e9gr\u00e9"},"content":{"rendered":"<p><strong><u>Was ist das \u201eDELF int\u00e9gr\u00e9\u201c?<a href=\"https:\/\/www.aagy.de\/wp-content\/uploads\/2019\/02\/delf.jpg\"><img loading=\"lazy\" decoding=\"async\" class=\"size-medium wp-image-3207 alignright\" src=\"https:\/\/www.aagy.de\/wp-content\/uploads\/2019\/02\/delf-300x262.jpg\" alt=\"\" width=\"300\" height=\"262\" srcset=\"https:\/\/aagy.de\/wp-content\/uploads\/2019\/02\/delf-300x262.jpg 300w, https:\/\/aagy.de\/wp-content\/uploads\/2019\/02\/delf.jpg 357w\" sizes=\"auto, (max-width: 300px) 100vw, 300px\" \/><\/a><\/u><\/strong><\/p>\n<p>Die Franz\u00f6sischfachschaft des AAG hat sich erfolgreich um die Teilnahme an einem Pilotprojekt beworben, das seit zwei Jahren vom Kultusministerium in Zusammenarbeit mit der franz\u00f6sischen Botschaft in Berlin sowie dem <em>Centre International d\u2019Etudes P\u00e9dagogiques<\/em> (CIEP) in Paris entwickelt wird:<\/p>\n<p><strong>\u00a0<\/strong><strong>\u201eDELF int\u00e9gr\u00e9\u201c<\/strong> \u2013 die Chance f\u00fcr unsere Sch\u00fclerinnen und Sch\u00fcler, ohne gro\u00dfen Zusatzaufwand an unserer Schule ein lebenslang g\u00fcltiges, international anerkanntes Sprachdiplom in Franz\u00f6sisch zu erwerben.<\/p>\n<p>Das Projekt sieht vor, dass alle Sch\u00fclerinnen und Sch\u00fcler der 10. Klassen im Fach Franz\u00f6sisch eine zentrale Klassenarbeit (H\u00f6rverstehen, Leseverstehen, Textproduktion) schreiben. Im Anschluss k\u00f6nnen sie auf freiwilliger Basis durch eine zus\u00e4tzliche m\u00fcndliche Pr\u00fcfung das <strong>DELF scolaire B1-Diplom <\/strong>erwerben (Verwaltungsgeb\u00fchr des CIEP: 20 \u20ac).<\/p>\n<p><strong><u>Welche Vorteile haben die Sch\u00fclerinnen und Sch\u00fcler durch das DELF scolaire B1-Diplom? <\/u><\/strong><\/p>\n<ul>\n<li>Sie erhalten ein international anerkanntes Diplom zum Nachweis von Franz\u00f6sischkenntnissen.<\/li>\n<li>Bei Bewerbungen (z.B. um einen Praktikums-, Ausbildungs- oder Studienplatz im In- und Ausland) tr\u00e4gt es in vielen Zusammenh\u00e4ngen dazu bei, sich von der \u201ebreiten Masse\u201c von Bewerbern abzusetzen.<\/li>\n<li>Es belegt \u00fcber die Sprachkenntnisse hinaus ein Zusatzengagement der Sch\u00fclerin \/ des Sch\u00fclers.<\/li>\n<li>Die Sch\u00fclerinnen und Sch\u00fcler erlangen oft neue Motivation und bessere Noten im Franz\u00f6sischunterricht.<\/li>\n<li>Die m\u00fcndliche Pr\u00fcfung stellt eine gute Vorbereitung auf den m\u00fcndlichen Teil der Abiturpr\u00fcfung in den Fremdsprachen dar, deren Format der DELF-Pr\u00fcfung \u00e4hnelt.<\/li>\n<\/ul>\n<p>Wir freuen uns, an unserer Schule das DELF int\u00e9gr\u00e9 anbieten zu k\u00f6nnen, und hoffen\u00a0 auf viele motivierte Kandidatinnen und Kandidaten in den m\u00fcndlichen Pr\u00fcfungen.<\/p>\n<p>&nbsp;<\/p>\n<p>Stephanie Kindermann und Nicola Pfeiffer<\/p>\n<p>&nbsp;<\/p>\n","protected":false},"excerpt":{"rendered":"<p>Was ist das \u201eDELF int\u00e9gr\u00e9\u201c? Die Franz\u00f6sischfachschaft des AAG hat sich erfolgreich um die Teilnahme an einem Pilotprojekt beworben, das seit zwei Jahren vom Kultusministerium in Zusammenarbeit mit der franz\u00f6sischen [&hellip;]<\/p>\n","protected":false},"author":1,"featured_media":0,"parent":0,"menu_order":0,"comment_status":"closed","ping_status":"closed","template":"","meta":{"_uag_custom_page_level_css":"","_EventAllDay":false,"_EventTimezone":"","_EventStartDate":"","_EventEndDate":"","_EventStartDateUTC":"","_EventEndDateUTC":"","_EventShowMap":false,"_EventShowMapLink":false,"_EventURL":"","_EventCost":"","_EventCostDescription":"","_EventCurrencySymbol":"","_EventCurrencyCode":"","_EventCurrencyPosition":"","_EventDateTimeSeparator":"","_EventTimeRangeSeparator":"","_EventOrganizerID":[],"_EventVenueID":[],"_OrganizerEmail":"","_OrganizerPhone":"","_OrganizerWebsite":"","_VenueAddress":"","_VenueCity":"","_VenueCountry":"","_VenueProvince":"","_VenueState":"","_VenueZip":"","_VenuePhone":"","_VenueURL":"","_VenueStateProvince":"","_VenueLat":"","_VenueLng":"","_VenueShowMap":false,"_VenueShowMapLink":false,"footnotes":""},"class_list":["post-3222","page","type-page","status-publish","hentry"],"blocksy_meta":{"styles_descriptor":{"styles":{"desktop":"","tablet":"","mobile":""},"google_fonts":[],"version":6}},"uagb_featured_image_src":{"full":false,"thumbnail":false,"medium":false,"medium_large":false,"large":false,"1536x1536":false,"2048x2048":false},"uagb_author_info":{"display_name":"admin","author_link":"https:\/\/aagy.de\/?author=1"},"uagb_comment_info":0,"uagb_excerpt":"Was ist das \u201eDELF int\u00e9gr\u00e9\u201c? Die Franz\u00f6sischfachschaft des AAG hat sich erfolgreich um die Teilnahme an einem Pilotprojekt beworben, das seit zwei Jahren vom Kultusministerium in Zusammenarbeit mit der franz\u00f6sischen [&hellip;]","jetpack_sharing_enabled":true,"_links":{"self":[{"href":"https:\/\/aagy.de\/index.php?rest_route=\/wp\/v2\/pages\/3222","targetHints":{"allow":["GET"]}}],"collection":[{"href":"https:\/\/aagy.de\/index.php?rest_route=\/wp\/v2\/pages"}],"about":[{"href":"https:\/\/aagy.de\/index.php?rest_route=\/wp\/v2\/types\/page"}],"author":[{"embeddable":true,"href":"https:\/\/aagy.de\/index.php?rest_route=\/wp\/v2\/users\/1"}],"replies":[{"embeddable":true,"href":"https:\/\/aagy.de\/index.php?rest_route=%2Fwp%2Fv2%2Fcomments&post=3222"}],"version-history":[{"count":2,"href":"https:\/\/aagy.de\/index.php?rest_route=\/wp\/v2\/pages\/3222\/revisions"}],"predecessor-version":[{"id":3229,"href":"https:\/\/aagy.de\/index.php?rest_route=\/wp\/v2\/pages\/3222\/revisions\/3229"}],"wp:attachment":[{"href":"https:\/\/aagy.de\/index.php?rest_route=%2Fwp%2Fv2%2Fmedia&parent=3222"}],"curies":[{"name":"wp","href":"https:\/\/api.w.org\/{rel}","templated":true}]}}