{"id":322,"date":"2015-10-03T20:24:24","date_gmt":"2015-10-03T18:24:24","guid":{"rendered":"http:\/\/129.143.231.234\/wp\/?page_id=322"},"modified":"2023-01-13T12:37:19","modified_gmt":"2023-01-13T11:37:19","slug":"hall-of-fame","status":"publish","type":"page","link":"https:\/\/aagy.de\/?page_id=322","title":{"rendered":"Hall of Fame"},"content":{"rendered":"<p style=\"text-align:justify\">Wir danken allen ehemaligen Schulsanit\u00e4tern und -sanit\u00e4terinnen f\u00fcr ihren Einsatz. Wo auch immer es euch hinverschlagen hat, bleibt gesund und viel Erfolg auf eurem Lebensweg!<br \/>\nDie Sanit\u00e4ter und Sanit\u00e4terinnern der vergangenen Jahre waren:<\/p>\n<p style=\"float:left;width:50%\">\nAretz, Niklas<br \/>\nB\u00e4zner, Svenja<br \/>\nBaumg\u00e4rtner, Markus<br \/>\nBasile, Stefania<br \/>\nBerendt, Jochen<br \/>\nBerendt, Jolanda<br \/>\nBettaga, Ch\u00e9rine<br \/>\nBinder, Simon<br \/>\nBrodbeck, Anna<br \/>\nB\u00fcchl, Bj\u00f6rn<br \/>\nCasabona, Laura<br \/>\nCasabona, Sarah<br \/>\nDalyan, Deniz<br \/>\nDie\u00dfner, Daniel<br \/>\nEichhorn, Jan<br \/>\nEsayas, Mariam<br \/>\nEsayas, Megdelawit<br \/>\nFellhauer, Simeon<br \/>\nFiedler, Silas<br \/>\nFiesel, Sophia<br \/>\nFischer, Lea<br \/>\nFischer, Rebecca<br \/>\nFriederich, Paula<br \/>\nF\u00fcrnstahl, Cheyenne<br \/>\nGauger, Barbara<br \/>\nGebhardt, Britta<br \/>\nGeiger, Lea<br \/>\nGittinger, Sofia<br \/>\nHaag, Lina<br \/>\nHaag, Lotte<br \/>\nHaag, Paul<br \/>\nH\u00e4derle, Alena<br \/>\nH\u00e4ndel, Clara<br \/>\nH\u00e4ndel, Lydia<br \/>\nH\u00e4ndel, Tobias<br \/>\nHainz, Christopher<br \/>\nHeger, Sandra<br \/>\nHeger, Stefanie<br \/>\nHellerich, Carolin<br \/>\nHerrmann, Steffen<br \/>\nHerzig, Astrid<br \/>\nHirschberg,Mareike<br \/>\nHirschberg, Rebecca<br \/>\nH\u00f6fer, Melissa<br \/>\nH\u00f6rl, Rebecca<br \/>\nHorn, Diana<br \/>\nJ\u00e4ckel, Sarah<br \/>\nJander, Mika<br \/>\nJaumann, Florian<br \/>\nJeltsch, Melina<br \/>\nKandelbinder, Jessica<br \/>\nKaraponagiotidis, Evangelina<br \/>\nKoresch, Adrian<br \/>\nKrauss, Annika<br \/>\nKrieg, Nicolas<br \/>\nK\u00fclekci, Ilayda<br \/>\nLais, Nils<br \/>\nLiebig, Julia<br \/>\nMahl, Pascal<br \/>\nMartin, Leon<br \/>\nMayer, Nils<br \/>\nMerkle, Janina<br \/>\nMichel, Tobias<br \/>\nMirkov, Stefanie<br \/>\nMoosdorf, Alexander<br \/>\nM\u00fcller, Carlotta<br \/>\nM\u00fcller, Jasmin<br \/>\nNguyen, Kiet Long<br \/>\nOdenw\u00e4lder, Jana<br \/>\nOdenw\u00e4lder, Sophia<br \/>\nOlejar, Caja<br \/>\nOpitz, Robin<br \/>\nPacke, Ramona<br \/>\nPapp, Alexander<br \/>\nPerrot, Hannes<br \/>\nPfrommer, Dominic<br \/>\nPiechota, Emelie<br \/>\nPiening, Christoph<br \/>\nPonto, Celina<br \/>\nProvenzale, Davide<br \/>\nPuritscher, Leonie<br \/>\nPyper, Lukas<br \/>\nRau, Lena<br \/>\nRettke, Nick<br \/>\nReuchlin, Selina<br \/>\nRichter, Celine<br \/>\nRuber, Simon<br \/>\nRuff, Melanie<br \/>\nRupprecht, Christian<br \/>\nSanders, Katharina<br \/>\nSch\u00e4fer, Nicole<br \/>\nSchanz, Bianca<br \/>\nSchmatelka, Julia<br \/>\nSchmutz, Patrizia<br \/>\nSchneider, Jennifer<br \/>\nSchopf, Neele<br \/>\nSchreiber, Carolin<br \/>\nSch\u00fctz, Constantin<br \/>\nSch\u00fctz, Ferdinand<br \/>\nSeidlitz, Denis<br \/>\nSieber, Sven<br \/>\nStark, Anna<br \/>\nSt\u00f6ckle, Simone<br \/>\nStreicher, Solveg<br \/>\nTemizy\u00fcz, Kaan<br \/>\nTorak, Emine<br \/>\nTorak, Evin<br \/>\nTorak, Helin<br \/>\nTrinkner, Jasmin<br \/>\nTrinkner, Selina<br \/>\nT\u00fcrkmen, Lara<br \/>\nSeem\u00fcller, Simon<br \/>\nStahl, Yannik<br \/>\nVeigel, Irmtraud<br \/>\nVetter, Marcel<br \/>\nVolz, Elias<br \/>\nUhland, Thomas<br \/>\nWaldenberger, Maximilian<br \/>\nWallner, Jan<br \/>\nWeigel, Lena<br \/>\nZaidi, Lea<br \/>\nZanker, Nicole<br \/>\nZehner, Nicklas<br \/>\nZischka, Rico<\/p>\n<p><a href=\"https:\/\/www.aagy.de\/wp-content\/uploads\/2019\/10\/DSC04392-1024x681.jpg\"><img decoding=\"async\" style=\"float:left;width:50%; margin 0px 0px 50px 0px\" src=\"https:\/\/www.aagy.de\/wp-content\/uploads\/2019\/10\/DSC04392-1024x681.jpg\" alt=\"Sanimannschaft 2019\/20\"><\/a><br \/>\n<em>Sanimannschaft 2019\/20<\/em><\/p>\n<p><a href=\"https:\/\/www.aagy.de\/wp-content\/uploads\/2018\/11\/FC1C9B3A-D01B-4F92-953A-479E6F5CA229-1024x768.jpg\"><img decoding=\"async\" style=\"float:left;width:50%; margin 0px 0px 50px 0px\" src=\"https:\/\/www.aagy.de\/wp-content\/uploads\/2018\/11\/FC1C9B3A-D01B-4F92-953A-479E6F5CA229-1024x768.jpg\" alt=\"Sanimannschaft 2018\/19\"><\/a><br \/>\n<em>Sanimannschaft 2018\/19<\/em><\/p>\n<p><a href=\"https:\/\/www.aagy.de\/wp-content\/uploads\/2017\/12\/Saniteam-17-18.jpg\"><img decoding=\"async\" style=\"float:left;width:50%; margin 0px 0px 50px 0px\" src=\"https:\/\/www.aagy.de\/wp-content\/uploads\/2017\/12\/Saniteam-17-18.jpg\" alt=\"Sanimannschaft 2017\/18\"><\/a><br \/>\n<em>Sanimannschaft 2017\/18<\/em><\/p>\n<p><a href=\"https:\/\/www.aagy.de\/wp-content\/uploads\/2015\/10\/sanis-aktuell-683x1024.jpg\"><img decoding=\"async\" style=\"float:left;width:50%; margin 0px 0px 50px 0px\" src=\"https:\/\/www.aagy.de\/wp-content\/uploads\/2015\/10\/sanis-aktuell-683x1024.jpg\" alt=\"Sanimannschaft 2015\/16\"><\/a><br \/>\n<em>Sanimannschaft 2015\/16<\/em><\/p>\n<p><a href=\"https:\/\/www.aagy.de\/wp-content\/uploads\/2015\/10\/IMG_4141_mod-1024x768.jpg\"><img decoding=\"async\" style=\"float:left;width:50%; margin 0px 0px 50px 0px\" src=\"https:\/\/www.aagy.de\/wp-content\/uploads\/2015\/10\/IMG_4141_mod-1024x768.jpg\" alt=\"Sanimannschaft 2013\/14\"><\/a><br \/>\n<em>Sanimannschaft 2013\/14<\/em><\/p>\n<p><img decoding=\"async\" style=\"float:left;width:50%; margin 0px 0px 50px 0px\" src=\"https:\/\/www.aagy.de\/wp-content\/uploads\/2015\/10\/sanis.jpg\" alt=\"Sanimannschaft 2010\/11\"><br \/>\n<em>Sanimannschaft 2010\/11<\/em><\/p>\n<p style=\"clear:both; text-align:justify\">\nAlle Ehemaligen, die mindestens ein Jahr im Sanit\u00e4tsdienst waren und hier nicht aufgef\u00fchrt sind, werden gebeten, sich an <a href=\"mailto:schulsani@aagy.de\">schulsani@aagy.de<\/a> zu wenden. Wir nehmen euch gerne in die Liste auf.<\/p>\n","protected":false},"excerpt":{"rendered":"<p>Wir danken allen ehemaligen Schulsanit\u00e4tern und -sanit\u00e4terinnen f\u00fcr ihren Einsatz. Wo auch immer es euch hinverschlagen hat, bleibt gesund und viel Erfolg auf eurem Lebensweg! Die Sanit\u00e4ter und Sanit\u00e4terinnern der [&hellip;]<\/p>\n","protected":false},"author":1,"featured_media":0,"parent":0,"menu_order":0,"comment_status":"closed","ping_status":"closed","template":"","meta":{"_uag_custom_page_level_css":"","_EventAllDay":false,"_EventTimezone":"","_EventStartDate":"","_EventEndDate":"","_EventStartDateUTC":"","_EventEndDateUTC":"","_EventShowMap":false,"_EventShowMapLink":false,"_EventURL":"","_EventCost":"","_EventCostDescription":"","_EventCurrencySymbol":"","_EventCurrencyCode":"","_EventCurrencyPosition":"","_EventDateTimeSeparator":"","_EventTimeRangeSeparator":"","_EventOrganizerID":[],"_EventVenueID":[],"_OrganizerEmail":"","_OrganizerPhone":"","_OrganizerWebsite":"","_VenueAddress":"","_VenueCity":"","_VenueCountry":"","_VenueProvince":"","_VenueState":"","_VenueZip":"","_VenuePhone":"","_VenueURL":"","_VenueStateProvince":"","_VenueLat":"","_VenueLng":"","_VenueShowMap":false,"_VenueShowMapLink":false,"footnotes":""},"class_list":["post-322","page","type-page","status-publish","hentry"],"blocksy_meta":{"styles_descriptor":{"styles":{"desktop":"","tablet":"","mobile":""},"google_fonts":[],"version":6}},"uagb_featured_image_src":{"full":false,"thumbnail":false,"medium":false,"medium_large":false,"large":false,"1536x1536":false,"2048x2048":false},"uagb_author_info":{"display_name":"admin","author_link":"https:\/\/aagy.de\/?author=1"},"uagb_comment_info":0,"uagb_excerpt":"Wir danken allen ehemaligen Schulsanit\u00e4tern und -sanit\u00e4terinnen f\u00fcr ihren Einsatz. Wo auch immer es euch hinverschlagen hat, bleibt gesund und viel Erfolg auf eurem Lebensweg! Die Sanit\u00e4ter und Sanit\u00e4terinnern der [&hellip;]","jetpack_sharing_enabled":true,"_links":{"self":[{"href":"https:\/\/aagy.de\/index.php?rest_route=\/wp\/v2\/pages\/322","targetHints":{"allow":["GET"]}}],"collection":[{"href":"https:\/\/aagy.de\/index.php?rest_route=\/wp\/v2\/pages"}],"about":[{"href":"https:\/\/aagy.de\/index.php?rest_route=\/wp\/v2\/types\/page"}],"author":[{"embeddable":true,"href":"https:\/\/aagy.de\/index.php?rest_route=\/wp\/v2\/users\/1"}],"replies":[{"embeddable":true,"href":"https:\/\/aagy.de\/index.php?rest_route=%2Fwp%2Fv2%2Fcomments&post=322"}],"version-history":[{"count":11,"href":"https:\/\/aagy.de\/index.php?rest_route=\/wp\/v2\/pages\/322\/revisions"}],"predecessor-version":[{"id":6961,"href":"https:\/\/aagy.de\/index.php?rest_route=\/wp\/v2\/pages\/322\/revisions\/6961"}],"wp:attachment":[{"href":"https:\/\/aagy.de\/index.php?rest_route=%2Fwp%2Fv2%2Fmedia&parent=322"}],"curies":[{"name":"wp","href":"https:\/\/api.w.org\/{rel}","templated":true}]}}