{"id":320,"date":"2015-10-03T20:16:33","date_gmt":"2015-10-03T18:16:33","guid":{"rendered":"http:\/\/129.143.231.234\/wp\/?page_id=320"},"modified":"2023-01-13T12:33:48","modified_gmt":"2023-01-13T11:33:48","slug":"unsere-aufgaben","status":"publish","type":"page","link":"https:\/\/aagy.de\/?page_id=320","title":{"rendered":"Unsere Aufgaben"},"content":{"rendered":"<table id=\"Tabelle1\" border=\"0\" width=\"100%\" cellspacing=\"3\" cellpadding=\"1\">\n<tbody>\n<tr>\n<td align=\"LEFT\" valign=\"TOP\" bgcolor=\"#6699CC\" width=\"176\"><span style=\"font-family: Verdana,Tahoma,Arial,Helvetica,sans-serif,sans-serif;\"><b>Notfalleins\u00e4tze<\/b><\/span><b><\/b><\/td>\n<td bgcolor=\"#6699CC\" width=\"292\">\n<div style=\"text-align: justify; color: #ffffff; font-family: Verdana,Tahoma,Arial,Helvetica,sans-serif,sans-serif;\">Jeder Sanit\u00e4ter hat an ein bis zwei Schultagen Dienstbereitschaft, wobei j\u00fcngere Mitglieder des Saniteams stets zusammen mit einem erfahreneren Partner den Dienst \u00fcbernehmen. Ein Notfallalarm wird in der Regel durch das Schulsekretariat ausgel\u00f6st. \u00dcber Pager werden die diensthabenden Sanit\u00e4ter aus den Klassenzimmern zum Einsatz gerufen. Nach Einsch\u00e4tzung der Lage leisten sie Erste Hilfe und fordern gegebenenfalls andere Sanit\u00e4ter oder den Rettungsdienst zur Verst\u00e4rkung an. Nach jedem Einsatz wird das verbrauchte Material aufgef\u00fcllt und der Notfall dokumentiert.<\/div>\n<\/td>\n<\/tr>\n<tr>\n<td align=\"LEFT\" valign=\"TOP\" bgcolor=\"#6699CC\" width=\"176\"><span style=\"font-family: Verdana,Tahoma,Arial,Helvetica,sans-serif,sans-serif;\"><b>Pr\u00e4vention<\/b><\/span><b><\/b><\/td>\n<td bgcolor=\"#6699CC\" width=\"292\">\n<div style=\"text-align: justify; color: #ffffff; font-family: Verdana,Tahoma,Arial,Helvetica,sans-serif,sans-serif;\">Der beste Unfall ist der, der erst gar nicht zustande kommt. Schulsanit\u00e4tsdienst bedeutet deshalb auch handeln, bevor es zu Unf\u00e4llen kommt. In regelm\u00e4\u00dfigen Abst\u00e4nden \u00fcberpr\u00fcfen die Schulsanit\u00e4ter das Schulgel\u00e4nde nach Gefahrenstellen (z.B. Glasscherben, hervorstehende Kanten, abgesplitterte Holzteile). Diese werden entweder sofort beseitigt oder den Hausmeistern gemeldet.<\/div>\n<\/td>\n<\/tr>\n<tr>\n<td align=\"LEFT\" valign=\"TOP\" bgcolor=\"#6699CC\" width=\"176\"><span style=\"font-family: Verdana,Tahoma,Arial,Helvetica,sans-serif,sans-serif;\"><b>Kontrolle der Erste-Hilfe-St\u00fctzpunkte<\/b><\/span><b><\/b><\/td>\n<td bgcolor=\"#6699CC\" width=\"292\">\n<div style=\"text-align: justify; color: #ffffff; font-family: Verdana,Tahoma,Arial,Helvetica,sans-serif,sans-serif;\">In jedem Schulgeb\u00e4ude finden sich ein oder mehrere Erste-Hilfe-St\u00fctzpunkte. Die Schulsanit\u00e4ter tragen die Verantwortung daf\u00fcr, dass diese im Notfall ausreichend best\u00fcckt sind.<\/div>\n<\/td>\n<\/tr>\n<tr>\n<td align=\"LEFT\" valign=\"TOP\" bgcolor=\"#6699CC\" width=\"176\"><span style=\"font-family: Verdana,Tahoma,Arial,Helvetica,sans-serif,sans-serif;\"><b>Erste-Hilfe-Kurse<\/b><\/span><b><\/b><\/td>\n<td bgcolor=\"#6699CC\" width=\"292\">\n<div style=\"text-align: justify; color: #ffffff; font-family: Verdana,Tahoma,Arial,Helvetica,sans-serif,sans-serif;\">Die Mitglieder des Schulsanit\u00e4tsdienstes nehmen an den f\u00fcr die Schule angebotenen Erste-Hilfe-Kursen teil. Auf diese Weise wiederholen sie die Grundlagen der Ersten Hilfe und unterst\u00fctzen die Ausbildung neuer Ersthelfer.<br \/>\nMittlerweile finden diese Erste-Hilfe-Kurse mit Zulassung der BG statt, so dass wir auch betriebliche Ersthelfer selbst ausbilden k\u00f6nnen.<\/div>\n<\/td>\n<\/tr>\n<tr>\n<td align=\"LEFT\" valign=\"TOP\" bgcolor=\"#6699CC\" width=\"176\"><span style=\"font-family: Verdana,Tahoma,Arial,Helvetica,sans-serif,sans-serif;\"><b>Schulveranstaltungen<\/b><\/span><b><\/b><\/td>\n<td bgcolor=\"#6699CC\" width=\"292\">\n<div style=\"text-align: justify; color: #ffffff; font-family: Verdana,Tahoma,Arial,Helvetica,sans-serif,sans-serif;\">\u00dcber die obligatorischen Einsatzzeiten im Schulalltag hinaus sind die Schulsanis bei den unterschiedlichsten Veranstaltungen pr\u00e4sent: ob am Weihnachtsturnier, Weihnachtsspektakel, Tag der offenen T\u00fcr, GiveMe5-Abend und weitere Veranstaltungen unserer SMV.<\/div>\n<\/td>\n<\/tr>\n<tr>\n<td align=\"LEFT\" valign=\"TOP\" bgcolor=\"#6699CC\" width=\"176\"><span style=\"font-family: Verdana,Tahoma,Arial,Helvetica,sans-serif,sans-serif;\"><b>Dienstbesprechungen<\/b><\/span><b><\/b><\/td>\n<td bgcolor=\"#6699CC\" width=\"292\">\n<div style=\"text-align: justify; color: #ffffff; font-family: Verdana,Tahoma,Arial,Helvetica,sans-serif,sans-serif;\">Zur Koordination der Arbeit und zum Austausch aktueller Informationen treffen sich die Sanit\u00e4ter vierzehnt\u00e4gig montags in der Mittagspause zur Dienstbesprechung.<br \/>\nAu\u00dferdem soll die Gemeinschaft nicht zu kurz kommen, so dass im Jahr wenigstens ein gemeinsamer Ausflug (in der Vergangenheit Klettern, Kanufahren oder Grillen) stattfindet, um sich nicht nur in den Dienstbesprechungen und offiziellen Veranstaltungen zu sehen.<\/div>\n<\/td>\n<\/tr>\n<tr>\n<td align=\"LEFT\" valign=\"TOP\" bgcolor=\"#6699CC\" width=\"176\"><span style=\"font-family: Verdana,Tahoma,Arial,Helvetica,sans-serif,sans-serif;\"><b>Fortbildung<\/b><\/span><b><\/b><\/td>\n<td bgcolor=\"#6699CC\" width=\"292\">\n<div style=\"text-align: justify; color: #ffffff; font-family: Verdana,Tahoma,Arial,Helvetica,sans-serif,sans-serif;\">Neben der Mitarbeit bei den Erste-Hilfe-Kursen finden weitere Treffen der Schulsanit\u00e4ter statt, die der eigenen Weiterbildung dienen (EH bei Sportverletzungen, Infos zu Diabetes oder professionelles Schminken von Wunden) sowie der Organisation von Ausfl\u00fcgen (\u00fcberregionaler Schulsanit\u00e4tstag, Besuch der Rettungsleitstelle in Ludwigsburg).<\/div>\n<\/td>\n<\/tr>\n<tr>\n<td align=\"LEFT\" valign=\"TOP\" bgcolor=\"#6699CC\" width=\"176\"><span style=\"font-family: Verdana,Tahoma,Arial,Helvetica,sans-serif,sans-serif;\"><b>NAP und MuM<\/b><\/span><b><\/b><\/td>\n<td bgcolor=\"#6699CC\" width=\"292\">\n<div style=\"text-align: justify; color: #ffffff; font-family: Verdana,Tahoma,Arial,Helvetica,sans-serif,sans-serif;\">Schulsanit\u00e4ter tauchen auch als Lehrkr\u00e4fte im regul\u00e4ren Unterricht auf. Im Biologieunterricht der 7. Klasse sind sie mit von der Partie, wenn es darum geht, anderen Sch\u00fclern einen Einblick in die Erste Hilfe zu vermitteln.<\/div>\n<\/td>\n<\/tr>\n<\/tbody>\n<\/table>\n","protected":false},"excerpt":{"rendered":"<p>Notfalleins\u00e4tze Jeder Sanit\u00e4ter hat an ein bis zwei Schultagen Dienstbereitschaft, wobei j\u00fcngere Mitglieder des Saniteams stets zusammen mit einem erfahreneren Partner den Dienst \u00fcbernehmen. Ein Notfallalarm wird in der Regel [&hellip;]<\/p>\n","protected":false},"author":1,"featured_media":0,"parent":0,"menu_order":0,"comment_status":"closed","ping_status":"closed","template":"","meta":{"_uag_custom_page_level_css":"","_EventAllDay":false,"_EventTimezone":"","_EventStartDate":"","_EventEndDate":"","_EventStartDateUTC":"","_EventEndDateUTC":"","_EventShowMap":false,"_EventShowMapLink":false,"_EventURL":"","_EventCost":"","_EventCostDescription":"","_EventCurrencySymbol":"","_EventCurrencyCode":"","_EventCurrencyPosition":"","_EventDateTimeSeparator":"","_EventTimeRangeSeparator":"","_EventOrganizerID":[],"_EventVenueID":[],"_OrganizerEmail":"","_OrganizerPhone":"","_OrganizerWebsite":"","_VenueAddress":"","_VenueCity":"","_VenueCountry":"","_VenueProvince":"","_VenueState":"","_VenueZip":"","_VenuePhone":"","_VenueURL":"","_VenueStateProvince":"","_VenueLat":"","_VenueLng":"","_VenueShowMap":false,"_VenueShowMapLink":false,"footnotes":""},"class_list":["post-320","page","type-page","status-publish","hentry"],"blocksy_meta":{"styles_descriptor":{"styles":{"desktop":"","tablet":"","mobile":""},"google_fonts":[],"version":6}},"uagb_featured_image_src":{"full":false,"thumbnail":false,"medium":false,"medium_large":false,"large":false,"1536x1536":false,"2048x2048":false},"uagb_author_info":{"display_name":"admin","author_link":"https:\/\/aagy.de\/?author=1"},"uagb_comment_info":0,"uagb_excerpt":"Notfalleins\u00e4tze Jeder Sanit\u00e4ter hat an ein bis zwei Schultagen Dienstbereitschaft, wobei j\u00fcngere Mitglieder des Saniteams stets zusammen mit einem erfahreneren Partner den Dienst \u00fcbernehmen. Ein Notfallalarm wird in der Regel [&hellip;]","jetpack_sharing_enabled":true,"_links":{"self":[{"href":"https:\/\/aagy.de\/index.php?rest_route=\/wp\/v2\/pages\/320","targetHints":{"allow":["GET"]}}],"collection":[{"href":"https:\/\/aagy.de\/index.php?rest_route=\/wp\/v2\/pages"}],"about":[{"href":"https:\/\/aagy.de\/index.php?rest_route=\/wp\/v2\/types\/page"}],"author":[{"embeddable":true,"href":"https:\/\/aagy.de\/index.php?rest_route=\/wp\/v2\/users\/1"}],"replies":[{"embeddable":true,"href":"https:\/\/aagy.de\/index.php?rest_route=%2Fwp%2Fv2%2Fcomments&post=320"}],"version-history":[{"count":10,"href":"https:\/\/aagy.de\/index.php?rest_route=\/wp\/v2\/pages\/320\/revisions"}],"predecessor-version":[{"id":6959,"href":"https:\/\/aagy.de\/index.php?rest_route=\/wp\/v2\/pages\/320\/revisions\/6959"}],"wp:attachment":[{"href":"https:\/\/aagy.de\/index.php?rest_route=%2Fwp%2Fv2%2Fmedia&parent=320"}],"curies":[{"name":"wp","href":"https:\/\/api.w.org\/{rel}","templated":true}]}}