{"id":256,"date":"2015-09-30T10:23:18","date_gmt":"2015-09-30T08:23:18","guid":{"rendered":"http:\/\/129.143.231.234\/wp\/?page_id=256"},"modified":"2024-09-20T09:49:07","modified_gmt":"2024-09-20T07:49:07","slug":"theater-ag","status":"publish","type":"page","link":"https:\/\/aagy.de\/?page_id=256","title":{"rendered":"Theater-AG"},"content":{"rendered":"<h5 style=\"text-align: justify;\"><img decoding=\"async\" style=\"float: right; margin: 5px 0px 5px 20px;\" \"width:10%\"=\"\" src=\"https:\/\/www.aagy.de\/wp-content\/uploads\/2015\/09\/Theater.png\"><br \/>\n&nbsp;<br \/>\n&nbsp;<br \/>\nDie Theater-AG startet in die n\u00e4chste Spielzeit&#8230;<\/h5>\n<div style=\"clear:both\"><\/div>\n<div style=\"text-align: justify;\"><img decoding=\"async\" src=\"https:\/\/www.aagy.de\/wp-content\/uploads\/2021\/12\/TheaterAG_Spiegelsaal.jpg\" ;=\"\" style=\"float:left; width:20%; margin:5px 20px 0px 0px\">Die Theater-AG startet in die n\u00e4chste Spielzeit\u2026<\/p>\n<p>Einmal in der Woche hei\u00dft es am AAG: B\u00fchne frei! Dann wird der Spiegelsaal im Keller von Bau III zu den Brettern, die die Welt bedeuten. Die Theater-AG des AAG probt n\u00e4mlich immer donnerstags von 13.15 bis 14.45 Uhr ihr neues St\u00fcck, mit dem sie in der zweiten Schuljahresh\u00e4lfte ihr Publikum begeistern will.<br \/>\nNachdem im letzten Schuljahr \u201eAntigone\u201c \u2013 eine gro\u00df(artig)e Frauengestalt des antiken griechischen Dramas \u2013 unsere Titelheldin war, werden wir uns in diesem Schuljahr auf Zeitreise ins viktorianische England begeben: wir begleiten den Meisterdetektiv Sherlock Holmes bei seinem allerersten Fall! Die Auff\u00fchrungen sind f\u00fcr den 12. und 13. M\u00e4rz 2025 geplant.<\/p>\n<p><em>Philipp Albert<\/em> und <em>Regina Reitermayer<\/em><br \/>\n&nbsp;<\/p>\n<hr>\n<h5>R\u00fcckschau<\/h5>\n<p><a href=\"https:\/\/www.aagy.de\/wp-content\/uploads\/2019\/01\/Krabat-2019-e1552492698811.jpg\"><img decoding=\"async\" style=\"float: left; width: 40%; margin: 5px 20px 0px 0px;\" src=\"https:\/\/www.aagy.de\/wp-content\/uploads\/2019\/01\/Krabat-2019-204x300.jpg\"><\/a> An insgesamt drei Abenden haben die Theater-AG, die Mini-Bigband, der Chor und die AAG-Bigband gemeinsam das St\u00fcck \u201eKrabat\u201c nach Otfried Preu\u00dfler im SJ 2018\/19 zur Auff\u00fchrung gebracht. Die Co-Produktion fand in diesem Rahmen am Alfred-Amann-Gymnasium zum ersten Mal statt.<\/p>\n<p>Zu einem detaillierten Bericht der S\u00fcdwest Presse geht es <a href=\"https:\/\/www.swp.de\/lokales\/boennigheim\/drei-mystische-abende-in-der-boennigheimer-schulaula-30496383.html\">hier<\/a>.<\/p>\n<\/div>\n","protected":false},"excerpt":{"rendered":"<p>&nbsp; &nbsp; Die Theater-AG startet in die n\u00e4chste Spielzeit&#8230; Die Theater-AG startet in die n\u00e4chste Spielzeit\u2026 Einmal in der Woche hei\u00dft es am AAG: B\u00fchne frei! Dann wird der Spiegelsaal [&hellip;]<\/p>\n","protected":false},"author":1,"featured_media":0,"parent":0,"menu_order":0,"comment_status":"closed","ping_status":"closed","template":"","meta":{"_uag_custom_page_level_css":"","_EventAllDay":false,"_EventTimezone":"","_EventStartDate":"","_EventEndDate":"","_EventStartDateUTC":"","_EventEndDateUTC":"","_EventShowMap":false,"_EventShowMapLink":false,"_EventURL":"","_EventCost":"","_EventCostDescription":"","_EventCurrencySymbol":"","_EventCurrencyCode":"","_EventCurrencyPosition":"","_EventDateTimeSeparator":"","_EventTimeRangeSeparator":"","_EventOrganizerID":[],"_EventVenueID":[],"_OrganizerEmail":"","_OrganizerPhone":"","_OrganizerWebsite":"","_VenueAddress":"","_VenueCity":"","_VenueCountry":"","_VenueProvince":"","_VenueState":"","_VenueZip":"","_VenuePhone":"","_VenueURL":"","_VenueStateProvince":"","_VenueLat":"","_VenueLng":"","_VenueShowMap":false,"_VenueShowMapLink":false,"footnotes":""},"class_list":["post-256","page","type-page","status-publish","hentry"],"blocksy_meta":{"styles_descriptor":{"styles":{"desktop":"","tablet":"","mobile":""},"google_fonts":[],"version":6}},"uagb_featured_image_src":{"full":false,"thumbnail":false,"medium":false,"medium_large":false,"large":false,"1536x1536":false,"2048x2048":false},"uagb_author_info":{"display_name":"admin","author_link":"https:\/\/aagy.de\/?author=1"},"uagb_comment_info":0,"uagb_excerpt":"&nbsp; &nbsp; Die Theater-AG startet in die n\u00e4chste Spielzeit&#8230; Die Theater-AG startet in die n\u00e4chste Spielzeit\u2026 Einmal in der Woche hei\u00dft es am AAG: B\u00fchne frei! Dann wird der Spiegelsaal [&hellip;]","jetpack_sharing_enabled":true,"_links":{"self":[{"href":"https:\/\/aagy.de\/index.php?rest_route=\/wp\/v2\/pages\/256","targetHints":{"allow":["GET"]}}],"collection":[{"href":"https:\/\/aagy.de\/index.php?rest_route=\/wp\/v2\/pages"}],"about":[{"href":"https:\/\/aagy.de\/index.php?rest_route=\/wp\/v2\/types\/page"}],"author":[{"embeddable":true,"href":"https:\/\/aagy.de\/index.php?rest_route=\/wp\/v2\/users\/1"}],"replies":[{"embeddable":true,"href":"https:\/\/aagy.de\/index.php?rest_route=%2Fwp%2Fv2%2Fcomments&post=256"}],"version-history":[{"count":35,"href":"https:\/\/aagy.de\/index.php?rest_route=\/wp\/v2\/pages\/256\/revisions"}],"predecessor-version":[{"id":8217,"href":"https:\/\/aagy.de\/index.php?rest_route=\/wp\/v2\/pages\/256\/revisions\/8217"}],"wp:attachment":[{"href":"https:\/\/aagy.de\/index.php?rest_route=%2Fwp%2Fv2%2Fmedia&parent=256"}],"curies":[{"name":"wp","href":"https:\/\/api.w.org\/{rel}","templated":true}]}}