{"id":254,"date":"2015-09-30T10:22:56","date_gmt":"2015-09-30T08:22:56","guid":{"rendered":"http:\/\/129.143.231.234\/wp\/?page_id=254"},"modified":"2025-10-21T13:58:03","modified_gmt":"2025-10-21T11:58:03","slug":"technik-ag","status":"publish","type":"page","link":"https:\/\/aagy.de\/?page_id=254","title":{"rendered":"Technik-AG"},"content":{"rendered":"<div style=\"text-align:justify\">Die Technik-AG trifft sich f\u00fcr gew\u00f6hnlich im Requisitenraum hinter der Treppe von Bau I und wendet sich an Sch\u00fclerInnen ab Klasse 7, die Freude an der technischen Betreuung von Events haben.<\/p>\n<p>Ansprechpartner bei Anfragen, Problemen etc. sind <em>Frau T\u00f6pfer<\/em> und <em>Herr Wahlers<\/em>.<\/p>\n<p>Die Zeiten, zu denen sich die Teilnehmer treffen, werden <strong>\u00fcber die Verantwortlichen und \/oder das dsb<\/strong> kommuniziert und orientieren sich an den Veranstaltungen.<\/p>\n<\/div>\n","protected":false},"excerpt":{"rendered":"<p>Die Technik-AG trifft sich f\u00fcr gew\u00f6hnlich im Requisitenraum hinter der Treppe von Bau I und wendet sich an Sch\u00fclerInnen ab Klasse 7, die Freude an der technischen Betreuung von Events [&hellip;]<\/p>\n","protected":false},"author":1,"featured_media":3474,"parent":0,"menu_order":0,"comment_status":"closed","ping_status":"closed","template":"","meta":{"_uag_custom_page_level_css":"","_EventAllDay":false,"_EventTimezone":"","_EventStartDate":"","_EventEndDate":"","_EventStartDateUTC":"","_EventEndDateUTC":"","_EventShowMap":false,"_EventShowMapLink":false,"_EventURL":"","_EventCost":"","_EventCostDescription":"","_EventCurrencySymbol":"","_EventCurrencyCode":"","_EventCurrencyPosition":"","_EventDateTimeSeparator":"","_EventTimeRangeSeparator":"","_EventOrganizerID":[],"_EventVenueID":[],"_OrganizerEmail":"","_OrganizerPhone":"","_OrganizerWebsite":"","_VenueAddress":"","_VenueCity":"","_VenueCountry":"","_VenueProvince":"","_VenueState":"","_VenueZip":"","_VenuePhone":"","_VenueURL":"","_VenueStateProvince":"","_VenueLat":"","_VenueLng":"","_VenueShowMap":false,"_VenueShowMapLink":false,"footnotes":""},"class_list":["post-254","page","type-page","status-publish","has-post-thumbnail","hentry"],"blocksy_meta":{"styles_descriptor":{"styles":{"desktop":"","tablet":"","mobile":""},"google_fonts":[],"version":6}},"uagb_featured_image_src":{"full":["https:\/\/aagy.de\/wp-content\/uploads\/2019\/05\/technik-ag.jpg",1280,620,false],"thumbnail":["https:\/\/aagy.de\/wp-content\/uploads\/2019\/05\/technik-ag-150x150.jpg",150,150,true],"medium":["https:\/\/aagy.de\/wp-content\/uploads\/2019\/05\/technik-ag-300x145.jpg",300,145,true],"medium_large":["https:\/\/aagy.de\/wp-content\/uploads\/2019\/05\/technik-ag-768x372.jpg",768,372,true],"large":["https:\/\/aagy.de\/wp-content\/uploads\/2019\/05\/technik-ag-1024x496.jpg",1024,496,true],"1536x1536":["https:\/\/aagy.de\/wp-content\/uploads\/2019\/05\/technik-ag.jpg",1280,620,false],"2048x2048":["https:\/\/aagy.de\/wp-content\/uploads\/2019\/05\/technik-ag.jpg",1280,620,false]},"uagb_author_info":{"display_name":"admin","author_link":"https:\/\/aagy.de\/?author=1"},"uagb_comment_info":0,"uagb_excerpt":"Die Technik-AG trifft sich f\u00fcr gew\u00f6hnlich im Requisitenraum hinter der Treppe von Bau I und wendet sich an Sch\u00fclerInnen ab Klasse 7, die Freude an der technischen Betreuung von Events [&hellip;]","jetpack_sharing_enabled":true,"_links":{"self":[{"href":"https:\/\/aagy.de\/index.php?rest_route=\/wp\/v2\/pages\/254","targetHints":{"allow":["GET"]}}],"collection":[{"href":"https:\/\/aagy.de\/index.php?rest_route=\/wp\/v2\/pages"}],"about":[{"href":"https:\/\/aagy.de\/index.php?rest_route=\/wp\/v2\/types\/page"}],"author":[{"embeddable":true,"href":"https:\/\/aagy.de\/index.php?rest_route=\/wp\/v2\/users\/1"}],"replies":[{"embeddable":true,"href":"https:\/\/aagy.de\/index.php?rest_route=%2Fwp%2Fv2%2Fcomments&post=254"}],"version-history":[{"count":11,"href":"https:\/\/aagy.de\/index.php?rest_route=\/wp\/v2\/pages\/254\/revisions"}],"predecessor-version":[{"id":9272,"href":"https:\/\/aagy.de\/index.php?rest_route=\/wp\/v2\/pages\/254\/revisions\/9272"}],"wp:featuredmedia":[{"embeddable":true,"href":"https:\/\/aagy.de\/index.php?rest_route=\/wp\/v2\/media\/3474"}],"wp:attachment":[{"href":"https:\/\/aagy.de\/index.php?rest_route=%2Fwp%2Fv2%2Fmedia&parent=254"}],"curies":[{"name":"wp","href":"https:\/\/api.w.org\/{rel}","templated":true}]}}