{"id":2538,"date":"2017-11-27T18:26:15","date_gmt":"2017-11-27T17:26:15","guid":{"rendered":"https:\/\/www.aagy.de\/wp\/?page_id=2538"},"modified":"2025-10-21T14:32:57","modified_gmt":"2025-10-21T12:32:57","slug":"abiturtermine","status":"publish","type":"page","link":"https:\/\/aagy.de\/?page_id=2538","title":{"rendered":"Abiturtermine"},"content":{"rendered":"<h3>Abitur 2026<\/h3>\n<p>Belehrung:<br \/>\n<em>27.03.2026, 14:00 Uhr im Sitzungssaal \/ Rathaus B\u00f6nnigheim<\/em><\/p>\n<p>schriftliche Pr\u00fcfung:<br \/>\n<em>17.04. &#8211; 06.05.2026<\/em><\/p>\n<p>Wiederbeginn Unterricht:<br \/>\n<em>11.05.2026<\/em><\/p>\n<p>m\u00fcndliche Pr\u00fcfung:<br \/>\n<em>07.07. &#8211; 09.07.2026<\/em><\/p>\n<p>Ausgabe Abiturzeugnisse:<br \/>\n<em>09.07.2026<\/em><\/p>\n<p><b>N\u00e4here und weiterf\u00fchrende Informationen finden Sie auf der Seite des Kultusministeriums unter <a href=\"http:\/\/www.km-bw.de\/\">www.km-bw.de\/<\/a>.<\/b><\/p>\n","protected":false},"excerpt":{"rendered":"<p>Abitur 2026 Belehrung: 27.03.2026, 14:00 Uhr im Sitzungssaal \/ Rathaus B\u00f6nnigheim schriftliche Pr\u00fcfung: 17.04. &#8211; 06.05.2026 Wiederbeginn Unterricht: 11.05.2026 m\u00fcndliche Pr\u00fcfung: 07.07. &#8211; 09.07.2026 Ausgabe Abiturzeugnisse: 09.07.2026 N\u00e4here und weiterf\u00fchrende [&hellip;]<\/p>\n","protected":false},"author":1,"featured_media":0,"parent":0,"menu_order":0,"comment_status":"closed","ping_status":"closed","template":"","meta":{"_uag_custom_page_level_css":"","_EventAllDay":false,"_EventTimezone":"","_EventStartDate":"","_EventEndDate":"","_EventStartDateUTC":"","_EventEndDateUTC":"","_EventShowMap":false,"_EventShowMapLink":false,"_EventURL":"","_EventCost":"","_EventCostDescription":"","_EventCurrencySymbol":"","_EventCurrencyCode":"","_EventCurrencyPosition":"","_EventDateTimeSeparator":"","_EventTimeRangeSeparator":"","_EventOrganizerID":[],"_EventVenueID":[],"_OrganizerEmail":"","_OrganizerPhone":"","_OrganizerWebsite":"","_VenueAddress":"","_VenueCity":"","_VenueCountry":"","_VenueProvince":"","_VenueState":"","_VenueZip":"","_VenuePhone":"","_VenueURL":"","_VenueStateProvince":"","_VenueLat":"","_VenueLng":"","_VenueShowMap":false,"_VenueShowMapLink":false,"footnotes":""},"class_list":["post-2538","page","type-page","status-publish","hentry"],"blocksy_meta":{"styles_descriptor":{"styles":{"desktop":"","tablet":"","mobile":""},"google_fonts":[],"version":6}},"uagb_featured_image_src":{"full":false,"thumbnail":false,"medium":false,"medium_large":false,"large":false,"1536x1536":false,"2048x2048":false},"uagb_author_info":{"display_name":"admin","author_link":"https:\/\/aagy.de\/?author=1"},"uagb_comment_info":0,"uagb_excerpt":"Abitur 2026 Belehrung: 27.03.2026, 14:00 Uhr im Sitzungssaal \/ Rathaus B\u00f6nnigheim schriftliche Pr\u00fcfung: 17.04. &#8211; 06.05.2026 Wiederbeginn Unterricht: 11.05.2026 m\u00fcndliche Pr\u00fcfung: 07.07. &#8211; 09.07.2026 Ausgabe Abiturzeugnisse: 09.07.2026 N\u00e4here und weiterf\u00fchrende [&hellip;]","jetpack_sharing_enabled":true,"_links":{"self":[{"href":"https:\/\/aagy.de\/index.php?rest_route=\/wp\/v2\/pages\/2538","targetHints":{"allow":["GET"]}}],"collection":[{"href":"https:\/\/aagy.de\/index.php?rest_route=\/wp\/v2\/pages"}],"about":[{"href":"https:\/\/aagy.de\/index.php?rest_route=\/wp\/v2\/types\/page"}],"author":[{"embeddable":true,"href":"https:\/\/aagy.de\/index.php?rest_route=\/wp\/v2\/users\/1"}],"replies":[{"embeddable":true,"href":"https:\/\/aagy.de\/index.php?rest_route=%2Fwp%2Fv2%2Fcomments&post=2538"}],"version-history":[{"count":14,"href":"https:\/\/aagy.de\/index.php?rest_route=\/wp\/v2\/pages\/2538\/revisions"}],"predecessor-version":[{"id":9283,"href":"https:\/\/aagy.de\/index.php?rest_route=\/wp\/v2\/pages\/2538\/revisions\/9283"}],"wp:attachment":[{"href":"https:\/\/aagy.de\/index.php?rest_route=%2Fwp%2Fv2%2Fmedia&parent=2538"}],"curies":[{"name":"wp","href":"https:\/\/api.w.org\/{rel}","templated":true}]}}