{"id":252,"date":"2015-09-30T10:22:31","date_gmt":"2015-09-30T08:22:31","guid":{"rendered":"http:\/\/129.143.231.234\/wp\/?page_id=252"},"modified":"2024-09-23T11:21:12","modified_gmt":"2024-09-23T09:21:12","slug":"spiele-ag","status":"publish","type":"page","link":"https:\/\/aagy.de\/?page_id=252","title":{"rendered":"Spiele-AG"},"content":{"rendered":"<p><center><span> <strong> <a href=\"https:\/\/www.aagy.de\/?page_id=536\">Vergangenes Schuljahr<\/a>&nbsp;&nbsp;&nbsp;&nbsp;&nbsp;&nbsp;&nbsp;&nbsp;&nbsp;&nbsp;<a href=\"https:\/\/www.aagy.de\/?page_id=531\">Archiv<\/a>&nbsp;&nbsp;&nbsp;&nbsp;&nbsp;&nbsp;&nbsp;&nbsp;&nbsp;&nbsp;<a href=\"https:\/\/www.aagy.de\/?page_id=284\">LNdS<\/a>&nbsp;&nbsp;&nbsp;&nbsp;&nbsp;&nbsp;&nbsp;&nbsp;&nbsp;&nbsp;<a href=\"https:\/\/www.aagy.de\/?page_id=534\">Artikel<\/a><\/strong><\/span><\/center><\/p>\n<div style=\"text-align: justify;\"> Der <strong>Spielplatz<\/strong>, die Spiele-AG mit Herrn Dinkelbach-Eichhorn und Herrn Wagner, ist als offener Treff konzipiert und findet etwa einmal im Monat statt; die Termine werden dabei rechtzeitig \u00fcber das DSB bekanntgegeben. Ihr k\u00f6nnt ab 13:45 Uhr im Raum 413 vorbeischauen und solange bleiben, wie ihr m\u00f6chtet, l\u00e4ngstens aber, bis der letzte Bus f\u00e4hrt oder wir vom Stuhl fallen.<\/p>\n<p>Mittlerweile k\u00f6nnen wir auf viele erfolgreiche Jahre zur\u00fcckblicken, in denen zahlreiche Sch\u00fclerinnen und Sch\u00fcler immer mal wieder mit uns gemeinsam gespielt haben. Neben den regul\u00e4ren AG-Terminen gab es in der Vergangenheit auch die eine oder andere Besonderheit, hervorzuheben w\u00e4ren hier der \u201eElternabend der besonderen Art\u201c, das Projekt \u201eSpiele, Spiele, Spiele\u201c im Rahmen der Projekttage sowie die <a href=\"https:\/\/www.aagy.de\/?page_id=534\">\u201eLange Nacht der Spiele\u201c<\/a>.<\/p>\n<p>An unseren Spielenachmittagen steht somit eine breite Palette zur Verf\u00fcgung, die von einfachen, schnellen Spielen f\u00fcr Zwischendurch wie <em>\u201eKLASK\u201c<\/em> oder <em>\u201eSpicy\u201c<\/em> und rasch erkl\u00e4rten Spielen wie <em>\u201eCalico\u201c<\/em> \u00fcber Klassiker aus dem Kennerspielbereich wie <em>\u201eFl\u00fcgelschlag\u201c<\/em> und <em>\u201ePaper Tales\u201c<\/em> bis hin zu komplexen Strategiespielen wie <em>\u201eScythe\u201c<\/em> reicht. Auch Partyspiele wie <em>\u201eCodenames\u201c<\/em> oder <em>\u201eWhat Do You Meme?\u201c<\/em> sind vorhanden, die vor allem bei gr\u00f6\u00dferen Gruppen immer wieder f\u00fcr eine Menge Spa\u00df, aber auch emotionale Szenen ganz anderer Natur sorgen!<\/p>\n<\/div>\n<p style=\"text-align: justify\"><strong>Der F\u00f6rderverein des AAG bedankt sich im Namen der Spiele-AG<\/strong> bei Hans im Gl\u00fcck, Asmodee, Abacusspiele, Zoch, cge, alea, eggertspiele, HCM Kinzel, Feuerland, Ravensburger, HeidelB\u00c4R Games, ASS, NSV, Days of Wonder, Lookout Games, Pegasus, Amigo, Board Game Circus, Skellig Games, HABA, Kosmos, Strohmann Games, Spielefaible, HUCH!, adlung, Plan B Games und King Racoon Games f\u00fcr die tolle Unterst\u00fctzung!<\/p>\n<p><center><img decoding=\"async\" src=\"https:\/\/www.aagy.de\/wp-content\/uploads\/2015\/10\/Xidit3.jpg\" alt=\"Da war doch gerade noch... - Lords of Xidit\" title=\"Da war doch gerade noch... - bei Lords of Xidit\"><br \/>\n<em>Da war doch gerade noch&#8230; (bei &#8222;Lords of Xidit&#8220;)<\/em><\/center><\/p>\n<p><b><\/b><b><\/b><b><\/b><b><\/b><b><\/b><b><\/b><b><\/b><\/p>\n","protected":false},"excerpt":{"rendered":"<p>Vergangenes Schuljahr&nbsp;&nbsp;&nbsp;&nbsp;&nbsp;&nbsp;&nbsp;&nbsp;&nbsp;&nbsp;Archiv&nbsp;&nbsp;&nbsp;&nbsp;&nbsp;&nbsp;&nbsp;&nbsp;&nbsp;&nbsp;LNdS&nbsp;&nbsp;&nbsp;&nbsp;&nbsp;&nbsp;&nbsp;&nbsp;&nbsp;&nbsp;Artikel Der Spielplatz, die Spiele-AG mit Herrn Dinkelbach-Eichhorn und Herrn Wagner, ist als offener Treff konzipiert und findet etwa einmal im Monat statt; die Termine werden dabei rechtzeitig \u00fcber [&hellip;]<\/p>\n","protected":false},"author":1,"featured_media":290,"parent":0,"menu_order":0,"comment_status":"closed","ping_status":"closed","template":"","meta":{"_uag_custom_page_level_css":"","_EventAllDay":false,"_EventTimezone":"","_EventStartDate":"","_EventEndDate":"","_EventStartDateUTC":"","_EventEndDateUTC":"","_EventShowMap":false,"_EventShowMapLink":false,"_EventURL":"","_EventCost":"","_EventCostDescription":"","_EventCurrencySymbol":"","_EventCurrencyCode":"","_EventCurrencyPosition":"","_EventDateTimeSeparator":"","_EventTimeRangeSeparator":"","_EventOrganizerID":[],"_EventVenueID":[],"_OrganizerEmail":"","_OrganizerPhone":"","_OrganizerWebsite":"","_VenueAddress":"","_VenueCity":"","_VenueCountry":"","_VenueProvince":"","_VenueState":"","_VenueZip":"","_VenuePhone":"","_VenueURL":"","_VenueStateProvince":"","_VenueLat":"","_VenueLng":"","_VenueShowMap":false,"_VenueShowMapLink":false,"footnotes":""},"class_list":["post-252","page","type-page","status-publish","has-post-thumbnail","hentry"],"blocksy_meta":{"styles_descriptor":{"styles":{"desktop":"","tablet":"","mobile":""},"google_fonts":[],"version":6}},"uagb_featured_image_src":{"full":["https:\/\/aagy.de\/wp-content\/uploads\/2015\/09\/aufmacher.jpg",4272,1265,false],"thumbnail":["https:\/\/aagy.de\/wp-content\/uploads\/2015\/09\/aufmacher-150x150.jpg",150,150,true],"medium":["https:\/\/aagy.de\/wp-content\/uploads\/2015\/09\/aufmacher-300x89.jpg",300,89,true],"medium_large":["https:\/\/aagy.de\/wp-content\/uploads\/2015\/09\/aufmacher.jpg",768,227,false],"large":["https:\/\/aagy.de\/wp-content\/uploads\/2015\/09\/aufmacher-1024x303.jpg",1024,303,true],"1536x1536":["https:\/\/aagy.de\/wp-content\/uploads\/2015\/09\/aufmacher.jpg",1536,455,false],"2048x2048":["https:\/\/aagy.de\/wp-content\/uploads\/2015\/09\/aufmacher.jpg",2048,606,false]},"uagb_author_info":{"display_name":"admin","author_link":"https:\/\/aagy.de\/?author=1"},"uagb_comment_info":0,"uagb_excerpt":"Vergangenes Schuljahr&nbsp;&nbsp;&nbsp;&nbsp;&nbsp;&nbsp;&nbsp;&nbsp;&nbsp;&nbsp;Archiv&nbsp;&nbsp;&nbsp;&nbsp;&nbsp;&nbsp;&nbsp;&nbsp;&nbsp;&nbsp;LNdS&nbsp;&nbsp;&nbsp;&nbsp;&nbsp;&nbsp;&nbsp;&nbsp;&nbsp;&nbsp;Artikel Der Spielplatz, die Spiele-AG mit Herrn Dinkelbach-Eichhorn und Herrn Wagner, ist als offener Treff konzipiert und findet etwa einmal im Monat statt; die Termine werden dabei rechtzeitig \u00fcber [&hellip;]","jetpack_sharing_enabled":true,"_links":{"self":[{"href":"https:\/\/aagy.de\/index.php?rest_route=\/wp\/v2\/pages\/252","targetHints":{"allow":["GET"]}}],"collection":[{"href":"https:\/\/aagy.de\/index.php?rest_route=\/wp\/v2\/pages"}],"about":[{"href":"https:\/\/aagy.de\/index.php?rest_route=\/wp\/v2\/types\/page"}],"author":[{"embeddable":true,"href":"https:\/\/aagy.de\/index.php?rest_route=\/wp\/v2\/users\/1"}],"replies":[{"embeddable":true,"href":"https:\/\/aagy.de\/index.php?rest_route=%2Fwp%2Fv2%2Fcomments&post=252"}],"version-history":[{"count":148,"href":"https:\/\/aagy.de\/index.php?rest_route=\/wp\/v2\/pages\/252\/revisions"}],"predecessor-version":[{"id":8222,"href":"https:\/\/aagy.de\/index.php?rest_route=\/wp\/v2\/pages\/252\/revisions\/8222"}],"wp:featuredmedia":[{"embeddable":true,"href":"https:\/\/aagy.de\/index.php?rest_route=\/wp\/v2\/media\/290"}],"wp:attachment":[{"href":"https:\/\/aagy.de\/index.php?rest_route=%2Fwp%2Fv2%2Fmedia&parent=252"}],"curies":[{"name":"wp","href":"https:\/\/api.w.org\/{rel}","templated":true}]}}