{"id":2506,"date":"2017-11-19T07:54:07","date_gmt":"2017-11-19T06:54:07","guid":{"rendered":"https:\/\/www.aagy.de\/wp\/?page_id=2506"},"modified":"2021-12-09T17:11:03","modified_gmt":"2021-12-09T16:11:03","slug":"leseempfehlungen-der-fachschaft-deutsch","status":"publish","type":"page","link":"https:\/\/aagy.de\/?page_id=2506","title":{"rendered":"Leseempfehlungen der Fachschaft Deutsch"},"content":{"rendered":"<div style=\"text-align:justify\">Literaturliste \u2013 die Fachschaft Deutsch empfiehlt\u2026<\/p>\n<p>\u201eVielleicht haben wir von allen Kindheitstagen diejenigen am intensivsten durchlebt, von denen wir glaubten, wir h\u00e4tten sie nutzlos vertan: die n\u00e4mlich, die wir mit der Lekt\u00fcre eines Lieblingsbuches verbrachten\u201c (Marcel Proust).<\/p>\n<p>B\u00fccher helfen zu entspannen, verzaubern und inspirieren uns, die Welt zu verstehen und k\u00f6nnen gar unser Handeln beeinflussen. Auch in Deutsch geh\u00f6rt das Lesen zum Unterrichtsalltag \u2013 doch h\u00e4ufig l\u00e4sst es die Zeit aber nicht zu, noch mehr zu lesen, Leseerfahrungen zu sammeln und das Sch\u00f6ne am Lesen zu genie\u00dfen. Sch\u00fclerinnen und Sch\u00fcler haben daher die Deutschlehrerinnen und Deutschlehrer angesprochen und um Literaturempfehlungen gebeten. Diesem Wunsch sind wir mit Freude nachgekommen und haben eine umfangreiche Liste \u2013 von Klassikern bis zur Moderne \u2013 erstellt. Unterteilt wurde diese nach Unter-, Mittel- und Oberstufe.&nbsp; Fortan finden Sie diese Liste auf unserer Homepage und k\u00f6nnen sich von dieser inspirieren lassen. Viel Freude beim Lesen.<\/p>\n<p><a href=\"https:\/\/www.aagy.de\/wp-content\/uploads\/2017\/11\/Literaturliste-Empfehlungen.pdf\">Literaturliste-Empfehlungen<\/a><\/p>\n<\/div>\n","protected":false},"excerpt":{"rendered":"<p>Literaturliste \u2013 die Fachschaft Deutsch empfiehlt\u2026 \u201eVielleicht haben wir von allen Kindheitstagen diejenigen am intensivsten durchlebt, von denen wir glaubten, wir h\u00e4tten sie nutzlos vertan: die n\u00e4mlich, die wir mit [&hellip;]<\/p>\n","protected":false},"author":1,"featured_media":0,"parent":82,"menu_order":0,"comment_status":"closed","ping_status":"closed","template":"","meta":{"_uag_custom_page_level_css":"","_EventAllDay":false,"_EventTimezone":"","_EventStartDate":"","_EventEndDate":"","_EventStartDateUTC":"","_EventEndDateUTC":"","_EventShowMap":false,"_EventShowMapLink":false,"_EventURL":"","_EventCost":"","_EventCostDescription":"","_EventCurrencySymbol":"","_EventCurrencyCode":"","_EventCurrencyPosition":"","_EventDateTimeSeparator":"","_EventTimeRangeSeparator":"","_EventOrganizerID":[],"_EventVenueID":[],"_OrganizerEmail":"","_OrganizerPhone":"","_OrganizerWebsite":"","_VenueAddress":"","_VenueCity":"","_VenueCountry":"","_VenueProvince":"","_VenueState":"","_VenueZip":"","_VenuePhone":"","_VenueURL":"","_VenueStateProvince":"","_VenueLat":"","_VenueLng":"","_VenueShowMap":false,"_VenueShowMapLink":false,"footnotes":""},"class_list":["post-2506","page","type-page","status-publish","hentry"],"blocksy_meta":{"styles_descriptor":{"styles":{"desktop":"","tablet":"","mobile":""},"google_fonts":[],"version":6}},"uagb_featured_image_src":{"full":false,"thumbnail":false,"medium":false,"medium_large":false,"large":false,"1536x1536":false,"2048x2048":false},"uagb_author_info":{"display_name":"admin","author_link":"https:\/\/aagy.de\/?author=1"},"uagb_comment_info":0,"uagb_excerpt":"Literaturliste \u2013 die Fachschaft Deutsch empfiehlt\u2026 \u201eVielleicht haben wir von allen Kindheitstagen diejenigen am intensivsten durchlebt, von denen wir glaubten, wir h\u00e4tten sie nutzlos vertan: die n\u00e4mlich, die wir mit [&hellip;]","jetpack_sharing_enabled":true,"_links":{"self":[{"href":"https:\/\/aagy.de\/index.php?rest_route=\/wp\/v2\/pages\/2506","targetHints":{"allow":["GET"]}}],"collection":[{"href":"https:\/\/aagy.de\/index.php?rest_route=\/wp\/v2\/pages"}],"about":[{"href":"https:\/\/aagy.de\/index.php?rest_route=\/wp\/v2\/types\/page"}],"author":[{"embeddable":true,"href":"https:\/\/aagy.de\/index.php?rest_route=\/wp\/v2\/users\/1"}],"replies":[{"embeddable":true,"href":"https:\/\/aagy.de\/index.php?rest_route=%2Fwp%2Fv2%2Fcomments&post=2506"}],"version-history":[{"count":2,"href":"https:\/\/aagy.de\/index.php?rest_route=\/wp\/v2\/pages\/2506\/revisions"}],"predecessor-version":[{"id":5585,"href":"https:\/\/aagy.de\/index.php?rest_route=\/wp\/v2\/pages\/2506\/revisions\/5585"}],"up":[{"embeddable":true,"href":"https:\/\/aagy.de\/index.php?rest_route=\/wp\/v2\/pages\/82"}],"wp:attachment":[{"href":"https:\/\/aagy.de\/index.php?rest_route=%2Fwp%2Fv2%2Fmedia&parent=2506"}],"curies":[{"name":"wp","href":"https:\/\/api.w.org\/{rel}","templated":true}]}}