{"id":2347,"date":"2017-10-02T16:16:19","date_gmt":"2017-10-02T14:16:19","guid":{"rendered":"http:\/\/www.aagy.de\/wp\/?page_id=2347"},"modified":"2024-06-28T10:37:32","modified_gmt":"2024-06-28T08:37:32","slug":"kunst-ag","status":"publish","type":"page","link":"https:\/\/aagy.de\/?page_id=2347","title":{"rendered":"Beachvolleyball"},"content":{"rendered":"<div style=\"text-align:justify\">Wer Lust hat&#8230;<\/p>\n<p>&#8230; das AAG bei &#8222;Jugend trainiert f\u00fcr Olympia&#8220; zu vertreten<\/p>\n<p>oder einfach nur<\/p>\n<p>&#8230; auf Beachvolleyball,<\/p>\n<p>darf sich gerne bei bei <em>Frau Pschierer<\/em> informieren.<\/p>\n<hr>\n<p>&nbsp;<\/p>\n<div style=\"text-align:justify\"><b>2. Platz beim RB-Finale WKII<\/b><\/p>\n<p>Am 27.6.2024 traten wir wieder als Mixed-Mannschaft im offiziellen Wettkampfmodus des WK II (U18) an. Mit Mertha Raducki, Jakob K\u00e4\u00dfmann, Luca Tondodimamma und Felix Schmitt kamen gleich vier Neuzug\u00e4nge ins Team, w\u00e4hrend Lennert Raducki, Mia Schleicher, Mila Blannarsch und Claudia Laz\u00e0r schon beinahe als \u201ealte Hasen\u201c auftreten konnten:<\/p>\n<p><center><a href=\"https:\/\/www.aagy.de\/wp-content\/uploads\/2024\/06\/Volleyball.jpeg\"><img decoding=\"async\" src=\"https:\/\/www.aagy.de\/wp-content\/uploads\/2024\/06\/Volleyball.jpeg\" style=\"width:66%\"><\/a><\/center><br \/>\nMit extremem Einsatz, mit Spielfreude, einem tollen Miteinander und nat\u00fcrlich mit viel spielerischem Geschick konnten wir trotz Hitze zwei Spiele in allen drei parallel stattfindenden Begegnungen souver\u00e4n f\u00fcr uns entscheiden.<br \/>\nLediglich im Spiel um Platz 1 mussten wir uns gegen stark spielende Fellbacher geschlagen geben.<br \/>\nAber auch hier konnten v.a. das Mixed-Team und das M\u00e4dchenteam \u00fcber weite Strecken mithalten und zweimal wieder herankommen, bevor sie dann den Fellbachern unterlagen.<\/p>\n<p>F\u00fcr das Landesfinale hat es deshalb nicht gereicht, aber: <b>Wir nehmen einen erfolgreichen 2. Platz mit nach Hause!<\/b>\n<\/div>\n<div style=\"text-align:right\">Ps<\/div>\n<hr>\n<p>&nbsp;<br \/>\n<b>RB-Finale WKII JtfO Beachvolleyball <\/b><\/p>\n<p>Am 27.6.2023 traten wir erstmals als Mixed-Mannschaft im offiziellen Wettkampfmodus des WK II (U18) an. Mit dabei waren Maya-Lena Hirsch, Silas Cantarutti, Lennert Raducki, Joel Blannarsch, Jeremia Sauer, Chris R\u00f6sch, Mia Schleicher, Mila Blannarsch, Claudia Lazar sowie als Betreuer und Coach Tom Eberle:<\/p>\n<p><center><a href=\"https:\/\/www.aagy.de\/wp-content\/uploads\/2024\/06\/Bild1.jpg\"><img decoding=\"async\" src=\"https:\/\/www.aagy.de\/wp-content\/uploads\/2024\/06\/Bild1.jpg\" style=\"width:66%\"><\/a><\/center><\/p>\n<p>Mit viel Enthusiasmus, Spielfreude und guter Laune, die durchaus die anderen Mannschaften ansteckte, bestritten wir einen ereignisreichen Wettkampftag mit H\u00f6henfl\u00fcgen und Niederlagen in Fellbach. Besonders unser gemischtes Team mit Maya-Lena und Silas war oft erfolgreich.<br \/>\nJeder Punkt wurde hei\u00dfumk\u00e4mpft, jedes Team euphorisch angefeuert. \u00dcber fehlende Stimmung konnte sich jedenfalls niemand beklagen.<br \/>\nBesonders sch\u00f6n waren aber auch die \u201eSpiele zwischen den Spielen\u201c, an denen sich pl\u00f6tzlich die Mannschaften mischten und der Spa\u00df absolut im Vordergrund stand.<br \/>\nUnd: Wir durften sogar einen unerwarteten Gast als Fan begr\u00fc\u00dfen, was uns sehr gefreut hat!<\/p>\n<p>Am Ende fuhren wir \u2013 wohl auch, weil die meisten TeilnehmerInnen dem j\u00fcngsten der vier zugelassenen Jahrg\u00e4nge angeh\u00f6rten \u2013 mit viel Erfahrung, vielen Eindr\u00fccken, neuen Bekanntschaften und einem 5. Platz nach Hause.<\/p>\n<p>Wo die einen vielleicht noch etwas zu jung waren, war einer ein kleines bisschen zu alt. Leider konnte Tom nicht mehr mitspielen, was uns allen nicht nur aus sportlicher Sicht sehr leidtat. Wie sch\u00f6n, dass er trotzdem als engagierter Betreuer und Coach am Spielfeldrand agierte. <\/p>\n<p>Ihr wart ein tolles Team!<\/p><\/div>\n<div style=\"text-align:right\">Ps<\/div>\n","protected":false},"excerpt":{"rendered":"<p>Wer Lust hat&#8230; &#8230; das AAG bei &#8222;Jugend trainiert f\u00fcr Olympia&#8220; zu vertreten oder einfach nur &#8230; auf Beachvolleyball, darf sich gerne bei bei Frau Pschierer informieren. &nbsp; 2. Platz [&hellip;]<\/p>\n","protected":false},"author":1,"featured_media":0,"parent":0,"menu_order":0,"comment_status":"closed","ping_status":"closed","template":"","meta":{"_uag_custom_page_level_css":"","_EventAllDay":false,"_EventTimezone":"","_EventStartDate":"","_EventEndDate":"","_EventStartDateUTC":"","_EventEndDateUTC":"","_EventShowMap":false,"_EventShowMapLink":false,"_EventURL":"","_EventCost":"","_EventCostDescription":"","_EventCurrencySymbol":"","_EventCurrencyCode":"","_EventCurrencyPosition":"","_EventDateTimeSeparator":"","_EventTimeRangeSeparator":"","_EventOrganizerID":[],"_EventVenueID":[],"_OrganizerEmail":"","_OrganizerPhone":"","_OrganizerWebsite":"","_VenueAddress":"","_VenueCity":"","_VenueCountry":"","_VenueProvince":"","_VenueState":"","_VenueZip":"","_VenuePhone":"","_VenueURL":"","_VenueStateProvince":"","_VenueLat":"","_VenueLng":"","_VenueShowMap":false,"_VenueShowMapLink":false,"footnotes":""},"class_list":["post-2347","page","type-page","status-publish","hentry"],"blocksy_meta":{"styles_descriptor":{"styles":{"desktop":"","tablet":"","mobile":""},"google_fonts":[],"version":6}},"uagb_featured_image_src":{"full":false,"thumbnail":false,"medium":false,"medium_large":false,"large":false,"1536x1536":false,"2048x2048":false},"uagb_author_info":{"display_name":"admin","author_link":"https:\/\/aagy.de\/?author=1"},"uagb_comment_info":0,"uagb_excerpt":"Wer Lust hat&#8230; &#8230; das AAG bei &#8222;Jugend trainiert f\u00fcr Olympia&#8220; zu vertreten oder einfach nur &#8230; auf Beachvolleyball, darf sich gerne bei bei Frau Pschierer informieren. &nbsp; 2. Platz [&hellip;]","jetpack_sharing_enabled":true,"_links":{"self":[{"href":"https:\/\/aagy.de\/index.php?rest_route=\/wp\/v2\/pages\/2347","targetHints":{"allow":["GET"]}}],"collection":[{"href":"https:\/\/aagy.de\/index.php?rest_route=\/wp\/v2\/pages"}],"about":[{"href":"https:\/\/aagy.de\/index.php?rest_route=\/wp\/v2\/types\/page"}],"author":[{"embeddable":true,"href":"https:\/\/aagy.de\/index.php?rest_route=\/wp\/v2\/users\/1"}],"replies":[{"embeddable":true,"href":"https:\/\/aagy.de\/index.php?rest_route=%2Fwp%2Fv2%2Fcomments&post=2347"}],"version-history":[{"count":11,"href":"https:\/\/aagy.de\/index.php?rest_route=\/wp\/v2\/pages\/2347\/revisions"}],"predecessor-version":[{"id":8019,"href":"https:\/\/aagy.de\/index.php?rest_route=\/wp\/v2\/pages\/2347\/revisions\/8019"}],"wp:attachment":[{"href":"https:\/\/aagy.de\/index.php?rest_route=%2Fwp%2Fv2%2Fmedia&parent=2347"}],"curies":[{"name":"wp","href":"https:\/\/api.w.org\/{rel}","templated":true}]}}