{"id":2149,"date":"2017-05-21T10:48:50","date_gmt":"2017-05-21T08:48:50","guid":{"rendered":"http:\/\/www.aagy.de\/wp\/?page_id=2149"},"modified":"2025-03-23T11:42:45","modified_gmt":"2025-03-23T10:42:45","slug":"englandaustausch","status":"publish","type":"page","link":"https:\/\/aagy.de\/?page_id=2149","title":{"rendered":"Englandaustausch"},"content":{"rendered":"<div style=\"text-align: justify\">\n<ul><b>Wichtigste Informationen:<\/b><\/p>\n<li>Partnerschule: <a href=\"https:\/\/www.catmosecollege.com\/\">Catmose College und Harington School in Oakham<\/a><\/li>\n<li>Klassenstufe: 8<\/li>\n<li>Dauer: Aufenthalt und R\u00fcckbesuch jeweils circa eine Woche<\/li>\n<li>Ungef\u00e4hrer Zeitraum: Aufenthalt in England i.d.R. im Oktober, R\u00fcckbesuch i.d.R. im Februar\n<\/li>\n<li>Ansprechpartnerinnen: Stephanie Memic-Joas<\/li>\n<p>&nbsp;<br \/>\n&nbsp;<br \/>\n<b>Eindr\u00fccke aus den letzten Jahren:<\/b><br \/>\n<center><a href=\"https:\/\/aagy.de\/wp-content\/uploads\/2025\/01\/IMG_1758-scaled.jpg\"><img decoding=\"async\" src=\"https:\/\/aagy.de\/wp-content\/uploads\/2025\/01\/IMG_1758-scaled.jpg\"; style=\"width:32%; margin: 5px 2px 5px 0px\"><\/a><a href=\"https:\/\/aagy.de\/wp-content\/uploads\/2025\/01\/IMG_1727-scaled.jpg\"><img decoding=\"async\" src=\"https:\/\/aagy.de\/wp-content\/uploads\/2025\/01\/IMG_1727-scaled.jpg\"; style=\"width:32%; margin: 5px 2px 5px 2px\"><\/a><a href=\"https:\/\/aagy.de\/wp-content\/uploads\/2025\/01\/IMG_2414-scaled.jpg\"><img decoding=\"async\" src=\"https:\/\/aagy.de\/wp-content\/uploads\/2025\/01\/IMG_2414-scaled.jpg\"; style=\"width:32%; margin: 5px 0px 5px 2px\"><\/a><\/center><br \/>\n<center><a href=\"https:\/\/aagy.de\/wp-content\/uploads\/2025\/01\/IMG_1726-scaled.jpg\"><img decoding=\"async\" src=\"https:\/\/aagy.de\/wp-content\/uploads\/2025\/01\/IMG_1726-scaled.jpg\"; style=\"width:32%; margin: 5px 2px 5px 0px\"><\/a><a href=\"https:\/\/aagy.de\/wp-content\/uploads\/2025\/01\/IMG_2330-scaled.jpg\"><img decoding=\"async\" src=\"https:\/\/aagy.de\/wp-content\/uploads\/2025\/01\/IMG_2330-scaled.jpg\"; style=\"width:32%; margin: 5px 2px 5px 2px\"><\/a><a href=\"https:\/\/aagy.de\/wp-content\/uploads\/2025\/01\/IMG_2367-scaled.jpg\"><img decoding=\"async\" src=\"https:\/\/aagy.de\/wp-content\/uploads\/2025\/01\/IMG_2367-scaled.jpg\"; style=\"width:32%; margin: 5px 0px 5px 2px\"><\/a><\/center><br \/>\n<center><a href=\"https:\/\/aagy.de\/wp-content\/uploads\/2025\/01\/IMG_1804-scaled.jpg\"><img decoding=\"async\" src=\"https:\/\/aagy.de\/wp-content\/uploads\/2025\/01\/IMG_1804-scaled.jpg\"; style=\"width:29%; margin: 5px 2px 5px 0px\"><\/a><a href=\"https:\/\/aagy.de\/wp-content\/uploads\/2025\/01\/IMG_1767-scaled.jpg\"><img decoding=\"async\" src=\"https:\/\/aagy.de\/wp-content\/uploads\/2025\/01\/IMG_1767-scaled.jpg\"; style=\"width:29%; margin: 5px 2px 5px 2px\"><\/a><\/center><br \/>\n<center><a href=\"https:\/\/aagy.de\/wp-content\/uploads\/2025\/01\/IMG_1856-scaled.jpg\"><img decoding=\"async\" src=\"https:\/\/aagy.de\/wp-content\/uploads\/2025\/01\/IMG_1856-scaled.jpg\"; style=\"width:37%; margin: 5px 0px 5px 2px\"><\/a><\/a><\/p>\n<\/div>\n","protected":false},"excerpt":{"rendered":"<p>Wichtigste Informationen: Partnerschule: Catmose College und Harington School in Oakham Klassenstufe: 8 Dauer: Aufenthalt und R\u00fcckbesuch jeweils circa eine Woche Ungef\u00e4hrer Zeitraum: Aufenthalt in England i.d.R. im Oktober, R\u00fcckbesuch i.d.R. [&hellip;]<\/p>\n","protected":false},"author":1,"featured_media":0,"parent":0,"menu_order":0,"comment_status":"closed","ping_status":"closed","template":"","meta":{"_uag_custom_page_level_css":"","_EventAllDay":false,"_EventTimezone":"","_EventStartDate":"","_EventEndDate":"","_EventStartDateUTC":"","_EventEndDateUTC":"","_EventShowMap":false,"_EventShowMapLink":false,"_EventURL":"","_EventCost":"","_EventCostDescription":"","_EventCurrencySymbol":"","_EventCurrencyCode":"","_EventCurrencyPosition":"","_EventDateTimeSeparator":"","_EventTimeRangeSeparator":"","_EventOrganizerID":[],"_EventVenueID":[],"_OrganizerEmail":"","_OrganizerPhone":"","_OrganizerWebsite":"","_VenueAddress":"","_VenueCity":"","_VenueCountry":"","_VenueProvince":"","_VenueState":"","_VenueZip":"","_VenuePhone":"","_VenueURL":"","_VenueStateProvince":"","_VenueLat":"","_VenueLng":"","_VenueShowMap":false,"_VenueShowMapLink":false,"footnotes":""},"class_list":["post-2149","page","type-page","status-publish","hentry"],"blocksy_meta":{"styles_descriptor":{"styles":{"desktop":"","tablet":"","mobile":""},"google_fonts":[],"version":6}},"uagb_featured_image_src":{"full":false,"thumbnail":false,"medium":false,"medium_large":false,"large":false,"1536x1536":false,"2048x2048":false},"uagb_author_info":{"display_name":"admin","author_link":"https:\/\/aagy.de\/?author=1"},"uagb_comment_info":0,"uagb_excerpt":"Wichtigste Informationen: Partnerschule: Catmose College und Harington School in Oakham Klassenstufe: 8 Dauer: Aufenthalt und R\u00fcckbesuch jeweils circa eine Woche Ungef\u00e4hrer Zeitraum: Aufenthalt in England i.d.R. im Oktober, R\u00fcckbesuch i.d.R. [&hellip;]","jetpack_sharing_enabled":true,"_links":{"self":[{"href":"https:\/\/aagy.de\/index.php?rest_route=\/wp\/v2\/pages\/2149","targetHints":{"allow":["GET"]}}],"collection":[{"href":"https:\/\/aagy.de\/index.php?rest_route=\/wp\/v2\/pages"}],"about":[{"href":"https:\/\/aagy.de\/index.php?rest_route=\/wp\/v2\/types\/page"}],"author":[{"embeddable":true,"href":"https:\/\/aagy.de\/index.php?rest_route=\/wp\/v2\/users\/1"}],"replies":[{"embeddable":true,"href":"https:\/\/aagy.de\/index.php?rest_route=%2Fwp%2Fv2%2Fcomments&post=2149"}],"version-history":[{"count":19,"href":"https:\/\/aagy.de\/index.php?rest_route=\/wp\/v2\/pages\/2149\/revisions"}],"predecessor-version":[{"id":8504,"href":"https:\/\/aagy.de\/index.php?rest_route=\/wp\/v2\/pages\/2149\/revisions\/8504"}],"wp:attachment":[{"href":"https:\/\/aagy.de\/index.php?rest_route=%2Fwp%2Fv2%2Fmedia&parent=2149"}],"curies":[{"name":"wp","href":"https:\/\/api.w.org\/{rel}","templated":true}]}}