{"id":199,"date":"2015-09-26T22:13:37","date_gmt":"2015-09-26T20:13:37","guid":{"rendered":"http:\/\/129.143.231.234\/wp\/?page_id=199"},"modified":"2025-10-21T13:58:54","modified_gmt":"2025-10-21T11:58:54","slug":"israelaustausch","status":"publish","type":"page","link":"https:\/\/aagy.de\/?page_id=199","title":{"rendered":"Israelaustausch"},"content":{"rendered":"<div style=\"text-align: justify\">\n<ul><b>Wichtigste Informationen: (findet derzeit nicht statt)<\/b><\/p>\n<li>Partnerschule: Emek-Ahula High School, Kfar Blum<\/li>\n<li>Klassenstufe: J1<\/li>\n<li>Dauer: 10 Tage; alle zwei Jahre<\/li>\n<li>Ungef\u00e4hrer Zeitraum: Besuch der israelischen Gruppe in B\u00f6nnigheim im Oktober, R\u00fcckbesuch i.d.R. im M\u00e4rz<\/li>\n<li>Ansprechpartnerinnen: Marian Kandziora<\/li>\n<p>&nbsp;<br \/>\n&nbsp;<br \/>\n<b>Eindr\u00fccke aus den letzten Jahren:<\/b><br \/>\n<center><a href=\"https:\/\/aagy.de\/wp-content\/uploads\/2025\/02\/PA096491-scaled.jpg\"><img decoding=\"async\" src=\"https:\/\/aagy.de\/wp-content\/uploads\/2025\/02\/PA096491-scaled.jpg\"; style=\"width:65%; margin: 5px 3px 5px 2px\"><\/a><\/center><center><a href=\"https:\/\/aagy.de\/wp-content\/uploads\/2025\/02\/Israelaustausch-3.jpg\"><img decoding=\"async\" src=\"https:\/\/aagy.de\/wp-content\/uploads\/2025\/02\/Israelaustausch-3.jpg\"; style=\"width:31%; margin: 5px 3px 5px 0px\"><\/a><a href=\"https:\/\/aagy.de\/wp-content\/uploads\/2025\/02\/IMG-20240128-WA0018.jpg\"><img decoding=\"async\" src=\"https:\/\/aagy.de\/wp-content\/uploads\/2025\/02\/IMG-20240128-WA0018.jpg\"; style=\"width:33%; margin: 5px 0px 5px 2px\"><\/a><\/center>\n<\/div>\n","protected":false},"excerpt":{"rendered":"<p>Wichtigste Informationen: (findet derzeit nicht statt) Partnerschule: Emek-Ahula High School, Kfar Blum Klassenstufe: J1 Dauer: 10 Tage; alle zwei Jahre Ungef\u00e4hrer Zeitraum: Besuch der israelischen Gruppe in B\u00f6nnigheim im Oktober, [&hellip;]<\/p>\n","protected":false},"author":1,"featured_media":0,"parent":0,"menu_order":0,"comment_status":"closed","ping_status":"closed","template":"","meta":{"_uag_custom_page_level_css":"","_EventAllDay":false,"_EventTimezone":"","_EventStartDate":"","_EventEndDate":"","_EventStartDateUTC":"","_EventEndDateUTC":"","_EventShowMap":false,"_EventShowMapLink":false,"_EventURL":"","_EventCost":"","_EventCostDescription":"","_EventCurrencySymbol":"","_EventCurrencyCode":"","_EventCurrencyPosition":"","_EventDateTimeSeparator":"","_EventTimeRangeSeparator":"","_EventOrganizerID":[],"_EventVenueID":[],"_OrganizerEmail":"","_OrganizerPhone":"","_OrganizerWebsite":"","_VenueAddress":"","_VenueCity":"","_VenueCountry":"","_VenueProvince":"","_VenueState":"","_VenueZip":"","_VenuePhone":"","_VenueURL":"","_VenueStateProvince":"","_VenueLat":"","_VenueLng":"","_VenueShowMap":false,"_VenueShowMapLink":false,"footnotes":""},"class_list":["post-199","page","type-page","status-publish","hentry"],"blocksy_meta":{"styles_descriptor":{"styles":{"desktop":"","tablet":"","mobile":""},"google_fonts":[],"version":6}},"uagb_featured_image_src":{"full":false,"thumbnail":false,"medium":false,"medium_large":false,"large":false,"1536x1536":false,"2048x2048":false},"uagb_author_info":{"display_name":"admin","author_link":"https:\/\/aagy.de\/?author=1"},"uagb_comment_info":0,"uagb_excerpt":"Wichtigste Informationen: (findet derzeit nicht statt) Partnerschule: Emek-Ahula High School, Kfar Blum Klassenstufe: J1 Dauer: 10 Tage; alle zwei Jahre Ungef\u00e4hrer Zeitraum: Besuch der israelischen Gruppe in B\u00f6nnigheim im Oktober, [&hellip;]","jetpack_sharing_enabled":true,"_links":{"self":[{"href":"https:\/\/aagy.de\/index.php?rest_route=\/wp\/v2\/pages\/199","targetHints":{"allow":["GET"]}}],"collection":[{"href":"https:\/\/aagy.de\/index.php?rest_route=\/wp\/v2\/pages"}],"about":[{"href":"https:\/\/aagy.de\/index.php?rest_route=\/wp\/v2\/types\/page"}],"author":[{"embeddable":true,"href":"https:\/\/aagy.de\/index.php?rest_route=\/wp\/v2\/users\/1"}],"replies":[{"embeddable":true,"href":"https:\/\/aagy.de\/index.php?rest_route=%2Fwp%2Fv2%2Fcomments&post=199"}],"version-history":[{"count":21,"href":"https:\/\/aagy.de\/index.php?rest_route=\/wp\/v2\/pages\/199\/revisions"}],"predecessor-version":[{"id":9273,"href":"https:\/\/aagy.de\/index.php?rest_route=\/wp\/v2\/pages\/199\/revisions\/9273"}],"wp:attachment":[{"href":"https:\/\/aagy.de\/index.php?rest_route=%2Fwp%2Fv2%2Fmedia&parent=199"}],"curies":[{"name":"wp","href":"https:\/\/api.w.org\/{rel}","templated":true}]}}