{"id":194,"date":"2015-09-26T22:11:10","date_gmt":"2015-09-26T20:11:10","guid":{"rendered":"http:\/\/129.143.231.234\/wp\/?page_id=194"},"modified":"2025-02-05T16:58:24","modified_gmt":"2025-02-05T15:58:24","slug":"australienaustausch","status":"publish","type":"page","link":"https:\/\/aagy.de\/?page_id=194","title":{"rendered":"Australienaustausch"},"content":{"rendered":"<div style=\"text-align: justify\">\n<ul><b>Wichtigste Informationen:<\/b><\/p>\n<li>Partnerschule: <a href=\"https:\/\/www.mnsc.vic.edu.au\/\">Mirboo North Secondary College<\/a><\/li>\n<li>Klassenstufe: 10<\/li>\n<li>Dauer: Aufenthalt und R\u00fcckbesuch jeweils circa vier Wochen<\/li>\n<li>Ungef\u00e4hrer Zeitraum: Aufenthalt der Australier in Deutschland ab der f\u00fcnften Woche der Sommerferien (zwei Wochen Ferien, zwei Wochen Schulzeit); Aufenthalt der Deutschen in Australien um die Osterzeit (zwei Wochen Ferien, zwei Wochen Schulzeit)<\/li>\n<li>Ansprechpartnerinnen: Stephanie Memic-Joas<\/li>\n<p>&nbsp;<br \/>\n&nbsp;<br \/>\n<b>Eindr\u00fccke aus den letzten Jahren:<\/b><br \/>\n<center><a href=\"https:\/\/aagy.de\/wp-content\/uploads\/2025\/02\/IMG_8319-scaled.jpeg\"><img decoding=\"async\" src=\"https:\/\/aagy.de\/wp-content\/uploads\/2025\/02\/IMG_8319-scaled.jpeg\"; style=\"width:24%; margin: 5px 2px 5px 0px\"><\/a><a href=\"https:\/\/aagy.de\/wp-content\/uploads\/2025\/02\/56ebd133-811c-4ee6-97c4-ffb91c845aae.jpeg\"><img decoding=\"async\" src=\"https:\/\/aagy.de\/wp-content\/uploads\/2025\/02\/56ebd133-811c-4ee6-97c4-ffb91c845aae.jpeg\"; style=\"width:24%; margin: 5px 2px 5px 0px\"><\/a><a href=\"https:\/\/aagy.de\/wp-content\/uploads\/2025\/02\/IMG_8316-scaled.jpeg\"><img decoding=\"async\" src=\"https:\/\/aagy.de\/wp-content\/uploads\/2025\/02\/IMG_8316-scaled.jpeg\"; style=\"width:24%; margin: 5px 2px 5px 0px\"><\/a><a href=\"https:\/\/aagy.de\/wp-content\/uploads\/2025\/02\/cce1124c-fa1f-4c95-849e-cb6b3458ccd0.jpeg\"><img decoding=\"async\" src=\"https:\/\/aagy.de\/wp-content\/uploads\/2025\/02\/cce1124c-fa1f-4c95-849e-cb6b3458ccd0.jpeg\"; style=\"width:24%; margin: 5px 0px 5px 0px\"><\/a><\/center><center><a href=\"https:\/\/aagy.de\/wp-content\/uploads\/2025\/02\/c8eba824-19f4-4339-b751-a73dc341926a.jpeg\"><img decoding=\"async\" src=\"https:\/\/aagy.de\/wp-content\/uploads\/2025\/02\/c8eba824-19f4-4339-b751-a73dc341926a.jpeg\"; style=\"width:32%; margin: 5px 2px 5px 0px\"><\/a><a href=\"https:\/\/aagy.de\/wp-content\/uploads\/2025\/02\/4ce16892-2176-4925-8cac-8701156f1e04.jpeg\"><img decoding=\"async\" src=\"https:\/\/aagy.de\/wp-content\/uploads\/2025\/02\/4ce16892-2176-4925-8cac-8701156f1e04.jpeg\"; style=\"width:32%; margin: 5px 2px 5px 2px\"><\/a><a href=\"https:\/\/aagy.de\/wp-content\/uploads\/2025\/02\/IMG_1310-scaled.jpeg\"><img decoding=\"async\" src=\"https:\/\/aagy.de\/wp-content\/uploads\/2025\/02\/IMG_1310-scaled.jpeg\"; style=\"width:32%; margin: 5px 0px 5px 2px\"><\/a><\/center><center><a href=\"https:\/\/aagy.de\/wp-content\/uploads\/2025\/02\/65d73df8-86ce-4428-84d2-e780a78ad38d.jpeg\"><img decoding=\"async\" src=\"https:\/\/aagy.de\/wp-content\/uploads\/2025\/02\/65d73df8-86ce-4428-84d2-e780a78ad38d.jpeg\"; style=\"width:24%; margin: 5px 2px 5px 0px\"><\/a><a href=\"https:\/\/aagy.de\/wp-content\/uploads\/2025\/02\/77fd8c52-f258-472b-bea4-098564feae7d.jpeg\"><img decoding=\"async\" src=\"https:\/\/aagy.de\/wp-content\/uploads\/2025\/02\/77fd8c52-f258-472b-bea4-098564feae7d.jpeg\"; style=\"width:24%; margin: 5px 2px 5px 0px\"><\/a><a href=\"https:\/\/aagy.de\/wp-content\/uploads\/2025\/02\/8b2ce144-143f-4f18-b102-3f850c2b7cef-1.jpeg\"><img decoding=\"async\" src=\"https:\/\/aagy.de\/wp-content\/uploads\/2025\/02\/8b2ce144-143f-4f18-b102-3f850c2b7cef-1.jpeg\"; style=\"width:24%; margin: 5px 2px 5px 0px\"><\/a><a href=\"https:\/\/aagy.de\/wp-content\/uploads\/2025\/02\/6e1b235f-25a8-4703-aa4e-bf21c190710b.jpeg\"><img decoding=\"async\" src=\"https:\/\/aagy.de\/wp-content\/uploads\/2025\/02\/6e1b235f-25a8-4703-aa4e-bf21c190710b.jpeg\"; style=\"width:24%; margin: 5px 0px 5px 0px\"><\/a><\/center><\/p>\n<\/div>\n","protected":false},"excerpt":{"rendered":"<p>Wichtigste Informationen: Partnerschule: Mirboo North Secondary College Klassenstufe: 10 Dauer: Aufenthalt und R\u00fcckbesuch jeweils circa vier Wochen Ungef\u00e4hrer Zeitraum: Aufenthalt der Australier in Deutschland ab der f\u00fcnften Woche der Sommerferien [&hellip;]<\/p>\n","protected":false},"author":1,"featured_media":0,"parent":80,"menu_order":0,"comment_status":"closed","ping_status":"closed","template":"","meta":{"_uag_custom_page_level_css":"","_EventAllDay":false,"_EventTimezone":"","_EventStartDate":"","_EventEndDate":"","_EventStartDateUTC":"","_EventEndDateUTC":"","_EventShowMap":false,"_EventShowMapLink":false,"_EventURL":"","_EventCost":"","_EventCostDescription":"","_EventCurrencySymbol":"","_EventCurrencyCode":"","_EventCurrencyPosition":"","_EventDateTimeSeparator":"","_EventTimeRangeSeparator":"","_EventOrganizerID":[],"_EventVenueID":[],"_OrganizerEmail":"","_OrganizerPhone":"","_OrganizerWebsite":"","_VenueAddress":"","_VenueCity":"","_VenueCountry":"","_VenueProvince":"","_VenueState":"","_VenueZip":"","_VenuePhone":"","_VenueURL":"","_VenueStateProvince":"","_VenueLat":"","_VenueLng":"","_VenueShowMap":false,"_VenueShowMapLink":false,"footnotes":""},"class_list":["post-194","page","type-page","status-publish","hentry"],"blocksy_meta":{"styles_descriptor":{"styles":{"desktop":"","tablet":"","mobile":""},"google_fonts":[],"version":6}},"uagb_featured_image_src":{"full":false,"thumbnail":false,"medium":false,"medium_large":false,"large":false,"1536x1536":false,"2048x2048":false},"uagb_author_info":{"display_name":"admin","author_link":"https:\/\/aagy.de\/?author=1"},"uagb_comment_info":0,"uagb_excerpt":"Wichtigste Informationen: Partnerschule: Mirboo North Secondary College Klassenstufe: 10 Dauer: Aufenthalt und R\u00fcckbesuch jeweils circa vier Wochen Ungef\u00e4hrer Zeitraum: Aufenthalt der Australier in Deutschland ab der f\u00fcnften Woche der Sommerferien [&hellip;]","jetpack_sharing_enabled":true,"_links":{"self":[{"href":"https:\/\/aagy.de\/index.php?rest_route=\/wp\/v2\/pages\/194","targetHints":{"allow":["GET"]}}],"collection":[{"href":"https:\/\/aagy.de\/index.php?rest_route=\/wp\/v2\/pages"}],"about":[{"href":"https:\/\/aagy.de\/index.php?rest_route=\/wp\/v2\/types\/page"}],"author":[{"embeddable":true,"href":"https:\/\/aagy.de\/index.php?rest_route=\/wp\/v2\/users\/1"}],"replies":[{"embeddable":true,"href":"https:\/\/aagy.de\/index.php?rest_route=%2Fwp%2Fv2%2Fcomments&post=194"}],"version-history":[{"count":24,"href":"https:\/\/aagy.de\/index.php?rest_route=\/wp\/v2\/pages\/194\/revisions"}],"predecessor-version":[{"id":8576,"href":"https:\/\/aagy.de\/index.php?rest_route=\/wp\/v2\/pages\/194\/revisions\/8576"}],"up":[{"embeddable":true,"href":"https:\/\/aagy.de\/index.php?rest_route=\/wp\/v2\/pages\/80"}],"wp:attachment":[{"href":"https:\/\/aagy.de\/index.php?rest_route=%2Fwp%2Fv2%2Fmedia&parent=194"}],"curies":[{"name":"wp","href":"https:\/\/api.w.org\/{rel}","templated":true}]}}