{"id":192,"date":"2015-09-26T22:10:49","date_gmt":"2015-09-26T20:10:49","guid":{"rendered":"http:\/\/129.143.231.234\/wp\/?page_id=192"},"modified":"2025-03-23T11:44:41","modified_gmt":"2025-03-23T10:44:41","slug":"italienaustausch","status":"publish","type":"page","link":"https:\/\/aagy.de\/?page_id=192","title":{"rendered":"Italienaustausch"},"content":{"rendered":"<div style=\"text-align: justify\">\n<ul><b>Wichtigste Informationen:<\/b><\/p>\n<li>Partnerschule: <a href=\"https:\/\/www.lsgobettitorino.edu.it\/web\/\">Liceo Scientifico Statale Gobetti-Segr\u00e8 in Turin<\/a><\/li>\n<li>Klassenstufe: 10<\/li>\n<li>Dauer: Aufenthalt und R\u00fcckbesuch jeweils 8 bis 9 Tage<\/li>\n<li>Ungef\u00e4hrer Zeitraum: Aufenthalt in Turin i.d.R. im Herbst, R\u00fcckbesuch i.d.R. im Fr\u00fchling\n<\/li>\n<li>Ansprechpartnerinnen: Philipp Albert<\/li>\n<p>&nbsp;<br \/>\n&nbsp;<br \/>\n<b>Eindr\u00fccke aus den letzten Jahren:<\/b><\/p>\n<div style=\"text-align:justify\">Seit vielen Jahren pflegen wir den Sch\u00fcleraustausch mit unserer Partnerschule in Turin, dem Liceo Scientifico Statale Gobetti-Segr\u00e8. Jeden Herbst fahren wir zu unseren Gastfamilien in der norditalienischen Metropole und besichtigen die vielen Sehensw\u00fcrdigkeiten &#8211; von der ber\u00fchmten Mole Antonelliana bis zum Museo Egizio. Auch Tagesausfl\u00fcge z.B. nach Genua stehen auf dem Programm. Die acht bis neun Tage vergehen immer wie im Flug. Im Fr\u00fchling steht dann f\u00fcr die teilnehmenden Zehntkl\u00e4ssler der Gegenbesuch an, bei dem wir viele sch\u00f6ne Orte in unserer Umgebung besuchen und gemeinsam Aktivit\u00e4ten unternehmen. Sei dabei!<\/div>\n<p>&nbsp;<br \/>\n<center><a href=\"https:\/\/aagy.de\/wp-content\/uploads\/2025\/03\/P1010449-scaled.jpg\"><img decoding=\"async\" src=\"https:\/\/aagy.de\/wp-content\/uploads\/2025\/03\/P1010449-scaled.jpg\"; style=\"width:32%; margin: 5px 2px 5px 0px\"><\/a><a href=\"https:\/\/aagy.de\/wp-content\/uploads\/2025\/03\/P1010493-scaled.jpg\"><img decoding=\"async\" src=\"https:\/\/aagy.de\/wp-content\/uploads\/2025\/03\/P1010493-scaled.jpg\"; style=\"width:32%; margin: 5px 2px 5px 2px\"><\/a><a href=\"https:\/\/aagy.de\/wp-content\/uploads\/2025\/03\/P1010612-scaled.jpg\"><img decoding=\"async\" src=\"https:\/\/aagy.de\/wp-content\/uploads\/2025\/03\/P1010612-scaled.jpg\"; style=\"width:32%; margin: 5px 0px 5px 2px\"><\/a><\/center><br \/>\n<center><a href=\"https:\/\/aagy.de\/wp-content\/uploads\/2025\/03\/IMG_20241011_084139-scaled.jpg\"><img decoding=\"async\" src=\"https:\/\/aagy.de\/wp-content\/uploads\/2025\/03\/IMG_20241011_084139-scaled.jpg\"; style=\"width:32%; margin: 5px 2px 5px 0px\"><\/a><a href=\"https:\/\/aagy.de\/wp-content\/uploads\/2025\/03\/IMG_20241011_082229-scaled.jpg\"><img decoding=\"async\" src=\"https:\/\/aagy.de\/wp-content\/uploads\/2025\/03\/IMG_20241011_082229-scaled.jpg\"; style=\"width:32%; margin: 5px 2px 5px 2px\"><\/a><a href=\"https:\/\/aagy.de\/wp-content\/uploads\/2025\/03\/IMG_20241010_163213-scaled.jpg\"><img decoding=\"async\" src=\"https:\/\/aagy.de\/wp-content\/uploads\/2025\/03\/IMG_20241010_163213-scaled.jpg\"; style=\"width:32%; margin: 5px 0px 5px 2px\"><\/a><\/center><br \/>\n<center><a href=\"https:\/\/aagy.de\/wp-content\/uploads\/2025\/03\/P1010251-scaled.jpg\"><img decoding=\"async\" src=\"https:\/\/aagy.de\/wp-content\/uploads\/2025\/03\/P1010251-scaled.jpg\"; style=\"width:33%; margin: 5px 2px 5px 0px\"><\/a><a href=\"https:\/\/aagy.de\/wp-content\/uploads\/2025\/03\/IMG_20241011_114851-scaled-e1742726342733.jpg\"><img decoding=\"async\" src=\"https:\/\/aagy.de\/wp-content\/uploads\/2025\/03\/IMG_20241011_114851-scaled-e1742726342733.jpg\"; style=\"width:29%; margin: 5px 2px 5px 2px\"><\/a><a href=\"https:\/\/aagy.de\/wp-content\/uploads\/2025\/03\/P1030257-scaled.jpg\"><img decoding=\"async\" src=\"https:\/\/aagy.de\/wp-content\/uploads\/2025\/03\/P1030257-scaled.jpg\"; style=\"width:33%; margin: 5px 0px 5px 2px\"><\/a><\/center><\/p>\n","protected":false},"excerpt":{"rendered":"<p>Wichtigste Informationen: Partnerschule: Liceo Scientifico Statale Gobetti-Segr\u00e8 in Turin Klassenstufe: 10 Dauer: Aufenthalt und R\u00fcckbesuch jeweils 8 bis 9 Tage Ungef\u00e4hrer Zeitraum: Aufenthalt in Turin i.d.R. im Herbst, R\u00fcckbesuch i.d.R. [&hellip;]<\/p>\n","protected":false},"author":1,"featured_media":0,"parent":0,"menu_order":0,"comment_status":"closed","ping_status":"closed","template":"","meta":{"_uag_custom_page_level_css":"","_EventAllDay":false,"_EventTimezone":"","_EventStartDate":"","_EventEndDate":"","_EventStartDateUTC":"","_EventEndDateUTC":"","_EventShowMap":false,"_EventShowMapLink":false,"_EventURL":"","_EventCost":"","_EventCostDescription":"","_EventCurrencySymbol":"","_EventCurrencyCode":"","_EventCurrencyPosition":"","_EventDateTimeSeparator":"","_EventTimeRangeSeparator":"","_EventOrganizerID":[],"_EventVenueID":[],"_OrganizerEmail":"","_OrganizerPhone":"","_OrganizerWebsite":"","_VenueAddress":"","_VenueCity":"","_VenueCountry":"","_VenueProvince":"","_VenueState":"","_VenueZip":"","_VenuePhone":"","_VenueURL":"","_VenueStateProvince":"","_VenueLat":"","_VenueLng":"","_VenueShowMap":false,"_VenueShowMapLink":false,"footnotes":""},"class_list":["post-192","page","type-page","status-publish","hentry"],"blocksy_meta":{"styles_descriptor":{"styles":{"desktop":"","tablet":"","mobile":""},"google_fonts":[],"version":6}},"uagb_featured_image_src":{"full":false,"thumbnail":false,"medium":false,"medium_large":false,"large":false,"1536x1536":false,"2048x2048":false},"uagb_author_info":{"display_name":"admin","author_link":"https:\/\/aagy.de\/?author=1"},"uagb_comment_info":0,"uagb_excerpt":"Wichtigste Informationen: Partnerschule: Liceo Scientifico Statale Gobetti-Segr\u00e8 in Turin Klassenstufe: 10 Dauer: Aufenthalt und R\u00fcckbesuch jeweils 8 bis 9 Tage Ungef\u00e4hrer Zeitraum: Aufenthalt in Turin i.d.R. im Herbst, R\u00fcckbesuch i.d.R. [&hellip;]","jetpack_sharing_enabled":true,"_links":{"self":[{"href":"https:\/\/aagy.de\/index.php?rest_route=\/wp\/v2\/pages\/192","targetHints":{"allow":["GET"]}}],"collection":[{"href":"https:\/\/aagy.de\/index.php?rest_route=\/wp\/v2\/pages"}],"about":[{"href":"https:\/\/aagy.de\/index.php?rest_route=\/wp\/v2\/types\/page"}],"author":[{"embeddable":true,"href":"https:\/\/aagy.de\/index.php?rest_route=\/wp\/v2\/users\/1"}],"replies":[{"embeddable":true,"href":"https:\/\/aagy.de\/index.php?rest_route=%2Fwp%2Fv2%2Fcomments&post=192"}],"version-history":[{"count":25,"href":"https:\/\/aagy.de\/index.php?rest_route=\/wp\/v2\/pages\/192\/revisions"}],"predecessor-version":[{"id":8772,"href":"https:\/\/aagy.de\/index.php?rest_route=\/wp\/v2\/pages\/192\/revisions\/8772"}],"wp:attachment":[{"href":"https:\/\/aagy.de\/index.php?rest_route=%2Fwp%2Fv2%2Fmedia&parent=192"}],"curies":[{"name":"wp","href":"https:\/\/api.w.org\/{rel}","templated":true}]}}