{"id":1805,"date":"2016-11-14T19:15:58","date_gmt":"2016-11-14T18:15:58","guid":{"rendered":"http:\/\/www.aagy.de\/wp\/?page_id=1805"},"modified":"2025-12-18T09:13:27","modified_gmt":"2025-12-18T08:13:27","slug":"blick-hinter-die-tuer","status":"publish","type":"page","link":"https:\/\/aagy.de\/?page_id=1805","title":{"rendered":"NwT Fachvortr\u00e4ge und Exkursionen"},"content":{"rendered":"<div style=\"text-align:justify\">Jedes Jahr bietet die NwT-Fachschaft den Sch\u00fclerinnen und Sch\u00fclern die Gelegenheit, bei spannenden Fachvortr\u00e4gen von Experten aus den Ingenieurswissenschaften oder w\u00e4hrend Exkursionen die Naturwissenschaften und deren Anwendung in der Technik kennenzulernen. Das Angebot ist vielf\u00e4ltig und auf die verschiedenen Jahrgangsstufen verteilt, wie die folgenden Bilder zeigen:<\/p>\n<p><em>Professor Dr.-Ing. Peter Kohmann von der Hochschule Pforzheim h\u00e4lt vor den neunten Klassen einen Bionik-Vortrag:<\/em><br \/>\n<center><a href=\"https:\/\/www.aagy.de\/wp-content\/uploads\/2021\/11\/20211022_Professor_Kohmann2.jpg\"><img decoding=\"async\" src=\"https:\/\/www.aagy.de\/wp-content\/uploads\/2021\/11\/20211022_Professor_Kohmann2.jpg\" style=\"width:50%\"><\/a><\/center><\/p>\n<p><em>Ingenieursb\u00fcro Helber-Ruff zu Gast am Alfred-Amann-Gymnasium &#8211; Themenvortrag \u00fcber Architektur\/Statik:<\/em><br \/>\n<center><a href=\"https:\/\/www.aagy.de\/wp-content\/uploads\/2024\/11\/IMG_1712-scaled-e1732183956650.jpg\"><img decoding=\"async\" src=\"https:\/\/www.aagy.de\/wp-content\/uploads\/2024\/11\/IMG_1712-scaled-e1732183956650.jpg\" style=\"width:50%\"><\/a><\/center><\/p>\n<p><em>Zu Besuch: das Rennteam der Uni Stuttgart:<\/em><br \/>\n<center><a href=\"https:\/\/aagy.de\/wp-content\/uploads\/2025\/03\/Rennteam03.jpg\"><img decoding=\"async\" src=\"https:\/\/aagy.de\/wp-content\/uploads\/2025\/03\/Rennteam03.jpg\" style=\"width:50%\"><\/a><\/center><\/p>\n<p><em>Sch\u00fcler erreichen dritten Platz im Landeswettbewerb der Ingenieurkammer Baden-W\u00fcrttemberg (Preis\u00fcbergabe im Europapark\/Rust):<\/em><br \/>\n<center><a href=\"https:\/\/www.aagy.de\/wp-content\/uploads\/2024\/06\/Foto-2-scaled.jpg\"><img decoding=\"async\" src=\"https:\/\/www.aagy.de\/wp-content\/uploads\/2024\/06\/Foto-2-scaled.jpg\" style=\"width:50%\"><\/a><\/center><\/p>\n<p><em>Attraktionswettbewerb mit dem Kooperationspartner Tripsdrill:<\/em><br \/>\n<center><a href=\"https:\/\/www.aagy.de\/wp-content\/uploads\/2022\/07\/NwT_Tripsdrill_22_Jury.jpg\"><img decoding=\"async\" src=\"https:\/\/www.aagy.de\/wp-content\/uploads\/2022\/07\/NwT_Tripsdrill_22_Jury.jpg\" style=\"width:50%\"><\/a><\/center>\n<\/div>\n","protected":false},"excerpt":{"rendered":"<p>Jedes Jahr bietet die NwT-Fachschaft den Sch\u00fclerinnen und Sch\u00fclern die Gelegenheit, bei spannenden Fachvortr\u00e4gen von Experten aus den Ingenieurswissenschaften oder w\u00e4hrend Exkursionen die Naturwissenschaften und deren Anwendung in der Technik [&hellip;]<\/p>\n","protected":false},"author":1,"featured_media":0,"parent":0,"menu_order":0,"comment_status":"closed","ping_status":"closed","template":"","meta":{"_uag_custom_page_level_css":"","_EventAllDay":false,"_EventTimezone":"","_EventStartDate":"","_EventEndDate":"","_EventStartDateUTC":"","_EventEndDateUTC":"","_EventShowMap":false,"_EventShowMapLink":false,"_EventURL":"","_EventCost":"","_EventCostDescription":"","_EventCurrencySymbol":"","_EventCurrencyCode":"","_EventCurrencyPosition":"","_EventDateTimeSeparator":"","_EventTimeRangeSeparator":"","_EventOrganizerID":[],"_EventVenueID":[],"_OrganizerEmail":"","_OrganizerPhone":"","_OrganizerWebsite":"","_VenueAddress":"","_VenueCity":"","_VenueCountry":"","_VenueProvince":"","_VenueState":"","_VenueZip":"","_VenuePhone":"","_VenueURL":"","_VenueStateProvince":"","_VenueLat":"","_VenueLng":"","_VenueShowMap":false,"_VenueShowMapLink":false,"footnotes":""},"class_list":["post-1805","page","type-page","status-publish","hentry"],"blocksy_meta":{"styles_descriptor":{"styles":{"desktop":"","tablet":"","mobile":""},"google_fonts":[],"version":6}},"uagb_featured_image_src":{"full":false,"thumbnail":false,"medium":false,"medium_large":false,"large":false,"1536x1536":false,"2048x2048":false},"uagb_author_info":{"display_name":"admin","author_link":"https:\/\/aagy.de\/?author=1"},"uagb_comment_info":0,"uagb_excerpt":"Jedes Jahr bietet die NwT-Fachschaft den Sch\u00fclerinnen und Sch\u00fclern die Gelegenheit, bei spannenden Fachvortr\u00e4gen von Experten aus den Ingenieurswissenschaften oder w\u00e4hrend Exkursionen die Naturwissenschaften und deren Anwendung in der Technik [&hellip;]","jetpack_sharing_enabled":true,"_links":{"self":[{"href":"https:\/\/aagy.de\/index.php?rest_route=\/wp\/v2\/pages\/1805","targetHints":{"allow":["GET"]}}],"collection":[{"href":"https:\/\/aagy.de\/index.php?rest_route=\/wp\/v2\/pages"}],"about":[{"href":"https:\/\/aagy.de\/index.php?rest_route=\/wp\/v2\/types\/page"}],"author":[{"embeddable":true,"href":"https:\/\/aagy.de\/index.php?rest_route=\/wp\/v2\/users\/1"}],"replies":[{"embeddable":true,"href":"https:\/\/aagy.de\/index.php?rest_route=%2Fwp%2Fv2%2Fcomments&post=1805"}],"version-history":[{"count":13,"href":"https:\/\/aagy.de\/index.php?rest_route=\/wp\/v2\/pages\/1805\/revisions"}],"predecessor-version":[{"id":9452,"href":"https:\/\/aagy.de\/index.php?rest_route=\/wp\/v2\/pages\/1805\/revisions\/9452"}],"wp:attachment":[{"href":"https:\/\/aagy.de\/index.php?rest_route=%2Fwp%2Fv2%2Fmedia&parent=1805"}],"curies":[{"name":"wp","href":"https:\/\/api.w.org\/{rel}","templated":true}]}}