{"id":1653,"date":"2016-10-08T17:47:20","date_gmt":"2016-10-08T15:47:20","guid":{"rendered":"http:\/\/www.aagy.de\/wp\/?page_id=1653"},"modified":"2025-10-17T13:42:44","modified_gmt":"2025-10-17T11:42:44","slug":"schulsozialarbeit","status":"publish","type":"page","link":"https:\/\/aagy.de\/?page_id=1653","title":{"rendered":"Schulsozialarbeit"},"content":{"rendered":"\n<div class=\"wp-block-columns is-layout-flex wp-container-core-columns-is-layout-28f84493 wp-block-columns-is-layout-flex\">\n<div class=\"wp-block-column is-layout-flow wp-block-column-is-layout-flow\" style=\"flex-basis:50%\">\n<p><em>Kontakt:<\/em><\/p>\n<p><strong>Frau Stuber<\/strong><\/p>\n<p>Mo-Fr: 08:00 Uhr &#8211; 14:00 Uhr (und nach Terminabsprache)<\/p>\n<p>Telefon: +49 151 594 727 63 oder 07143 \/ 885 248<\/p>\n<p>E-Mail: katharina.stuber@aagy.de oder \u00fcber Teams-Chat<\/p>\n<p>B\u00fcro: Schillerschule im 1. Stock<\/p>\n<p>\u00a0<\/p>\n<\/div>\n\n\n\n<div class=\"wp-block-column is-layout-flow wp-block-column-is-layout-flow\" style=\"flex-basis:50%\">\n<p><em>Aufgaben u.a.:<\/em><\/p>\n<ul style=\"list-style-type: circle;\">\n<li>Hilfe bei Konflikten und dem Finden von L\u00f6sungen<\/li>\n<li>Unterst\u00fctzung bei Schwierigkeiten in der Schule, zu Hause oder in der Clique<\/li>\n<li>Beratung von Sch\u00fclern und Sch\u00fclerinnen, Eltern und Lehrkr\u00e4ften<\/li>\n<li>Vermittlung weitergehender Hilfen<\/li>\n<li>Gruppenp\u00e4dagogische Angebote f\u00fcr Sch\u00fclergruppen und Schulklassen<\/li>\n<li>Kooperation mit den Schulen zur Weiterentwicklung im sozialen Bereich<\/li>\n<\/ul>\n<\/div>\n<\/div>\n\n\n","protected":false},"excerpt":{"rendered":"","protected":false},"author":1,"featured_media":0,"parent":0,"menu_order":0,"comment_status":"closed","ping_status":"closed","template":"","meta":{"_uag_custom_page_level_css":"","_EventAllDay":false,"_EventTimezone":"","_EventStartDate":"","_EventEndDate":"","_EventStartDateUTC":"","_EventEndDateUTC":"","_EventShowMap":false,"_EventShowMapLink":false,"_EventURL":"","_EventCost":"","_EventCostDescription":"","_EventCurrencySymbol":"","_EventCurrencyCode":"","_EventCurrencyPosition":"","_EventDateTimeSeparator":"","_EventTimeRangeSeparator":"","_EventOrganizerID":[],"_EventVenueID":[],"_OrganizerEmail":"","_OrganizerPhone":"","_OrganizerWebsite":"","_VenueAddress":"","_VenueCity":"","_VenueCountry":"","_VenueProvince":"","_VenueState":"","_VenueZip":"","_VenuePhone":"","_VenueURL":"","_VenueStateProvince":"","_VenueLat":"","_VenueLng":"","_VenueShowMap":false,"_VenueShowMapLink":false,"footnotes":""},"class_list":["post-1653","page","type-page","status-publish","hentry"],"blocksy_meta":{"styles_descriptor":{"styles":{"desktop":"","tablet":"","mobile":""},"google_fonts":[],"version":6}},"uagb_featured_image_src":{"full":false,"thumbnail":false,"medium":false,"medium_large":false,"large":false,"1536x1536":false,"2048x2048":false},"uagb_author_info":{"display_name":"admin","author_link":"https:\/\/aagy.de\/?author=1"},"uagb_comment_info":0,"uagb_excerpt":null,"jetpack_sharing_enabled":true,"_links":{"self":[{"href":"https:\/\/aagy.de\/index.php?rest_route=\/wp\/v2\/pages\/1653","targetHints":{"allow":["GET"]}}],"collection":[{"href":"https:\/\/aagy.de\/index.php?rest_route=\/wp\/v2\/pages"}],"about":[{"href":"https:\/\/aagy.de\/index.php?rest_route=\/wp\/v2\/types\/page"}],"author":[{"embeddable":true,"href":"https:\/\/aagy.de\/index.php?rest_route=\/wp\/v2\/users\/1"}],"replies":[{"embeddable":true,"href":"https:\/\/aagy.de\/index.php?rest_route=%2Fwp%2Fv2%2Fcomments&post=1653"}],"version-history":[{"count":21,"href":"https:\/\/aagy.de\/index.php?rest_route=\/wp\/v2\/pages\/1653\/revisions"}],"predecessor-version":[{"id":9250,"href":"https:\/\/aagy.de\/index.php?rest_route=\/wp\/v2\/pages\/1653\/revisions\/9250"}],"wp:attachment":[{"href":"https:\/\/aagy.de\/index.php?rest_route=%2Fwp%2Fv2%2Fmedia&parent=1653"}],"curies":[{"name":"wp","href":"https:\/\/api.w.org\/{rel}","templated":true}]}}