{"id":1537,"date":"2016-09-16T10:44:42","date_gmt":"2016-09-16T08:44:42","guid":{"rendered":"http:\/\/www.aagy.de\/wp\/?page_id=1537"},"modified":"2021-12-09T17:26:22","modified_gmt":"2021-12-09T16:26:22","slug":"luk-club","status":"publish","type":"page","link":"https:\/\/aagy.de\/?page_id=1537","title":{"rendered":"Kultur-AG"},"content":{"rendered":"<div style=\"text-align: justify;\">Die Kultur-AG ist vor allem an die Kulturwoche, die in Kooperation mit der SMV durchgef\u00fchrt wird, gekoppelt. Hauptschwerpunkt dieser AG ist die Projektplanung von kulturellen Veranstaltungen an der Schule, beispielsweise des <em>Talentabends<\/em> sowie <em>Alfred`s Movie Night<\/em>. Dabei geht es einerseits um die gestalterische Umsetzung dieser Veranstaltung (z.B. Plakate, Eintrittskarten, Flyer, Pr\u00e4sentationen w\u00e4hrend der Veranstaltung) und andererseits um die technische und organisatorische Umsetzung.<\/p>\n<div style=\"text-align:center\"><img decoding=\"async\" src=\"https:\/\/www.aagy.de\/wp-content\/uploads\/2021\/12\/Image-3.jpeg\" style=\"width:70%\"><\/div>\n<p><em>Vor allem f\u00fcr Alfred\u00b4s Movie Night wird mithilfe der Kultur-AG auch die filmische Umsetzung von eigenen Filmen gef\u00f6rdert. Mithilfe von ehemaligen und aktuellen Sch\u00fcler*innen vermitteln wir den Filmschnitt, den Filmdreh sowie die musikalische Untermalung.<\/em><br \/>\n&nbsp;<\/p>\n<p><a href=\"https:\/\/www.aagy.de\/wp-content\/uploads\/2021\/12\/Image-2.jpeg\"><img decoding=\"async\" src=\"https:\/\/www.aagy.de\/wp-content\/uploads\/2021\/12\/Image-2.jpeg\" style=\"float:right; margin: 5px 0px 0px 20px; width:40%\"><\/a><b>Du m\u00f6chtest gerne bei einem solchen Event dabei sein und lernen, wie man dieses plant, umsetzt und dabei auch viele neue F\u00e4higkeiten mitnehmen?<\/b><\/p>\n<p>Dann melde dich gerne bei <em>Frau Schelling<\/em> oder <em>Frau Sp\u00e4th<\/em>.<br \/>\nDu musst nicht in der SMV sein, um ein Teil der Kultur-AG zu sein, du solltest dich nur regelm\u00e4\u00dfig dar\u00fcber informieren, wann es mit den Planungen losgeht. Die Teilnahme an der AG ist f\u00fcr alle Sch\u00fcler*innen ab der 8. Klasse geeignet.<\/p>\n<hr>\n<p><a href=\"https:\/\/www.aagy.de\/wp-content\/uploads\/2021\/12\/Image.jpeg\"><img decoding=\"async\" src=\"https:\/\/www.aagy.de\/wp-content\/uploads\/2021\/12\/Image.jpeg\"><\/a><\/p>\n<\/div>\n","protected":false},"excerpt":{"rendered":"<p>Die Kultur-AG ist vor allem an die Kulturwoche, die in Kooperation mit der SMV durchgef\u00fchrt wird, gekoppelt. Hauptschwerpunkt dieser AG ist die Projektplanung von kulturellen Veranstaltungen an der Schule, beispielsweise [&hellip;]<\/p>\n","protected":false},"author":1,"featured_media":0,"parent":0,"menu_order":0,"comment_status":"closed","ping_status":"closed","template":"","meta":{"_uag_custom_page_level_css":"","_EventAllDay":false,"_EventTimezone":"","_EventStartDate":"","_EventEndDate":"","_EventStartDateUTC":"","_EventEndDateUTC":"","_EventShowMap":false,"_EventShowMapLink":false,"_EventURL":"","_EventCost":"","_EventCostDescription":"","_EventCurrencySymbol":"","_EventCurrencyCode":"","_EventCurrencyPosition":"","_EventDateTimeSeparator":"","_EventTimeRangeSeparator":"","_EventOrganizerID":[],"_EventVenueID":[],"_OrganizerEmail":"","_OrganizerPhone":"","_OrganizerWebsite":"","_VenueAddress":"","_VenueCity":"","_VenueCountry":"","_VenueProvince":"","_VenueState":"","_VenueZip":"","_VenuePhone":"","_VenueURL":"","_VenueStateProvince":"","_VenueLat":"","_VenueLng":"","_VenueShowMap":false,"_VenueShowMapLink":false,"footnotes":""},"class_list":["post-1537","page","type-page","status-publish","hentry"],"blocksy_meta":{"styles_descriptor":{"styles":{"desktop":"","tablet":"","mobile":""},"google_fonts":[],"version":6}},"uagb_featured_image_src":{"full":false,"thumbnail":false,"medium":false,"medium_large":false,"large":false,"1536x1536":false,"2048x2048":false},"uagb_author_info":{"display_name":"admin","author_link":"https:\/\/aagy.de\/?author=1"},"uagb_comment_info":0,"uagb_excerpt":"Die Kultur-AG ist vor allem an die Kulturwoche, die in Kooperation mit der SMV durchgef\u00fchrt wird, gekoppelt. Hauptschwerpunkt dieser AG ist die Projektplanung von kulturellen Veranstaltungen an der Schule, beispielsweise [&hellip;]","jetpack_sharing_enabled":true,"_links":{"self":[{"href":"https:\/\/aagy.de\/index.php?rest_route=\/wp\/v2\/pages\/1537","targetHints":{"allow":["GET"]}}],"collection":[{"href":"https:\/\/aagy.de\/index.php?rest_route=\/wp\/v2\/pages"}],"about":[{"href":"https:\/\/aagy.de\/index.php?rest_route=\/wp\/v2\/types\/page"}],"author":[{"embeddable":true,"href":"https:\/\/aagy.de\/index.php?rest_route=\/wp\/v2\/users\/1"}],"replies":[{"embeddable":true,"href":"https:\/\/aagy.de\/index.php?rest_route=%2Fwp%2Fv2%2Fcomments&post=1537"}],"version-history":[{"count":12,"href":"https:\/\/aagy.de\/index.php?rest_route=\/wp\/v2\/pages\/1537\/revisions"}],"predecessor-version":[{"id":5594,"href":"https:\/\/aagy.de\/index.php?rest_route=\/wp\/v2\/pages\/1537\/revisions\/5594"}],"wp:attachment":[{"href":"https:\/\/aagy.de\/index.php?rest_route=%2Fwp%2Fv2%2Fmedia&parent=1537"}],"curies":[{"name":"wp","href":"https:\/\/api.w.org\/{rel}","templated":true}]}}