{"id":1188,"date":"2016-04-01T10:37:26","date_gmt":"2016-04-01T08:37:26","guid":{"rendered":"http:\/\/www.aagy.de\/wp\/?page_id=1188"},"modified":"2022-09-11T17:05:08","modified_gmt":"2022-09-11T15:05:08","slug":"office365","status":"publish","type":"page","link":"https:\/\/aagy.de\/?page_id=1188","title":{"rendered":"Microsoft 365"},"content":{"rendered":"<div style=\"text-align:justify\"><strong>Kostenlose Bezugsm\u00f6glichkeit von Microsoft 365 Lizenzen f\u00fcr Sch\u00fclerinnen und Sch\u00fcler des AAG<\/strong><\/p>\n<p>Liebe Sch\u00fclerinnen und Sch\u00fcler,<\/p>\n<p>die Zugangsdaten f\u00fcr euren Microsoft 365 Account erhaltet ihr im Sekretariat.<\/p>\n<p>Die Anleitung f\u00fcr den Zugang deines Microsoft 365 Accounts findest du <a href=\"https:\/\/www.aagy.de\/wp-content\/uploads\/2021\/01\/ANLEITUNG-OFFICE365-FUeR-SCHUeLER-1.pdf\">hier in schriftlicher Form<\/a> oder im Erkl\u00e4rsvideo der SMV:<br \/>\n<center><iframe loading=\"lazy\" width=\"560\" height=\"315\" src=\"https:\/\/www.youtube.com\/embed\/Pex9Cem8A5I\" title=\"YouTube video player\" frameborder=\"0\" allow=\"accelerometer; autoplay; clipboard-write; encrypted-media; gyroscope; picture-in-picture\" allowfullscreen=\"\"><\/iframe><\/center><br \/>\nAlle Informationen \u00fcber Teams in schriftlicher Form findest du hier:<\/p>\n<ul>\n<li><a href=\"https:\/\/www.aagy.de\/wp-content\/uploads\/2021\/01\/Anleitung-Erste-Schritte-Teams-Schueler.pdf\">die Anleitung f\u00fcr die ersten Schritte in Teams<\/a><\/li>\n<li><a href=\"https:\/\/www.aagy.de\/wp-content\/uploads\/2021\/01\/Anleitung-Zugang-zu-einer-Teamsbesprechung_Schueler.pdf\">die Anleitung f\u00fcr den Zugang zu einer Teams-Sitzung<\/a><\/li>\n<li><a href=\"https:\/\/www.aagy.de\/wp-content\/uploads\/2021\/02\/Regeln-fuer-MS-Teams-AAG.docx\">die Regeln die w\u00e4hrend einer Teams-Sitzung gelten<\/a><\/li>\n<\/ul>\n<p>&#8230; oder in den Erkl\u00e4rvideos der SMV:<br \/>\n<center><iframe loading=\"lazy\" width=\"560\" height=\"315\" src=\"https:\/\/www.youtube.com\/embed\/videoseries?list=PL3GU06DTv8fwSP4c4CEoTMaubGQLzDnQo\" title=\"YouTube video player\" frameborder=\"0\" allow=\"accelerometer; autoplay; clipboard-write; encrypted-media; gyroscope; picture-in-picture\" allowfullscreen=\"\"><\/iframe><\/center><\/div>\n","protected":false},"excerpt":{"rendered":"<p>Kostenlose Bezugsm\u00f6glichkeit von Microsoft 365 Lizenzen f\u00fcr Sch\u00fclerinnen und Sch\u00fcler des AAG Liebe Sch\u00fclerinnen und Sch\u00fcler, die Zugangsdaten f\u00fcr euren Microsoft 365 Account erhaltet ihr im Sekretariat. Die Anleitung f\u00fcr [&hellip;]<\/p>\n","protected":false},"author":4,"featured_media":0,"parent":82,"menu_order":0,"comment_status":"closed","ping_status":"closed","template":"","meta":{"_uag_custom_page_level_css":"","_EventAllDay":false,"_EventTimezone":"","_EventStartDate":"","_EventEndDate":"","_EventStartDateUTC":"","_EventEndDateUTC":"","_EventShowMap":false,"_EventShowMapLink":false,"_EventURL":"","_EventCost":"","_EventCostDescription":"","_EventCurrencySymbol":"","_EventCurrencyCode":"","_EventCurrencyPosition":"","_EventDateTimeSeparator":"","_EventTimeRangeSeparator":"","_EventOrganizerID":[],"_EventVenueID":[],"_OrganizerEmail":"","_OrganizerPhone":"","_OrganizerWebsite":"","_VenueAddress":"","_VenueCity":"","_VenueCountry":"","_VenueProvince":"","_VenueState":"","_VenueZip":"","_VenuePhone":"","_VenueURL":"","_VenueStateProvince":"","_VenueLat":"","_VenueLng":"","_VenueShowMap":false,"_VenueShowMapLink":false,"footnotes":""},"class_list":["post-1188","page","type-page","status-publish","hentry"],"blocksy_meta":{"styles_descriptor":{"styles":{"desktop":"","tablet":"","mobile":""},"google_fonts":[],"version":6}},"uagb_featured_image_src":{"full":false,"thumbnail":false,"medium":false,"medium_large":false,"large":false,"1536x1536":false,"2048x2048":false},"uagb_author_info":{"display_name":"Ko","author_link":"https:\/\/aagy.de\/?author=4"},"uagb_comment_info":0,"uagb_excerpt":"Kostenlose Bezugsm\u00f6glichkeit von Microsoft 365 Lizenzen f\u00fcr Sch\u00fclerinnen und Sch\u00fcler des AAG Liebe Sch\u00fclerinnen und Sch\u00fcler, die Zugangsdaten f\u00fcr euren Microsoft 365 Account erhaltet ihr im Sekretariat. Die Anleitung f\u00fcr [&hellip;]","jetpack_sharing_enabled":true,"_links":{"self":[{"href":"https:\/\/aagy.de\/index.php?rest_route=\/wp\/v2\/pages\/1188","targetHints":{"allow":["GET"]}}],"collection":[{"href":"https:\/\/aagy.de\/index.php?rest_route=\/wp\/v2\/pages"}],"about":[{"href":"https:\/\/aagy.de\/index.php?rest_route=\/wp\/v2\/types\/page"}],"author":[{"embeddable":true,"href":"https:\/\/aagy.de\/index.php?rest_route=\/wp\/v2\/users\/4"}],"replies":[{"embeddable":true,"href":"https:\/\/aagy.de\/index.php?rest_route=%2Fwp%2Fv2%2Fcomments&post=1188"}],"version-history":[{"count":13,"href":"https:\/\/aagy.de\/index.php?rest_route=\/wp\/v2\/pages\/1188\/revisions"}],"predecessor-version":[{"id":6372,"href":"https:\/\/aagy.de\/index.php?rest_route=\/wp\/v2\/pages\/1188\/revisions\/6372"}],"up":[{"embeddable":true,"href":"https:\/\/aagy.de\/index.php?rest_route=\/wp\/v2\/pages\/82"}],"wp:attachment":[{"href":"https:\/\/aagy.de\/index.php?rest_route=%2Fwp%2Fv2%2Fmedia&parent=1188"}],"curies":[{"name":"wp","href":"https:\/\/api.w.org\/{rel}","templated":true}]}}