{"id":1127,"date":"2016-03-12T15:40:19","date_gmt":"2016-03-12T14:40:19","guid":{"rendered":"http:\/\/www.aagy.de\/wp\/?page_id=1127"},"modified":"2025-12-07T09:17:57","modified_gmt":"2025-12-07T08:17:57","slug":"ferienplan-boennigheim-20162017","status":"publish","type":"page","link":"https:\/\/aagy.de\/?page_id=1127","title":{"rendered":"Ferienpl\u00e4ne B\u00f6nnigheim"},"content":{"rendered":"<p>Pl\u00e4ne zum Download:<\/p>\n<ul>\n<li><a href=\"https:\/\/aagy.de\/wp-content\/uploads\/2025\/01\/Ferienplan-25-26.pdf\"><strong>Schuljahr 2025\/26<\/strong><\/a><\/li>\n<li><strong><a href=\"https:\/\/aagy.de\/wp-content\/uploads\/2025\/12\/Ferienplan-2026_2027.pdf\">Schuljahr 2026\/27<\/a><\/strong><\/li>\n<\/ul>\n","protected":false},"excerpt":{"rendered":"<p>Pl\u00e4ne zum Download: Schuljahr 2025\/26 Schuljahr 2026\/27<\/p>\n","protected":false},"author":1,"featured_media":0,"parent":0,"menu_order":0,"comment_status":"closed","ping_status":"closed","template":"","meta":{"_uag_custom_page_level_css":"","_EventAllDay":false,"_EventTimezone":"","_EventStartDate":"","_EventEndDate":"","_EventStartDateUTC":"","_EventEndDateUTC":"","_EventShowMap":false,"_EventShowMapLink":false,"_EventURL":"","_EventCost":"","_EventCostDescription":"","_EventCurrencySymbol":"","_EventCurrencyCode":"","_EventCurrencyPosition":"","_EventDateTimeSeparator":"","_EventTimeRangeSeparator":"","_EventOrganizerID":[],"_EventVenueID":[],"_OrganizerEmail":"","_OrganizerPhone":"","_OrganizerWebsite":"","_VenueAddress":"","_VenueCity":"","_VenueCountry":"","_VenueProvince":"","_VenueState":"","_VenueZip":"","_VenuePhone":"","_VenueURL":"","_VenueStateProvince":"","_VenueLat":"","_VenueLng":"","_VenueShowMap":false,"_VenueShowMapLink":false,"footnotes":""},"class_list":["post-1127","page","type-page","status-publish","hentry"],"blocksy_meta":{"styles_descriptor":{"styles":{"desktop":"","tablet":"","mobile":""},"google_fonts":[],"version":6}},"uagb_featured_image_src":{"full":false,"thumbnail":false,"medium":false,"medium_large":false,"large":false,"1536x1536":false,"2048x2048":false},"uagb_author_info":{"display_name":"admin","author_link":"https:\/\/aagy.de\/?author=1"},"uagb_comment_info":0,"uagb_excerpt":"Pl\u00e4ne zum Download: Schuljahr 2025\/26 Schuljahr 2026\/27","jetpack_sharing_enabled":true,"_links":{"self":[{"href":"https:\/\/aagy.de\/index.php?rest_route=\/wp\/v2\/pages\/1127","targetHints":{"allow":["GET"]}}],"collection":[{"href":"https:\/\/aagy.de\/index.php?rest_route=\/wp\/v2\/pages"}],"about":[{"href":"https:\/\/aagy.de\/index.php?rest_route=\/wp\/v2\/types\/page"}],"author":[{"embeddable":true,"href":"https:\/\/aagy.de\/index.php?rest_route=\/wp\/v2\/users\/1"}],"replies":[{"embeddable":true,"href":"https:\/\/aagy.de\/index.php?rest_route=%2Fwp%2Fv2%2Fcomments&post=1127"}],"version-history":[{"count":23,"href":"https:\/\/aagy.de\/index.php?rest_route=\/wp\/v2\/pages\/1127\/revisions"}],"predecessor-version":[{"id":9427,"href":"https:\/\/aagy.de\/index.php?rest_route=\/wp\/v2\/pages\/1127\/revisions\/9427"}],"wp:attachment":[{"href":"https:\/\/aagy.de\/index.php?rest_route=%2Fwp%2Fv2%2Fmedia&parent=1127"}],"curies":[{"name":"wp","href":"https:\/\/api.w.org\/{rel}","templated":true}]}}