{"id":108,"date":"2015-09-23T14:21:20","date_gmt":"2015-09-23T12:21:20","guid":{"rendered":"http:\/\/129.143.231.234\/wp\/?page_id=108"},"modified":"2025-10-21T14:55:05","modified_gmt":"2025-10-21T12:55:05","slug":"foerderverein","status":"publish","type":"page","link":"https:\/\/aagy.de\/?page_id=108","title":{"rendered":"F\u00f6rderverein"},"content":{"rendered":"<ul style=\"list-style-type: square;\">\n<li><a href=\"https:\/\/www.boennigheim.de\/website\/de\/leben-arbeiten\/vereinsleben\/vereine\/foerderverein_afred_amann_gymnasium_und_sophie_la_roche_realschule_boennigheim\">Hier<\/a> gelangen Sie zu weiteren Informationen \u00fcber den F\u00f6rderverein.<\/li>\n<li>Die Beitrittserkl\u00e4rung finden Sie <a href=\"https:\/\/www.aagy.de\/wp-content\/uploads\/2021\/02\/FoeV-Rueckseite-scaled.jpg\">hier.<\/a><\/li>\n<\/ul>\n<p><a href=\"https:\/\/www.aagy.de\/wp-content\/uploads\/2021\/02\/FoeV-Vorderseite-scaled.jpg\"><img decoding=\"async\" src=\"https:\/\/www.aagy.de\/wp-content\/uploads\/2021\/02\/FoeV-Vorderseite-scaled.jpg\"><\/a><\/p>\n<p><a href=\"https:\/\/www.aagy.de\/wp-content\/uploads\/2021\/02\/FoeV-Rueckseite-scaled.jpg\"><img decoding=\"async\" src=\"https:\/\/www.aagy.de\/wp-content\/uploads\/2021\/02\/FoeV-Rueckseite-scaled.jpg\"><\/a><\/p>\n<hr>\n","protected":false},"excerpt":{"rendered":"<p>Hier gelangen Sie zu weiteren Informationen \u00fcber den F\u00f6rderverein. Die Beitrittserkl\u00e4rung finden Sie hier.<\/p>\n","protected":false},"author":1,"featured_media":0,"parent":0,"menu_order":0,"comment_status":"closed","ping_status":"closed","template":"","meta":{"_uag_custom_page_level_css":"","_EventAllDay":false,"_EventTimezone":"","_EventStartDate":"","_EventEndDate":"","_EventStartDateUTC":"","_EventEndDateUTC":"","_EventShowMap":false,"_EventShowMapLink":false,"_EventURL":"","_EventCost":"","_EventCostDescription":"","_EventCurrencySymbol":"","_EventCurrencyCode":"","_EventCurrencyPosition":"","_EventDateTimeSeparator":"","_EventTimeRangeSeparator":"","_EventOrganizerID":[],"_EventVenueID":[],"_OrganizerEmail":"","_OrganizerPhone":"","_OrganizerWebsite":"","_VenueAddress":"","_VenueCity":"","_VenueCountry":"","_VenueProvince":"","_VenueState":"","_VenueZip":"","_VenuePhone":"","_VenueURL":"","_VenueStateProvince":"","_VenueLat":"","_VenueLng":"","_VenueShowMap":false,"_VenueShowMapLink":false,"footnotes":""},"class_list":["post-108","page","type-page","status-publish","hentry"],"blocksy_meta":{"styles_descriptor":{"styles":{"desktop":"","tablet":"","mobile":""},"google_fonts":[],"version":6}},"uagb_featured_image_src":{"full":false,"thumbnail":false,"medium":false,"medium_large":false,"large":false,"1536x1536":false,"2048x2048":false},"uagb_author_info":{"display_name":"admin","author_link":"https:\/\/aagy.de\/?author=1"},"uagb_comment_info":0,"uagb_excerpt":"Hier gelangen Sie zu weiteren Informationen \u00fcber den F\u00f6rderverein. Die Beitrittserkl\u00e4rung finden Sie hier.","jetpack_sharing_enabled":true,"_links":{"self":[{"href":"https:\/\/aagy.de\/index.php?rest_route=\/wp\/v2\/pages\/108","targetHints":{"allow":["GET"]}}],"collection":[{"href":"https:\/\/aagy.de\/index.php?rest_route=\/wp\/v2\/pages"}],"about":[{"href":"https:\/\/aagy.de\/index.php?rest_route=\/wp\/v2\/types\/page"}],"author":[{"embeddable":true,"href":"https:\/\/aagy.de\/index.php?rest_route=\/wp\/v2\/users\/1"}],"replies":[{"embeddable":true,"href":"https:\/\/aagy.de\/index.php?rest_route=%2Fwp%2Fv2%2Fcomments&post=108"}],"version-history":[{"count":13,"href":"https:\/\/aagy.de\/index.php?rest_route=\/wp\/v2\/pages\/108\/revisions"}],"predecessor-version":[{"id":9296,"href":"https:\/\/aagy.de\/index.php?rest_route=\/wp\/v2\/pages\/108\/revisions\/9296"}],"wp:attachment":[{"href":"https:\/\/aagy.de\/index.php?rest_route=%2Fwp%2Fv2%2Fmedia&parent=108"}],"curies":[{"name":"wp","href":"https:\/\/api.w.org\/{rel}","templated":true}]}}