{"id":1066,"date":"2016-02-19T14:17:08","date_gmt":"2016-02-19T13:17:08","guid":{"rendered":"http:\/\/www.aagy.de\/wp\/?page_id=1066"},"modified":"2025-01-10T14:00:18","modified_gmt":"2025-01-10T13:00:18","slug":"newsletter","status":"publish","type":"page","link":"https:\/\/aagy.de\/?page_id=1066","title":{"rendered":"Newsletter und KM-Infos"},"content":{"rendered":"<div style=\"text-align: justify;\">\u00dcber den Newsletter werden Informationen, die das gesamte Schulleben betreffen und f\u00fcr alle Beteiligten (Sch\u00fcler, Eltern, Lehrer) von Interesse sind, kurz und knapp in unregelm\u00e4\u00dfigen Abst\u00e4nden kommuniziert.<strong>Um zu den Newsletter per Mail zu erhalten ist folgende Vorgehensweise notwendig:<\/strong><br \/>\nZur Anmeldung senden Sie bitte eine E-Mail an <a href=\"mailto:newsletter-on@aagy.de\">newsletter-on@aagy.de<\/a> (es ist weder Text noch ein Betreff notwendig). Sie bekommen KEINE Best\u00e4tigungsmail.<\/p>\n<p><strong>Wenn Sie den Newsletter abbestellen m\u00f6chten, senden Sie bitte eine E-Mail an <a href=\"mailto:newsletter-off@aagy.de\">newsletter-off@aagy.de<\/a><\/strong><br \/>\nAllgemeine Infos rund um das Thema &#8222;Schule&#8220; (schularten\u00fcbergreifende Themen, Unterricht, Leitlinien, Abitur, spezielle Elterninformationen, etc.) finden Sie auf der Seite des Kultusministeriums unter <a href=\"https:\/\/km-bw.de\/,Lde\/Startseite\/Service\/Publikationen\">km-bw.de<\/a> .<\/p>\n<\/div>\n","protected":false},"excerpt":{"rendered":"<p>\u00dcber den Newsletter werden Informationen, die das gesamte Schulleben betreffen und f\u00fcr alle Beteiligten (Sch\u00fcler, Eltern, Lehrer) von Interesse sind, kurz und knapp in unregelm\u00e4\u00dfigen Abst\u00e4nden kommuniziert.Um zu den Newsletter [&hellip;]<\/p>\n","protected":false},"author":1,"featured_media":0,"parent":0,"menu_order":0,"comment_status":"closed","ping_status":"closed","template":"","meta":{"_uag_custom_page_level_css":"","_EventAllDay":false,"_EventTimezone":"","_EventStartDate":"","_EventEndDate":"","_EventStartDateUTC":"","_EventEndDateUTC":"","_EventShowMap":false,"_EventShowMapLink":false,"_EventURL":"","_EventCost":"","_EventCostDescription":"","_EventCurrencySymbol":"","_EventCurrencyCode":"","_EventCurrencyPosition":"","_EventDateTimeSeparator":"","_EventTimeRangeSeparator":"","_EventOrganizerID":[],"_EventVenueID":[],"_OrganizerEmail":"","_OrganizerPhone":"","_OrganizerWebsite":"","_VenueAddress":"","_VenueCity":"","_VenueCountry":"","_VenueProvince":"","_VenueState":"","_VenueZip":"","_VenuePhone":"","_VenueURL":"","_VenueStateProvince":"","_VenueLat":"","_VenueLng":"","_VenueShowMap":false,"_VenueShowMapLink":false,"footnotes":""},"class_list":["post-1066","page","type-page","status-publish","hentry"],"blocksy_meta":{"styles_descriptor":{"styles":{"desktop":"","tablet":"","mobile":""},"google_fonts":[],"version":6}},"uagb_featured_image_src":{"full":false,"thumbnail":false,"medium":false,"medium_large":false,"large":false,"1536x1536":false,"2048x2048":false},"uagb_author_info":{"display_name":"admin","author_link":"https:\/\/aagy.de\/?author=1"},"uagb_comment_info":0,"uagb_excerpt":"\u00dcber den Newsletter werden Informationen, die das gesamte Schulleben betreffen und f\u00fcr alle Beteiligten (Sch\u00fcler, Eltern, Lehrer) von Interesse sind, kurz und knapp in unregelm\u00e4\u00dfigen Abst\u00e4nden kommuniziert.Um zu den Newsletter [&hellip;]","jetpack_sharing_enabled":true,"_links":{"self":[{"href":"https:\/\/aagy.de\/index.php?rest_route=\/wp\/v2\/pages\/1066","targetHints":{"allow":["GET"]}}],"collection":[{"href":"https:\/\/aagy.de\/index.php?rest_route=\/wp\/v2\/pages"}],"about":[{"href":"https:\/\/aagy.de\/index.php?rest_route=\/wp\/v2\/types\/page"}],"author":[{"embeddable":true,"href":"https:\/\/aagy.de\/index.php?rest_route=\/wp\/v2\/users\/1"}],"replies":[{"embeddable":true,"href":"https:\/\/aagy.de\/index.php?rest_route=%2Fwp%2Fv2%2Fcomments&post=1066"}],"version-history":[{"count":23,"href":"https:\/\/aagy.de\/index.php?rest_route=\/wp\/v2\/pages\/1066\/revisions"}],"predecessor-version":[{"id":8462,"href":"https:\/\/aagy.de\/index.php?rest_route=\/wp\/v2\/pages\/1066\/revisions\/8462"}],"wp:attachment":[{"href":"https:\/\/aagy.de\/index.php?rest_route=%2Fwp%2Fv2%2Fmedia&parent=1066"}],"curies":[{"name":"wp","href":"https:\/\/api.w.org\/{rel}","templated":true}]}}