{"id":100,"date":"2024-02-20T16:30:20","date_gmt":"2024-02-20T15:30:20","guid":{"rendered":"http:\/\/129.143.231.234\/wp\/?page_id=100"},"modified":"2026-03-12T20:35:36","modified_gmt":"2026-03-12T19:35:36","slug":"anmeldung-der-neuen-5er","status":"publish","type":"page","link":"https:\/\/aagy.de\/?page_id=100","title":{"rendered":"Anmeldung der neuen 5er"},"content":{"rendered":"<div style=\"text-align: justify;\">\n<h3>Online-Voranmeldung zur Aufnahme in Klasse 5 f\u00fcr das Schuljahr 2026\/27<\/h3>\n<div>Liebe Eltern,<\/p>\n<p>auch in diesem Jahr m\u00f6chten wir wieder die Option der digitalen Anmeldung erm\u00f6glichen: <a href=\"\"><span style=\"color: #3d5afe;\">Link zum Anmeldeformular<\/span><\/a><br \/>\n<small><em>Die obere Verlinkung zum Anmeldeformular wird <b>von 26.02.2026, 00:00 Uhr bis 12.03.2026, 12:30Uhr<\/b> f\u00fcr die Anmeldung freigeschaltet.<\/em><\/small><\/p>\n<p><strong>Was m\u00fcssen Sie tun?<\/strong><br \/>\nF\u00fcllen Sie das online Anmeldeformular vollst\u00e4ndig aus, schicken es ab und drucken dieses aus (f\u00fcr Ihre Unterlagen). Bei einer erfolgreichen Anmeldung erhalten Sie eine Best\u00e4tigungsmail. <\/p>\n<p><strong>Was brauchen wir noch?<\/strong><br \/>\nUm die Anmeldung abzuschlie\u00dfen bzw. verbindlich zu machen, m\u00fcssen Sie uns zwingend folgende Unterlagen per Post oder Briefkasteneinwurf (Nebeneingang \u2013 Zugang \u00fcber die Schulstra\u00dfe) vom <b>09.03.2026<\/b> bis sp\u00e4testens <b>12.03.2026, 12:30 Uhr<\/b> zukommen lassen:<\/p>\n<ol>\n<li><strong>Geburtsurkunde<\/strong> Ihres Kindes <em>(Kopie)<\/em><\/li>\n<li><strong>R\u00fcckmeldung an die Grundschule<\/strong> = Blatt 3 <em>(Original)<\/em><\/li>\n<li><strong>Empfehlung der Grundschule<\/strong> = Blatt 2 oder Blatt 1 <em>(Original)<\/em><br \/>\n<u>oder<\/u><br \/>\nInformation \u00fcber die in der zentralen Kompetenzmessung (Kompass 4) erzielten Ergebnisse <em>(Original)<\/em><br \/>\n<u>oder<\/u><br \/>\nDas Ergebnis des Potentialtests <em>(Original)<\/em><\/p>\n<li><strong>nachfolgend ausgef\u00fcllte Formulare, die Sie im Zuge der Online-Anmeldung finden:<\/strong><\/li>\n<ul>\n<li>Musik-Abfragebogen<\/li>\n<li>Datenschutzrechtliche Informationspflicht<\/li>\n<\/ul>\n<\/li>\n<\/ol>\n<p>Im Nachgang der Anmeldung bekommen Sie von uns postalisch die <strong>Best\u00e4tigung<\/strong> Ihrer Anmeldung zugesandt.<\/p>\n<p>Weitere Downloads zur Information:<br \/>\n<a href=\"https:\/\/www.aagy.de\/wp-content\/uploads\/2021\/01\/VwV-Datenschutz-Anlage-4-Betroffenenrechte-Merkblatt-1.pdf\">Datenschutz &#8211; Merkblatt Betroffenenrechte<\/a><\/p>\n<\/div>\n<\/div>\n","protected":false},"excerpt":{"rendered":"<p>Online-Voranmeldung zur Aufnahme in Klasse 5 f\u00fcr das Schuljahr 2026\/27 Liebe Eltern, auch in diesem Jahr m\u00f6chten wir wieder die Option der digitalen Anmeldung erm\u00f6glichen: Link zum Anmeldeformular Die obere [&hellip;]<\/p>\n","protected":false},"author":1,"featured_media":0,"parent":0,"menu_order":0,"comment_status":"closed","ping_status":"closed","template":"","meta":{"_uag_custom_page_level_css":"","_EventAllDay":false,"_EventTimezone":"","_EventStartDate":"","_EventEndDate":"","_EventStartDateUTC":"","_EventEndDateUTC":"","_EventShowMap":false,"_EventShowMapLink":false,"_EventURL":"","_EventCost":"","_EventCostDescription":"","_EventCurrencySymbol":"","_EventCurrencyCode":"","_EventCurrencyPosition":"","_EventDateTimeSeparator":"","_EventTimeRangeSeparator":"","_EventOrganizerID":[],"_EventVenueID":[],"_OrganizerEmail":"","_OrganizerPhone":"","_OrganizerWebsite":"","_VenueAddress":"","_VenueCity":"","_VenueCountry":"","_VenueProvince":"","_VenueState":"","_VenueZip":"","_VenuePhone":"","_VenueURL":"","_VenueStateProvince":"","_VenueLat":"","_VenueLng":"","_VenueShowMap":false,"_VenueShowMapLink":false,"footnotes":""},"class_list":["post-100","page","type-page","status-publish","hentry"],"blocksy_meta":{"styles_descriptor":{"styles":{"desktop":"","tablet":"","mobile":""},"google_fonts":[],"version":6}},"uagb_featured_image_src":{"full":false,"thumbnail":false,"medium":false,"medium_large":false,"large":false,"1536x1536":false,"2048x2048":false},"uagb_author_info":{"display_name":"admin","author_link":"https:\/\/aagy.de\/?author=1"},"uagb_comment_info":0,"uagb_excerpt":"Online-Voranmeldung zur Aufnahme in Klasse 5 f\u00fcr das Schuljahr 2026\/27 Liebe Eltern, auch in diesem Jahr m\u00f6chten wir wieder die Option der digitalen Anmeldung erm\u00f6glichen: Link zum Anmeldeformular Die obere [&hellip;]","jetpack_sharing_enabled":true,"_links":{"self":[{"href":"https:\/\/aagy.de\/index.php?rest_route=\/wp\/v2\/pages\/100","targetHints":{"allow":["GET"]}}],"collection":[{"href":"https:\/\/aagy.de\/index.php?rest_route=\/wp\/v2\/pages"}],"about":[{"href":"https:\/\/aagy.de\/index.php?rest_route=\/wp\/v2\/types\/page"}],"author":[{"embeddable":true,"href":"https:\/\/aagy.de\/index.php?rest_route=\/wp\/v2\/users\/1"}],"replies":[{"embeddable":true,"href":"https:\/\/aagy.de\/index.php?rest_route=%2Fwp%2Fv2%2Fcomments&post=100"}],"version-history":[{"count":86,"href":"https:\/\/aagy.de\/index.php?rest_route=\/wp\/v2\/pages\/100\/revisions"}],"predecessor-version":[{"id":9726,"href":"https:\/\/aagy.de\/index.php?rest_route=\/wp\/v2\/pages\/100\/revisions\/9726"}],"wp:attachment":[{"href":"https:\/\/aagy.de\/index.php?rest_route=%2Fwp%2Fv2%2Fmedia&parent=100"}],"curies":[{"name":"wp","href":"https:\/\/api.w.org\/{rel}","templated":true}]}}